{"id":5252,"date":"2023-09-20T16:48:35","date_gmt":"2023-09-20T14:48:35","guid":{"rendered":"https:\/\/agro-jardin-brico.com\/?post_type=product&#038;p=5252"},"modified":"2023-09-20T16:48:40","modified_gmt":"2023-09-20T14:48:40","slug":"trotec-iro-15","status":"publish","type":"product","link":"https:\/\/agro-jardin-brico.com\/?product=trotec-iro-15","title":{"rendered":"Trotec IRO 15"},"content":{"rendered":"<p><img loading=\"lazy\" decoding=\"async\" class=\"datasheet-cover-image\" src=\"https:\/\/cdn.idealo.com\/folder\/Product\/200795\/6\/200795675\/s4_produktbild_gross\/trotec-iro-15.jpg\" alt=\"Trotec IRO 15\" width=\"290\" height=\"241\" \/><\/p>\n<ul class=\"datasheet-list expanded\">\n<li>\n<ul>\n<li class=\"datasheet-listItem datasheet-listItem--properties \"><span class=\"datasheet-listItemKey small-6 larger-4 columns\">Types de produit<\/span><span class=\"datasheet-listItemValue small-6 larger-8 columns\">G\u00e9n\u00e9rateur d&#8217;air chaud, G\u00e9n\u00e9rateur d&#8217;air chaud au fioul<\/span><\/li>\n<li class=\"datasheet-listItem datasheet-listItem--properties \"><span class=\"datasheet-listItemKey small-6 larger-4 columns\">S\u00e9rie<\/span><span class=\"datasheet-listItemValue small-6 larger-8 columns\">Trotec IRO<\/span><\/li>\n<\/ul>\n<\/li>\n<li class=\"datasheet-listItem datasheet-listItem--group \">Puissance de chauffage<\/li>\n<li>\n<ul>\n<li class=\"datasheet-listItem datasheet-listItem--properties \"><span class=\"datasheet-listItemKey small-6 larger-4 columns\">Puissance de chauffe<\/span><span class=\"datasheet-listItemValue small-6 larger-8 columns\">20\u00a0000\u00a0W<\/span><\/li>\n<li class=\"datasheet-listItem datasheet-listItem--properties \"><span class=\"datasheet-listItemKey small-6 larger-4 columns\">Technologies de chauffe<\/span><span class=\"datasheet-listItemValue small-6 larger-8 columns\">Infrarouge, Air chaud<\/span><\/li>\n<\/ul>\n<\/li>\n<li class=\"datasheet-listItem datasheet-listItem--group \">Alimentation<\/li>\n<li>\n<ul>\n<li class=\"datasheet-listItem datasheet-listItem--properties \"><span class=\"datasheet-listItemKey small-6 larger-4 columns\">Source d&#8217;\u00e9nergie<\/span><span class=\"datasheet-listItemValue small-6 larger-8 columns\">Fioul, Diesel<\/span><\/li>\n<li class=\"datasheet-listItem datasheet-listItem--properties \"><span class=\"datasheet-listItemKey small-6 larger-4 columns\">Tension de fonctionnement<\/span><span class=\"datasheet-listItemValue small-6 larger-8 columns\">230\u00a0V<\/span><\/li>\n<\/ul>\n<\/li>\n<li class=\"datasheet-listItem datasheet-listItem--group \">Utilisation<\/li>\n<li>\n<ul>\n<li class=\"datasheet-listItem datasheet-listItem--properties \"><span class=\"datasheet-listItemKey small-6 larger-4 columns\">Utilisation<\/span><span class=\"datasheet-listItemValue small-6 larger-8 columns\">Ext\u00e9rieure et int\u00e9rieure<\/span><\/li>\n<\/ul>\n<\/li>\n<li class=\"datasheet-listItem datasheet-listItem--group \">Bo\u00eetier<\/li>\n<li>\n<ul>\n<li class=\"datasheet-listItem datasheet-listItem--properties \"><span class=\"datasheet-listItemKey small-6 larger-4 columns\">Mati\u00e8re<\/span><span class=\"datasheet-listItemValue small-6 larger-8 columns\">M\u00e9tal<\/span><\/li>\n<li class=\"datasheet-listItem datasheet-listItem--properties \"><span class=\"datasheet-listItemKey small-6 larger-4 columns\">Couleur<\/span><span class=\"datasheet-listItemValue small-6 larger-8 columns\">Noir<\/span><\/li>\n<\/ul>\n<\/li>\n<li class=\"datasheet-listItem datasheet-listItem--group \">S\u00e9curit\u00e9<\/li>\n<li>\n<ul>\n<li class=\"datasheet-listItem datasheet-listItem--properties \"><span class=\"datasheet-listItemKey small-6 larger-4 columns\">\u00c9quipements de s\u00e9curit\u00e9<\/span><span class=\"datasheet-listItemValue small-6 larger-8 columns\">Protection anti-surchauffe<\/span><\/li>\n<\/ul>\n<\/li>\n<li class=\"datasheet-listItem datasheet-listItem--group datasheet-listItem--collapsible\">Type &amp; \u00c9quipement<\/li>\n<li>\n<ul>\n<li class=\"datasheet-listItem datasheet-listItem--properties datasheet-listItem--collapsible\"><span class=\"datasheet-listItemKey small-6 larger-4 columns\">Type<\/span><span class=\"datasheet-listItemValue small-6 larger-8 columns\">Pose libre<\/span><\/li>\n<li class=\"datasheet-listItem datasheet-listItem--properties datasheet-listItem--collapsible\"><span class=\"datasheet-listItemKey small-6 larger-4 columns\">\u00c9quipements<\/span><span class=\"datasheet-listItemValue small-6 larger-8 columns\">Thermostat r\u00e9glable, Poign\u00e9e de transport, Support<\/span><\/li>\n<li class=\"datasheet-listItem datasheet-listItem--properties datasheet-listItem--collapsible\"><span class=\"datasheet-listItemKey small-6 larger-4 columns\">Fonctions<\/span><span class=\"datasheet-listItemValue small-6 larger-8 columns\">Fonction ventilation<\/span><\/li>\n<\/ul>\n<\/li>\n<li class=\"datasheet-listItem datasheet-listItem--group datasheet-listItem--collapsible\">Puissance acoustique<\/li>\n<li>\n<ul>\n<li class=\"datasheet-listItem datasheet-listItem--properties datasheet-listItem--collapsible\"><span class=\"datasheet-listItemKey small-6 larger-4 columns\">Niveau de pression acoustique max.<\/span><span class=\"datasheet-listItemValue small-6 larger-8 columns\">65\u00a0dB<\/span><\/li>\n<\/ul>\n<\/li>\n<li class=\"datasheet-listItem datasheet-listItem--group datasheet-listItem--collapsible\">Dimensions &amp; poids<\/li>\n<li>\n<ul>\n<li class=\"datasheet-listItem datasheet-listItem--properties datasheet-listItem--collapsible\"><span class=\"datasheet-listItemKey small-6 larger-4 columns\">Dimensions<\/span><span class=\"datasheet-listItemValue small-6 larger-8 columns\">63,5 x 34 x 57,5\u00a0cm<\/span><\/li>\n<li class=\"datasheet-listItem datasheet-listItem--properties datasheet-listItem--collapsible\"><span class=\"datasheet-listItemKey small-6 larger-4 columns\">Longueur de c\u00e2ble<\/span><span class=\"datasheet-listItemValue small-6 larger-8 columns\">1,1\u00a0m<\/span><\/li>\n<li class=\"datasheet-listItem datasheet-listItem--properties datasheet-listItem--collapsible\"><span class=\"datasheet-listItemKey small-6 larger-4 columns\">Poids<\/span><span class=\"datasheet-listItemValue small-6 larger-8 columns\">18\u00a0kg<\/span><\/li>\n<\/ul>\n<\/li>\n<li class=\"datasheet-listItem datasheet-listItem--group datasheet-listItem--collapsible\">Autres caract\u00e9ristiques<\/li>\n<li>\n<ul>\n<li class=\"datasheet-listItem datasheet-listItem--properties datasheet-listItem--collapsible\"><span class=\"datasheet-listItemKey small-6 larger-4 columns\">Indication<\/span><span class=\"datasheet-listItemValue small-6 larger-8 columns\">\u00c0 n&#8217;utiliser que dans des pi\u00e8ces bien a\u00e9r\u00e9es<\/span><\/li>\n<\/ul>\n<\/li>\n<\/ul>\n","protected":false},"excerpt":{"rendered":"<div class=\"small-12 collapse-both columns\">\n<div class=\"oopStage-productInfoTopItemWrapper\"><span class=\"oopStage-productInfoTopItem\"><a href=\"https:\/\/www.idealo.fr\/cat\/10932F1752305\/chauffages-d-exterieur.html\" rel=\"\">G\u00e9n\u00e9rateur d&#8217;air chaud<\/a>\u00a0<\/span>\u00a0<span class=\"oopStage-productInfoTopItem\">20\u00a0000\u00a0W\u00a0<\/span>\u00a0<span class=\"oopStage-productInfoTopItem\">Fioul\u00a0<\/span>\u00a0<span class=\"oopStage-productInfoTopItem\">Ext\u00e9rieure et int\u00e9rieure\u00a0<\/span>\u00a0<span class=\"oopStage-productInfoTopItem\">Pose libre\u00a0<\/span>\u00a0<span class=\"oopStage-productInfoTopItem\">18\u00a0kg\u00a0<\/span><\/div>\n<\/div>\n","protected":false},"featured_media":5279,"comment_status":"open","ping_status":"closed","template":"","meta":[],"product_cat":[440],"product_tag":[450],"class_list":{"0":"post-5252","1":"product","2":"type-product","3":"status-publish","4":"has-post-thumbnail","6":"product_cat-chauffage-dappoint","7":"product_tag-trotec-iro-15","9":"first","10":"instock","11":"sale","12":"shipping-taxable","13":"purchasable","14":"product-type-simple"},"_links":{"self":[{"href":"https:\/\/agro-jardin-brico.com\/index.php?rest_route=\/wp\/v2\/product\/5252","targetHints":{"allow":["GET"]}}],"collection":[{"href":"https:\/\/agro-jardin-brico.com\/index.php?rest_route=\/wp\/v2\/product"}],"about":[{"href":"https:\/\/agro-jardin-brico.com\/index.php?rest_route=\/wp\/v2\/types\/product"}],"replies":[{"embeddable":true,"href":"https:\/\/agro-jardin-brico.com\/index.php?rest_route=%2Fwp%2Fv2%2Fcomments&post=5252"}],"wp:featuredmedia":[{"embeddable":true,"href":"https:\/\/agro-jardin-brico.com\/index.php?rest_route=\/wp\/v2\/media\/5279"}],"wp:attachment":[{"href":"https:\/\/agro-jardin-brico.com\/index.php?rest_route=%2Fwp%2Fv2%2Fmedia&parent=5252"}],"wp:term":[{"taxonomy":"product_cat","embeddable":true,"href":"https:\/\/agro-jardin-brico.com\/index.php?rest_route=%2Fwp%2Fv2%2Fproduct_cat&post=5252"},{"taxonomy":"product_tag","embeddable":true,"href":"https:\/\/agro-jardin-brico.com\/index.php?rest_route=%2Fwp%2Fv2%2Fproduct_tag&post=5252"}],"curies":[{"name":"wp","href":"https:\/\/api.w.org\/{rel}","templated":true}]}}