{"id":5250,"date":"2023-09-20T16:48:35","date_gmt":"2023-09-20T14:48:35","guid":{"rendered":"https:\/\/agro-jardin-brico.com\/?post_type=product&#038;p=5250"},"modified":"2023-09-20T16:48:40","modified_gmt":"2023-09-20T14:48:40","slug":"sovelor-gp70ai","status":"publish","type":"product","link":"https:\/\/agro-jardin-brico.com\/?product=sovelor-gp70ai","title":{"rendered":"Sovelor GP70AI"},"content":{"rendered":"<p><img loading=\"lazy\" decoding=\"async\" class=\"datasheet-cover-image\" src=\"https:\/\/cdn.idealo.com\/folder\/Product\/200693\/2\/200693283\/s4_produktbild_gross\/sovelor-gp70ai.jpg\" alt=\"Sovelor GP70AI\" width=\"290\" height=\"241\" \/><\/p>\n<ul class=\"datasheet-list expanded\">\n<li>\n<ul>\n<li class=\"datasheet-listItem datasheet-listItem--properties \"><span class=\"datasheet-listItemKey small-6 larger-4 columns\">Types de produit<\/span><span class=\"datasheet-listItemValue small-6 larger-8 columns\">Canon \u00e0 air chaud, G\u00e9n\u00e9rateur d&#8217;air chaud au gaz, G\u00e9n\u00e9rateur d&#8217;air chaud<\/span><\/li>\n<\/ul>\n<\/li>\n<li class=\"datasheet-listItem datasheet-listItem--group \">Puissance de chauffage<\/li>\n<li>\n<ul>\n<li class=\"datasheet-listItem datasheet-listItem--properties \"><span class=\"datasheet-listItemKey small-6 larger-4 columns\">Puissance de chauffe<\/span><span class=\"datasheet-listItemValue small-6 larger-8 columns\">140\u00a0W<\/span><\/li>\n<li class=\"datasheet-listItem datasheet-listItem--properties \"><span class=\"datasheet-listItemKey small-6 larger-4 columns\">Plage de puissance<\/span><span class=\"datasheet-listItemValue small-6 larger-8 columns\">31 &#8211; 63\u00a0kW<\/span><\/li>\n<li class=\"datasheet-listItem datasheet-listItem--properties \"><span class=\"datasheet-listItemKey small-6 larger-4 columns\">D\u00e9bit d&#8217;air<\/span><span class=\"datasheet-listItemValue small-6 larger-8 columns\">1\u00a0950\u00a0m\u00b3\/h<\/span><\/li>\n<li class=\"datasheet-listItem datasheet-listItem--properties \"><span class=\"datasheet-listItemKey small-6 larger-4 columns\">Technologie de chauffe<\/span><span class=\"datasheet-listItemValue small-6 larger-8 columns\">Air chaud<\/span><\/li>\n<\/ul>\n<\/li>\n<li class=\"datasheet-listItem datasheet-listItem--group \">Alimentation<\/li>\n<li>\n<ul>\n<li class=\"datasheet-listItem datasheet-listItem--properties \"><span class=\"datasheet-listItemKey small-6 larger-4 columns\">Source d&#8217;\u00e9nergie<\/span><span class=\"datasheet-listItemValue small-6 larger-8 columns\">Propane<\/span><\/li>\n<li class=\"datasheet-listItem datasheet-listItem--properties \"><span class=\"datasheet-listItemKey small-6 larger-4 columns\">Consommation de gaz<\/span><span class=\"datasheet-listItemValue small-6 larger-8 columns\">4\u00a0g\/h<\/span><\/li>\n<\/ul>\n<\/li>\n<li class=\"datasheet-listItem datasheet-listItem--group \">Utilisation<\/li>\n<li>\n<ul>\n<li class=\"datasheet-listItem datasheet-listItem--properties \"><span class=\"datasheet-listItemKey small-6 larger-4 columns\">Utilisation<\/span><span class=\"datasheet-listItemValue small-6 larger-8 columns\">Seulement ext\u00e9rieur<\/span><\/li>\n<\/ul>\n<\/li>\n<li class=\"datasheet-listItem datasheet-listItem--group \">Bo\u00eetier<\/li>\n<li>\n<ul>\n<li class=\"datasheet-listItem datasheet-listItem--properties \"><span class=\"datasheet-listItemKey small-6 larger-4 columns\">Mati\u00e8re<\/span><span class=\"datasheet-listItemValue small-6 larger-8 columns\">Acier inoxidable<\/span><\/li>\n<li class=\"datasheet-listItem datasheet-listItem--properties \"><span class=\"datasheet-listItemKey small-6 larger-4 columns\">Caract\u00e9ristiques du bo\u00eetier<\/span><span class=\"datasheet-listItemValue small-6 larger-8 columns\">Anti-rouille<\/span><\/li>\n<\/ul>\n<\/li>\n<li class=\"datasheet-listItem datasheet-listItem--group \">S\u00e9curit\u00e9<\/li>\n<li>\n<ul>\n<li class=\"datasheet-listItem datasheet-listItem--properties datasheet-listItem--collapsible\"><span class=\"datasheet-listItemKey small-6 larger-4 columns\">\u00c9quipements de s\u00e9curit\u00e9<\/span><span class=\"datasheet-listItemValue small-6 larger-8 columns\">Protection anti-surchauffe, Contr\u00f4leur de flamme, Grille de protection<\/span><\/li>\n<\/ul>\n<\/li>\n<li class=\"datasheet-listItem datasheet-listItem--group datasheet-listItem--collapsible\">Type &amp; \u00c9quipement<\/li>\n<li>\n<ul>\n<li class=\"datasheet-listItem datasheet-listItem--properties datasheet-listItem--collapsible\"><span class=\"datasheet-listItemKey small-6 larger-4 columns\">Type<\/span><span class=\"datasheet-listItemValue small-6 larger-8 columns\">Pose libre<\/span><\/li>\n<li class=\"datasheet-listItem datasheet-listItem--properties datasheet-listItem--collapsible\"><span class=\"datasheet-listItemKey small-6 larger-4 columns\">\u00c9quipements<\/span><span class=\"datasheet-listItemValue small-6 larger-8 columns\">Tuyau de gaz, Roulettes, R\u00e9ducteur de pression, Allumage piezo<\/span><\/li>\n<li class=\"datasheet-listItem datasheet-listItem--properties datasheet-listItem--collapsible\"><span class=\"datasheet-listItemKey small-6 larger-4 columns\">Particularit\u00e9<\/span><span class=\"datasheet-listItemValue small-6 larger-8 columns\">Puissance de flamme r\u00e9glable<\/span><\/li>\n<\/ul>\n<\/li>\n<li class=\"datasheet-listItem datasheet-listItem--group datasheet-listItem--collapsible\">Dimensions &amp; poids<\/li>\n<li>\n<ul>\n<li class=\"datasheet-listItem datasheet-listItem--properties datasheet-listItem--collapsible\"><span class=\"datasheet-listItemKey small-6 larger-4 columns\">Dimensions<\/span><span class=\"datasheet-listItemValue small-6 larger-8 columns\">60,4 x 36,5 x 57\u00a0cm<\/span><\/li>\n<li class=\"datasheet-listItem datasheet-listItem--properties datasheet-listItem--collapsible\"><span class=\"datasheet-listItemKey small-6 larger-4 columns\">Poids<\/span><span class=\"datasheet-listItemValue small-6 larger-8 columns\">14\u00a0kg<\/span><\/li>\n<\/ul>\n<\/li>\n<\/ul>\n","protected":false},"excerpt":{"rendered":"<p><span class=\"oopStage-productInfoTopItem\">140\u00a0W\u00a0<\/span>\u00a0<span class=\"oopStage-productInfoTopItem\">Propane\u00a0<\/span>\u00a0<span class=\"oopStage-productInfoTopItem\">Seulement ext\u00e9rieur\u00a0<\/span>\u00a0<span class=\"oopStage-productInfoTopItem\">Pose libre\u00a0<\/span>\u00a0<span class=\"oopStage-productInfoTopItem\">14\u00a0kg<\/span><\/p>\n","protected":false},"featured_media":5277,"comment_status":"open","ping_status":"closed","template":"","meta":[],"product_cat":[440],"product_tag":[448],"class_list":{"0":"post-5250","1":"product","2":"type-product","3":"status-publish","4":"has-post-thumbnail","6":"product_cat-chauffage-dappoint","7":"product_tag-sovelor-gp70ai","9":"first","10":"instock","11":"sale","12":"shipping-taxable","13":"purchasable","14":"product-type-simple"},"_links":{"self":[{"href":"https:\/\/agro-jardin-brico.com\/index.php?rest_route=\/wp\/v2\/product\/5250","targetHints":{"allow":["GET"]}}],"collection":[{"href":"https:\/\/agro-jardin-brico.com\/index.php?rest_route=\/wp\/v2\/product"}],"about":[{"href":"https:\/\/agro-jardin-brico.com\/index.php?rest_route=\/wp\/v2\/types\/product"}],"replies":[{"embeddable":true,"href":"https:\/\/agro-jardin-brico.com\/index.php?rest_route=%2Fwp%2Fv2%2Fcomments&post=5250"}],"wp:featuredmedia":[{"embeddable":true,"href":"https:\/\/agro-jardin-brico.com\/index.php?rest_route=\/wp\/v2\/media\/5277"}],"wp:attachment":[{"href":"https:\/\/agro-jardin-brico.com\/index.php?rest_route=%2Fwp%2Fv2%2Fmedia&parent=5250"}],"wp:term":[{"taxonomy":"product_cat","embeddable":true,"href":"https:\/\/agro-jardin-brico.com\/index.php?rest_route=%2Fwp%2Fv2%2Fproduct_cat&post=5250"},{"taxonomy":"product_tag","embeddable":true,"href":"https:\/\/agro-jardin-brico.com\/index.php?rest_route=%2Fwp%2Fv2%2Fproduct_tag&post=5250"}],"curies":[{"name":"wp","href":"https:\/\/api.w.org\/{rel}","templated":true}]}}