{"id":5245,"date":"2023-09-20T16:48:34","date_gmt":"2023-09-20T14:48:34","guid":{"rendered":"https:\/\/agro-jardin-brico.com\/?post_type=product&#038;p=5245"},"modified":"2023-09-20T16:48:36","modified_gmt":"2023-09-20T14:48:36","slug":"radiateur-soufflant-rowenta-so2330f2-confort-compact-instant-2400-w","status":"publish","type":"product","link":"https:\/\/agro-jardin-brico.com\/?product=radiateur-soufflant-rowenta-so2330f2-confort-compact-instant-2400-w","title":{"rendered":"Radiateur Soufflant Rowenta SO2330F2 Confort Compact Instant 2400 W"},"content":{"rendered":"<h3>Poids et dimensions<\/h3>\n<div class=\"infos-caracteristiques\">\n<div class=\"col-4 title\">\n<h4>Poids<\/h4>\n<\/div>\n<div class=\"col-8 caracteristiques\">\n<p>1,7 kg<\/p>\n<\/div>\n<\/div>\n<div class=\"infos-caracteristiques\">\n<div class=\"col-4 title\">\n<h4>Hauteur<\/h4>\n<\/div>\n<div class=\"col-8 caracteristiques\">\n<p>270 mm<\/p>\n<\/div>\n<\/div>\n<h3>Caract\u00e9ristiques<\/h3>\n<div class=\"infos-caracteristiques\">\n<div class=\"col-4 title\">\n<h4>Bouton marche\/arr\u00eat int\u00e9gr\u00e9<\/h4>\n<\/div>\n<div class=\"col-8 caracteristiques\">\n<p>Oui<\/p>\n<\/div>\n<\/div>\n<div class=\"infos-caracteristiques\">\n<div class=\"col-4 title\">\n<h4>Type<\/h4>\n<\/div>\n<div class=\"col-8 caracteristiques\">\n<p>Chauffage de ventilateur \u00e9lectrique<\/p>\n<\/div>\n<\/div>\n<div class=\"infos-caracteristiques\">\n<div class=\"col-4 title\">\n<h4>Longueur du c\u00e2ble<\/h4>\n<\/div>\n<div class=\"col-8 caracteristiques\">\n<p>1,6 m<\/p>\n<\/div>\n<\/div>\n<div class=\"infos-caracteristiques\">\n<div class=\"col-4 title\">\n<h4>Protectio contre le gel<\/h4>\n<\/div>\n<div class=\"col-8 caracteristiques\">\n<p>Oui<\/p>\n<\/div>\n<\/div>\n<div class=\"infos-caracteristiques\">\n<div class=\"col-4 title\">\n<h4>Isolation<\/h4>\n<\/div>\n<div class=\"col-8 caracteristiques\">\n<p>Classe II<\/p>\n<\/div>\n<\/div>\n<div class=\"infos-caracteristiques\">\n<div class=\"col-4 title\">\n<h4>Double isolation<\/h4>\n<\/div>\n<div class=\"col-8 caracteristiques\">\n<p>Oui<\/p>\n<\/div>\n<\/div>\n<div class=\"infos-caracteristiques\">\n<div class=\"col-4 title\">\n<h4>Nombre de niveaux de puissance<\/h4>\n<\/div>\n<div class=\"col-8 caracteristiques\">\n<p>2<\/p>\n<\/div>\n<\/div>\n<div class=\"infos-caracteristiques\">\n<div class=\"col-4 title\">\n<h4>Arr\u00eat de s\u00e9curit\u00e9 en cas de surchauffe<\/h4>\n<\/div>\n<div class=\"col-8 caracteristiques\">\n<p>Oui<\/p>\n<\/div>\n<\/div>\n<h3>Design<\/h3>\n<div class=\"infos-caracteristiques\">\n<div class=\"col-4 title\">\n<h4>Couleur du produit<\/h4>\n<\/div>\n<div class=\"col-8 caracteristiques\">\n<p>Noir, Gris<\/p>\n<\/div>\n<\/div>\n<div class=\"infos-caracteristiques\">\n<div class=\"col-4 title\">\n<h4>Poign\u00e9e(s)<\/h4>\n<\/div>\n<div class=\"col-8 caracteristiques\">\n<p>Oui<\/p>\n<\/div>\n<\/div>\n<div class=\"infos-caracteristiques\">\n<div class=\"col-4 title\">\n<h4>Convient pour<\/h4>\n<\/div>\n<div class=\"col-8 caracteristiques\">\n<p>Int\u00e9rieure<\/p>\n<\/div>\n<\/div>\n<div class=\"infos-caracteristiques\">\n<div class=\"col-4 title\">\n<h4>Type de commande<\/h4>\n<\/div>\n<div class=\"col-8 caracteristiques\">\n<p>Rotatif<\/p>\n<\/div>\n<\/div>\n<div class=\"infos-caracteristiques\">\n<div class=\"col-4 title\">\n<h4>Stockage de cable<\/h4>\n<\/div>\n<div class=\"col-8 caracteristiques\">\n<p>Oui<\/p>\n<\/div>\n<\/div>\n<div class=\"infos-caracteristiques\">\n<div class=\"col-4 title\">\n<h4>Lumi\u00e8re d&#8217;indication<\/h4>\n<\/div>\n<div class=\"col-8 caracteristiques\">\n<p>Oui<\/p>\n<\/div>\n<\/div>\n<div class=\"infos-caracteristiques\">\n<div class=\"col-4 title\">\n<h4>Portable<\/h4>\n<\/div>\n<div class=\"col-8 caracteristiques\">\n<p>Oui<\/p>\n<\/div>\n<\/div>\n<h3>Donn\u00e9es logistiques<\/h3>\n<div class=\"infos-caracteristiques\">\n<div class=\"col-4 title\">\n<h4>Produits par palette<\/h4>\n<\/div>\n<div class=\"col-8 caracteristiques\">\n<p>48 pi\u00e8ce(s)<\/p>\n<\/div>\n<\/div>\n<div class=\"infos-caracteristiques\">\n<div class=\"col-4 title\">\n<h4>Produit par casier d\u2019exp\u00e9dition (interne)<\/h4>\n<\/div>\n<div class=\"col-8 caracteristiques\">\n<p>4 pi\u00e8ce(s)<\/p>\n<\/div>\n<\/div>\n<h3>repr\u00e9sentation \/ r\u00e9alisation<\/h3>\n<div class=\"infos-caracteristiques\">\n<div class=\"col-4 title\">\n<h4>Thermostat r\u00e9glable<\/h4>\n<\/div>\n<div class=\"col-8 caracteristiques\">\n<p>Oui<\/p>\n<\/div>\n<\/div>\n<div class=\"infos-caracteristiques\">\n<div class=\"col-4 title\">\n<h4>Puissance de chauffe<\/h4>\n<\/div>\n<div class=\"col-8 caracteristiques\">\n<p>2400 W<\/p>\n<\/div>\n<\/div>\n<div class=\"infos-caracteristiques\">\n<div class=\"col-4 title\">\n<h4>Appropri\u00e9 pour une salle jusqu&#8217;\u00e0<\/h4>\n<\/div>\n<div class=\"col-8 caracteristiques\">\n<p>30 m\u00b2<\/p>\n<\/div>\n<\/div>\n<div class=\"infos-caracteristiques\">\n<div class=\"col-4 title\">\n<h4>Niveau de bruit de ventilateur (max)<\/h4>\n<\/div>\n<div class=\"col-8 caracteristiques\">\n<p>44 dB<\/p>\n<\/div>\n<\/div>\n<div class=\"infos-caracteristiques\">\n<div class=\"col-4 title\">\n<h4>Puissance de chauffe (min)<\/h4>\n<\/div>\n<div class=\"col-8 caracteristiques\">\n<p>1200 W<\/p>\n<\/div>\n<\/div>\n<div class=\"infos-caracteristiques\">\n<div class=\"col-4 title\">\n<h4>Appropri\u00e9 pour du volume de salle jusqu&#8217;\u00e0<\/h4>\n<\/div>\n<div class=\"col-8 caracteristiques\">\n<p>75 m\u00b3<\/p>\n<\/div>\n<\/div>\n<h3>Autres caract\u00e9ristiques<\/h3>\n<div class=\"infos-caracteristiques\">\n<div class=\"col-4 title\">\n<h4>Montage mural<\/h4>\n<\/div>\n<div class=\"col-8 caracteristiques\">\n<p>Oui<\/p>\n<\/div>\n<\/div>\n<div class=\"infos-caracteristiques\">\n<div class=\"col-4 title\">\n<h4>Source de chaleur<\/h4>\n<\/div>\n<div class=\"col-8 caracteristiques\">\n<p>Electrique<\/p>\n<\/div>\n<\/div>\n","protected":false},"excerpt":{"rendered":"<div id=\"product-description-short\">Radiateur soufflant, 2400 W, 26 x 13 x 19.5 cm, 1,80 kg<\/div>\n<div id=\"product-description\" class=\"need-more open\">Rowenta Instant Comfort 2400. Type: Chauffage de ventilateur \u00e9lectrique, Isolation: Classe II, Longueur du c\u00e2ble: 1,6 m. Convient pour: Int\u00e9rieure, Couleur du produit: Noir, Gris, Type de commande: Rotatif. Puissance de chauffe: 2400 W, Puissance de chauffe (min): 1200 W, Appropri\u00e9 pour du volume de salle jusqu&#8217;\u00e0: 75 m\u00b3. Hauteur: 270 mm, Poids: 1,7 kg. Source de chaleur: Electrique<\/div>\n","protected":false},"featured_media":5263,"comment_status":"open","ping_status":"closed","template":"","meta":[],"product_cat":[440],"product_tag":[441,442],"class_list":{"0":"post-5245","1":"product","2":"type-product","3":"status-publish","4":"has-post-thumbnail","6":"product_cat-chauffage-dappoint","7":"product_tag-radiateur-soufflant-rowenta-so2330f2-confort","8":"product_tag-radiateur-soufflant-rowenta-so2330f2-confort-compact-instant-2400-w","10":"first","11":"instock","12":"sale","13":"shipping-taxable","14":"purchasable","15":"product-type-simple"},"_links":{"self":[{"href":"https:\/\/agro-jardin-brico.com\/index.php?rest_route=\/wp\/v2\/product\/5245","targetHints":{"allow":["GET"]}}],"collection":[{"href":"https:\/\/agro-jardin-brico.com\/index.php?rest_route=\/wp\/v2\/product"}],"about":[{"href":"https:\/\/agro-jardin-brico.com\/index.php?rest_route=\/wp\/v2\/types\/product"}],"replies":[{"embeddable":true,"href":"https:\/\/agro-jardin-brico.com\/index.php?rest_route=%2Fwp%2Fv2%2Fcomments&post=5245"}],"wp:featuredmedia":[{"embeddable":true,"href":"https:\/\/agro-jardin-brico.com\/index.php?rest_route=\/wp\/v2\/media\/5263"}],"wp:attachment":[{"href":"https:\/\/agro-jardin-brico.com\/index.php?rest_route=%2Fwp%2Fv2%2Fmedia&parent=5245"}],"wp:term":[{"taxonomy":"product_cat","embeddable":true,"href":"https:\/\/agro-jardin-brico.com\/index.php?rest_route=%2Fwp%2Fv2%2Fproduct_cat&post=5245"},{"taxonomy":"product_tag","embeddable":true,"href":"https:\/\/agro-jardin-brico.com\/index.php?rest_route=%2Fwp%2Fv2%2Fproduct_tag&post=5245"}],"curies":[{"name":"wp","href":"https:\/\/api.w.org\/{rel}","templated":true}]}}