{"id":5242,"date":"2023-09-20T16:48:34","date_gmt":"2023-09-20T14:48:34","guid":{"rendered":"https:\/\/agro-jardin-brico.com\/?post_type=product&#038;p=5242"},"modified":"2023-09-20T16:48:35","modified_gmt":"2023-09-20T14:48:35","slug":"thermor-ingenio-3","status":"publish","type":"product","link":"https:\/\/agro-jardin-brico.com\/?product=thermor-ingenio-3","title":{"rendered":"Thermor Ingenio 3"},"content":{"rendered":"<p><img loading=\"lazy\" decoding=\"async\" class=\"datasheet-cover-image\" src=\"https:\/\/cdn.idealo.com\/folder\/Product\/6411\/0\/6411016\/s4_produktbild_gross\/thermor-ingenio-3.jpg\" alt=\"Thermor Ingenio 3\" width=\"290\" height=\"241\" \/><\/p>\n<ul class=\"datasheet-list\">\n<li>\n<ul>\n<li class=\"datasheet-listItem datasheet-listItem--properties \"><span class=\"datasheet-listItemKey small-6 larger-4 columns\">Type de chauffage \u00e9lectrique<\/span><span class=\"datasheet-listItemValue small-6 larger-8 columns\">Radiateur \u00e0 inertie, Radiateur connect\u00e9<\/span><\/li>\n<li class=\"datasheet-listItem datasheet-listItem--properties \"><span class=\"datasheet-listItemKey small-6 larger-4 columns\">S\u00e9rie<\/span><span class=\"datasheet-listItemValue small-6 larger-8 columns\">Ingenio<\/span><\/li>\n<\/ul>\n<\/li>\n<li class=\"datasheet-listItem datasheet-listItem--group \">Montage &amp; Utilisation<\/li>\n<li>\n<ul>\n<li class=\"datasheet-listItem datasheet-listItem--properties \"><span class=\"datasheet-listItemKey small-6 larger-4 columns\">Fil pilote<\/span><span class=\"datasheet-listItemValue small-6 larger-8 columns\">6 ordres<\/span><\/li>\n<\/ul>\n<\/li>\n<li class=\"datasheet-listItem datasheet-listItem--group \">\u00c9quipement &amp; Fonctions<\/li>\n<li>\n<ul>\n<li class=\"datasheet-listItem datasheet-listItem--properties \"><span class=\"datasheet-listItemKey small-6 larger-4 columns\">\u00c9quipement<\/span><span class=\"datasheet-listItemValue small-6 larger-8 columns\">T\u00e9moin de fonctionnement<\/span><\/li>\n<li class=\"datasheet-listItem datasheet-listItem--properties \"><span class=\"datasheet-listItemKey small-6 larger-4 columns\">Fonctions<\/span><span class=\"datasheet-listItemValue small-6 larger-8 columns\">Confort, Eco, D\u00e9tecteur de fen\u00eatres ouvertes, Hors gel, Pilotage intelligent, D\u00e9tecteur de pr\u00e9sence, Auto programmation<\/span><\/li>\n<li class=\"datasheet-listItem datasheet-listItem--properties \"><span class=\"datasheet-listItemKey small-6 larger-4 columns\">Particularit\u00e9<\/span><span class=\"datasheet-listItemValue small-6 larger-8 columns\">Faible inertie thermique<\/span><\/li>\n<\/ul>\n<\/li>\n<li class=\"datasheet-listItem datasheet-listItem--group \">Domotique<\/li>\n<li>\n<ul>\n<li class=\"datasheet-listItem datasheet-listItem--properties \"><span class=\"datasheet-listItemKey small-6 larger-4 columns\">Commandes<\/span><span class=\"datasheet-listItemValue small-6 larger-8 columns\">Application, Touches sensitives<\/span><\/li>\n<\/ul>\n<\/li>\n<li class=\"datasheet-listItem datasheet-listItem--group \">Corps du radiateur<\/li>\n<li>\n<ul>\n<li class=\"datasheet-listItem datasheet-listItem--properties \"><span class=\"datasheet-listItemKey small-6 larger-4 columns\">Couleur<\/span><span class=\"datasheet-listItemValue small-6 larger-8 columns\">Blanc<\/span><\/li>\n<\/ul>\n<\/li>\n<li class=\"datasheet-listItem datasheet-listItem--group \">Autres caract\u00e9ristiques<\/li>\n<li>\n<ul>\n<li class=\"datasheet-listItem datasheet-listItem--properties \"><span class=\"datasheet-listItemKey small-6 larger-4 columns\">Origine<\/span><span class=\"datasheet-listItemValue small-6 larger-8 columns\">Fabriqu\u00e9 en France<\/span><\/li>\n<li class=\"datasheet-listItem datasheet-listItem--properties \"><span class=\"datasheet-listItemKey small-6 larger-4 columns\">Remarque<\/span><span class=\"datasheet-listItemValue small-6 larger-8 columns\">Application Cosytouch \/ \u00c0 associer au bridge Cosytouch (non fourni)<\/span><\/li>\n<\/ul>\n<\/li>\n<\/ul>\n","protected":false},"excerpt":{"rendered":"<p>Type de chauffage \u00e9lectriqueRadiateur \u00e0 inertie, Radiateur connect\u00e9 S\u00e9rieIngenio Montage &amp; Utilisation Fil pilote6 ordres \u00c9quipement &amp; Fonctions \u00c9quipementT\u00e9moin de fonctionnement FonctionsConfort, Eco, D\u00e9tecteur de fen\u00eatres ouvertes, Hors gel, Pilotage intelligent, D\u00e9tecteur de pr\u00e9sence, Auto programmation Particularit\u00e9Faible inertie thermique Domotique CommandesApplication, Touches sensitives Corps du radiateur CouleurBlanc Autres caract\u00e9ristiques OrigineFabriqu\u00e9 en France RemarqueApplication Cosytouch \/ [&hellip;]<\/p>\n","protected":false},"featured_media":5257,"comment_status":"open","ping_status":"closed","template":"","meta":[],"product_cat":[435],"product_tag":[437],"class_list":{"0":"post-5242","1":"product","2":"type-product","3":"status-publish","4":"has-post-thumbnail","6":"product_cat-chauffage-electrique","7":"product_tag-thermor-ingenio-3-horizontal-500-w-blanc","9":"first","10":"instock","11":"sale","12":"shipping-taxable","13":"purchasable","14":"product-type-simple"},"_links":{"self":[{"href":"https:\/\/agro-jardin-brico.com\/index.php?rest_route=\/wp\/v2\/product\/5242","targetHints":{"allow":["GET"]}}],"collection":[{"href":"https:\/\/agro-jardin-brico.com\/index.php?rest_route=\/wp\/v2\/product"}],"about":[{"href":"https:\/\/agro-jardin-brico.com\/index.php?rest_route=\/wp\/v2\/types\/product"}],"replies":[{"embeddable":true,"href":"https:\/\/agro-jardin-brico.com\/index.php?rest_route=%2Fwp%2Fv2%2Fcomments&post=5242"}],"wp:featuredmedia":[{"embeddable":true,"href":"https:\/\/agro-jardin-brico.com\/index.php?rest_route=\/wp\/v2\/media\/5257"}],"wp:attachment":[{"href":"https:\/\/agro-jardin-brico.com\/index.php?rest_route=%2Fwp%2Fv2%2Fmedia&parent=5242"}],"wp:term":[{"taxonomy":"product_cat","embeddable":true,"href":"https:\/\/agro-jardin-brico.com\/index.php?rest_route=%2Fwp%2Fv2%2Fproduct_cat&post=5242"},{"taxonomy":"product_tag","embeddable":true,"href":"https:\/\/agro-jardin-brico.com\/index.php?rest_route=%2Fwp%2Fv2%2Fproduct_tag&post=5242"}],"curies":[{"name":"wp","href":"https:\/\/api.w.org\/{rel}","templated":true}]}}