{"id":5241,"date":"2023-09-20T16:48:34","date_gmt":"2023-09-20T14:48:34","guid":{"rendered":"https:\/\/agro-jardin-brico.com\/?post_type=product&#038;p=5241"},"modified":"2023-09-20T16:48:35","modified_gmt":"2023-09-20T14:48:35","slug":"atlantic-divali","status":"publish","type":"product","link":"https:\/\/agro-jardin-brico.com\/?product=atlantic-divali","title":{"rendered":"Atlantic Divali"},"content":{"rendered":"<p><img loading=\"lazy\" decoding=\"async\" class=\"datasheet-cover-image\" src=\"https:\/\/cdn.idealo.com\/folder\/Product\/6426\/2\/6426246\/s4_produktbild_gross\/atlantic-divali.jpg\" alt=\"Atlantic Divali\" width=\"290\" height=\"241\" \/><\/p>\n<ul class=\"datasheet-list\">\n<li>\n<ul>\n<li class=\"datasheet-listItem datasheet-listItem--properties \"><span class=\"datasheet-listItemKey small-6 larger-4 columns\">Type de chauffage \u00e9lectrique<\/span><span class=\"datasheet-listItemValue small-6 larger-8 columns\">Radiateur connect\u00e9, Radiateur \u00e0 inertie<\/span><\/li>\n<li class=\"datasheet-listItem datasheet-listItem--properties \"><span class=\"datasheet-listItemKey small-6 larger-4 columns\">S\u00e9rie<\/span><span class=\"datasheet-listItemValue small-6 larger-8 columns\">Divali<\/span><\/li>\n<\/ul>\n<\/li>\n<li class=\"datasheet-listItem datasheet-listItem--group \">\u00c9quipement &amp; Fonctions<\/li>\n<li>\n<ul>\n<li class=\"datasheet-listItem datasheet-listItem--properties \"><span class=\"datasheet-listItemKey small-6 larger-4 columns\">Fonction<\/span><span class=\"datasheet-listItemValue small-6 larger-8 columns\">Automatique<\/span><\/li>\n<li class=\"datasheet-listItem datasheet-listItem--properties \"><span class=\"datasheet-listItemKey small-6 larger-4 columns\">Particularit\u00e9<\/span><span class=\"datasheet-listItemValue small-6 larger-8 columns\">Faible inertie thermique<\/span><\/li>\n<\/ul>\n<\/li>\n<li class=\"datasheet-listItem datasheet-listItem--group \">Domotique<\/li>\n<li>\n<ul>\n<li class=\"datasheet-listItem datasheet-listItem--properties \"><span class=\"datasheet-listItemKey small-6 larger-4 columns\">Commande<\/span><span class=\"datasheet-listItemValue small-6 larger-8 columns\">Application<\/span><\/li>\n<\/ul>\n<\/li>\n<li class=\"datasheet-listItem datasheet-listItem--group \">Autres caract\u00e9ristiques<\/li>\n<li>\n<ul>\n<li class=\"datasheet-listItem datasheet-listItem--properties \"><span class=\"datasheet-listItemKey small-6 larger-4 columns\">Origine<\/span><span class=\"datasheet-listItemValue small-6 larger-8 columns\">Fabriqu\u00e9 en France<\/span><\/li>\n<li class=\"datasheet-listItem datasheet-listItem--properties \"><span class=\"datasheet-listItemKey small-6 larger-4 columns\">Remarque<\/span><span class=\"datasheet-listItemValue small-6 larger-8 columns\">Application Cosytouch<\/span><\/li>\n<\/ul>\n<\/li>\n<\/ul>\n","protected":false},"excerpt":{"rendered":"<p>Type de chauffage \u00e9lectriqueRadiateur connect\u00e9, Radiateur \u00e0 inertie S\u00e9rieDivali \u00c9quipement &amp; Fonctions FonctionAutomatique Particularit\u00e9Faible inertie thermique Domotique CommandeApplication Autres caract\u00e9ristiques OrigineFabriqu\u00e9 en France RemarqueApplication Cosytouch<\/p>\n","protected":false},"featured_media":5256,"comment_status":"open","ping_status":"closed","template":"","meta":[],"product_cat":[435],"product_tag":[436],"class_list":{"0":"post-5241","1":"product","2":"type-product","3":"status-publish","4":"has-post-thumbnail","6":"product_cat-chauffage-electrique","7":"product_tag-atlantic-divali","9":"first","10":"instock","11":"sale","12":"shipping-taxable","13":"purchasable","14":"product-type-simple"},"_links":{"self":[{"href":"https:\/\/agro-jardin-brico.com\/index.php?rest_route=\/wp\/v2\/product\/5241","targetHints":{"allow":["GET"]}}],"collection":[{"href":"https:\/\/agro-jardin-brico.com\/index.php?rest_route=\/wp\/v2\/product"}],"about":[{"href":"https:\/\/agro-jardin-brico.com\/index.php?rest_route=\/wp\/v2\/types\/product"}],"replies":[{"embeddable":true,"href":"https:\/\/agro-jardin-brico.com\/index.php?rest_route=%2Fwp%2Fv2%2Fcomments&post=5241"}],"wp:featuredmedia":[{"embeddable":true,"href":"https:\/\/agro-jardin-brico.com\/index.php?rest_route=\/wp\/v2\/media\/5256"}],"wp:attachment":[{"href":"https:\/\/agro-jardin-brico.com\/index.php?rest_route=%2Fwp%2Fv2%2Fmedia&parent=5241"}],"wp:term":[{"taxonomy":"product_cat","embeddable":true,"href":"https:\/\/agro-jardin-brico.com\/index.php?rest_route=%2Fwp%2Fv2%2Fproduct_cat&post=5241"},{"taxonomy":"product_tag","embeddable":true,"href":"https:\/\/agro-jardin-brico.com\/index.php?rest_route=%2Fwp%2Fv2%2Fproduct_tag&post=5241"}],"curies":[{"name":"wp","href":"https:\/\/api.w.org\/{rel}","templated":true}]}}