{"id":5187,"date":"2023-09-20T16:48:14","date_gmt":"2023-09-20T14:48:14","guid":{"rendered":"https:\/\/agro-jardin-brico.com\/?post_type=product&#038;p=5187"},"modified":"2023-09-20T22:10:32","modified_gmt":"2023-09-20T20:10:32","slug":"cuisiniere-a-bois-8kw-850-glas-blanc-gauche-plamen","status":"publish","type":"product","link":"https:\/\/agro-jardin-brico.com\/?product=cuisiniere-a-bois-8kw-850-glas-blanc-gauche-plamen","title":{"rendered":"Cuisini\u00e8re \u00c0 Bois 8Kw 850 Glas Blanc Gauche \u2013 Plamen"},"content":{"rendered":"<div class=\"electro-description clearfix\">\n<p>Dimensions (LxHxP) : 845 x 838 x 594 mm<\/p>\n<p>Puissance nominale : 8 kW<\/p>\n<p>Puissance maximale : 11 kW<\/p>\n<p>Poids net : 121 kilogrammes<\/p>\n<p>Volume chauff\u00e9 : 160 m 3<\/p>\n<p>Sortie des fum\u00e9es gauche ou droite : \u00d8 120 mm<\/p>\n<p>Dimensions de l\u2019ouverture du foyer (LxH) : 180 x 165 mm<\/p>\n<p>Dimensions du foyer (LxHxP), b\u00fbches de 40 cm : 250 x 300 x 470 mm<\/p>\n<p>Dimensions du four (HxLxP) : 400 x 300 x 450 mm<\/p>\n<p>Rendement : 83.7%<\/p>\n<p>Norme : EN 12815<\/p>\n<p>Label \u00e9nerg\u00e9tique : A +<\/p>\n<p>R\u00e8glement UE 2015\/1185, \u00e9ligible \u00e0 ma prime r\u00e9nov : eco design<\/p>\n<p>La cuisin\u00e8re bois\u00a0Plamen 850 Glas\u00a0est construite en fonte grise \u00e9maill\u00e9e notamment pour la chambre de combustion et la plaque de cuisson dans son int\u00e9gralit\u00e9. Ses deux portes sont \u00e9galement en fonte \u00e9maill\u00e9e. Ce qui lui procure une cuisson avec une mont\u00e9e en temp\u00e9rature progressive et une chaleur douce.<\/p>\n<p>Son habillage en acier est int\u00e9gralement \u00e9maill\u00e9 ce qui lui procure une finition professionnelle et une durabilit\u00e9 \u00e0 toute \u00e9preuve.<\/p>\n<\/div>\n","protected":false},"excerpt":{"rendered":"<p>Dimensions (LxHxP) : 845 x 838 x 594 mm Puissance nominale : 8 kW Puissance maximale : 11 kW Poids net : 121 kilogrammes Volume chauff\u00e9 : 160 m 3 Sortie des fum\u00e9es gauche ou droite : \u00d8 120 mm Dimensions de l\u2019ouverture du foyer (LxH) : 180 x 165 mm Dimensions du foyer (LxHxP), [&hellip;]<\/p>\n","protected":false},"featured_media":5224,"comment_status":"open","ping_status":"closed","template":"","meta":[],"product_cat":[366,361,413],"product_tag":[416],"class_list":{"0":"post-5187","1":"product","2":"type-product","3":"status-publish","4":"has-post-thumbnail","6":"product_cat-autres","7":"product_cat-combustibles","8":"product_cat-poele-et-cheminee","9":"product_tag-cuisiniere-a-bois-8kw-850-glas-blanc-gauche-plamen","11":"first","12":"instock","13":"shipping-taxable","14":"purchasable","15":"product-type-simple"},"_links":{"self":[{"href":"https:\/\/agro-jardin-brico.com\/index.php?rest_route=\/wp\/v2\/product\/5187","targetHints":{"allow":["GET"]}}],"collection":[{"href":"https:\/\/agro-jardin-brico.com\/index.php?rest_route=\/wp\/v2\/product"}],"about":[{"href":"https:\/\/agro-jardin-brico.com\/index.php?rest_route=\/wp\/v2\/types\/product"}],"replies":[{"embeddable":true,"href":"https:\/\/agro-jardin-brico.com\/index.php?rest_route=%2Fwp%2Fv2%2Fcomments&post=5187"}],"wp:featuredmedia":[{"embeddable":true,"href":"https:\/\/agro-jardin-brico.com\/index.php?rest_route=\/wp\/v2\/media\/5224"}],"wp:attachment":[{"href":"https:\/\/agro-jardin-brico.com\/index.php?rest_route=%2Fwp%2Fv2%2Fmedia&parent=5187"}],"wp:term":[{"taxonomy":"product_cat","embeddable":true,"href":"https:\/\/agro-jardin-brico.com\/index.php?rest_route=%2Fwp%2Fv2%2Fproduct_cat&post=5187"},{"taxonomy":"product_tag","embeddable":true,"href":"https:\/\/agro-jardin-brico.com\/index.php?rest_route=%2Fwp%2Fv2%2Fproduct_tag&post=5187"}],"curies":[{"name":"wp","href":"https:\/\/api.w.org\/{rel}","templated":true}]}}