{"id":5186,"date":"2023-09-20T16:48:13","date_gmt":"2023-09-20T14:48:13","guid":{"rendered":"https:\/\/agro-jardin-brico.com\/?post_type=product&#038;p=5186"},"modified":"2023-09-20T16:48:25","modified_gmt":"2023-09-20T14:48:25","slug":"poele-a-bois-godin-brulhaut-364105-porte-peinte-rubis","status":"publish","type":"product","link":"https:\/\/agro-jardin-brico.com\/?product=poele-a-bois-godin-brulhaut-364105-porte-peinte-rubis","title":{"rendered":"PO\u00caLE \u00c0 BOIS GODIN BR\u00dbLHAUT 364105 PORTE PEINTE RUBIS"},"content":{"rendered":"<p>Puissance 14 kW<br \/>\nporte plate<br \/>\nVolume corrig\u00e9 chauff\u00e9 200 \u00e0 500 m\u00b3<br \/>\nr\u00e9gulation thermostatique<br \/>\nPassage d\u2019air en haut de la vitre<br \/>\nCombustibles : b\u00fbche de 50 cm<br \/>\nchargement avant<br \/>\nhabillage acier<br \/>\nfoyer tout fonte<br \/>\nDistance du sol au-dessus de la buse de d\u00e9part arri\u00e8re : 132.5cm<br \/>\nD\u00e9part des fum\u00e9es dessus ou arri\u00e8re<br \/>\nBuse de d\u00e9part \u00d8 180 mm int, \u00d8 200 mm ext<\/p>\n<p>Dimensions HxLxP 150x86x51.5 cm<br \/>\nVisibilit\u00e9 porte plate LxH 45.5\u00d755.5 cm<br \/>\nPoids 215 Kg<\/p>\n<p>Po\u00eale \u00e0 bois Br\u00fblhaut \u2013 Habillage acier peint anthracite avec flancs \u00e9maill\u00e9s rubis \u2013 Chauffe-plat \u2013 Corps de chauffe en fonte \u2013 R\u00e9gulation thermostatique \u2013 Raccordement arri\u00e8re et dessus \u00d8 180 mm \u2013 Mod\u00e8le pr\u00e9sent\u00e9 avec porte four vitr\u00e9e + socle (en options).<\/p>\n","protected":false},"excerpt":{"rendered":"<p>Puissance 14 kW porte plate Volume corrig\u00e9 chauff\u00e9 200 \u00e0 500 m\u00b3 r\u00e9gulation thermostatique Passage d\u2019air en haut de la vitre Combustibles : b\u00fbche de 50 cm chargement avant habillage acier foyer tout fonte Distance du sol au-dessus de la buse de d\u00e9part arri\u00e8re : 132.5cm D\u00e9part des fum\u00e9es dessus ou arri\u00e8re Buse de d\u00e9part [&hellip;]<\/p>\n","protected":false},"featured_media":5223,"comment_status":"open","ping_status":"closed","template":"","meta":[],"product_cat":[413],"product_tag":[415],"class_list":{"0":"post-5186","1":"product","2":"type-product","3":"status-publish","4":"has-post-thumbnail","6":"product_cat-poele-et-cheminee","7":"product_tag-poele-a-bois-godin-brulhaut-364105-porte-peinte-rubis","9":"first","10":"instock","11":"sale","12":"shipping-taxable","13":"purchasable","14":"product-type-simple"},"_links":{"self":[{"href":"https:\/\/agro-jardin-brico.com\/index.php?rest_route=\/wp\/v2\/product\/5186","targetHints":{"allow":["GET"]}}],"collection":[{"href":"https:\/\/agro-jardin-brico.com\/index.php?rest_route=\/wp\/v2\/product"}],"about":[{"href":"https:\/\/agro-jardin-brico.com\/index.php?rest_route=\/wp\/v2\/types\/product"}],"replies":[{"embeddable":true,"href":"https:\/\/agro-jardin-brico.com\/index.php?rest_route=%2Fwp%2Fv2%2Fcomments&post=5186"}],"wp:featuredmedia":[{"embeddable":true,"href":"https:\/\/agro-jardin-brico.com\/index.php?rest_route=\/wp\/v2\/media\/5223"}],"wp:attachment":[{"href":"https:\/\/agro-jardin-brico.com\/index.php?rest_route=%2Fwp%2Fv2%2Fmedia&parent=5186"}],"wp:term":[{"taxonomy":"product_cat","embeddable":true,"href":"https:\/\/agro-jardin-brico.com\/index.php?rest_route=%2Fwp%2Fv2%2Fproduct_cat&post=5186"},{"taxonomy":"product_tag","embeddable":true,"href":"https:\/\/agro-jardin-brico.com\/index.php?rest_route=%2Fwp%2Fv2%2Fproduct_tag&post=5186"}],"curies":[{"name":"wp","href":"https:\/\/api.w.org\/{rel}","templated":true}]}}