{"id":5185,"date":"2023-09-20T16:48:13","date_gmt":"2023-09-20T14:48:13","guid":{"rendered":"https:\/\/agro-jardin-brico.com\/?post_type=product&#038;p=5185"},"modified":"2023-09-20T16:48:25","modified_gmt":"2023-09-20T14:48:25","slug":"cheminee-murale-contura-6kw","status":"publish","type":"product","link":"https:\/\/agro-jardin-brico.com\/?product=cheminee-murale-contura-6kw","title":{"rendered":"Chemin\u00e9e Murale Contura 6kw"},"content":{"rendered":"<p>Hauteur (mm) 1570<br \/>\nLargeur (mm) 5Hauteur (mm) 1570<br \/>\nLargeur (mm) 590<br \/>\nProfondeur (mm) 500<br \/>\nPoids net (kg) 320<br \/>\nClasse d\u2019efficacit\u00e9 \u00e9nerg\u00e9tique du syst\u00e8me chauffage A+<br \/>\nSurface \u00e0 chauffer maximum (m\u00b2) 150<br \/>\nPuissance (kW) 6<br \/>\nRendement (%) 81<\/p>\n<p>La pierre ollaire accumule naturellement la chaleur et son veinage aux maintes variations rend chaque po\u00eale \u00e0 bois unique. Le r\u00e9sultat est un po\u00eale \u00e0 bois raffin\u00e9 que vous avez personnalis\u00e9.<br \/>\nVISIBILIT\u00c9 DU FEU: Vitre frontale et grandes vitres sur les c\u00f4t\u00e9s<br \/>\nCHAUFFE: 150 m\u00b2<br \/>\nPUISSANCE: 6 kW Poids net (kg) 320<br \/>\nClasse d\u2019efficacit\u00e9 \u00e9nerg\u00e9tique du syst\u00e8me chauffage A+<br \/>\nSurface \u00e0 chauffer maximum (m\u00b2) 150<br \/>\nPuissance (kW) 6<br \/>\nRendement (%) 81<\/p>\n<p>La pierre ollaire accumule naturellement la chaleur et son veinage aux maintes variations rend chaque po\u00eale \u00e0 bois unique. Le r\u00e9sultat est un po\u00eale \u00e0 bois raffin\u00e9 que vous avez personnalis\u00e9.<br \/>\nVISIBILIT\u00c9 DU FEU: Vitre frontale et grandes vitres sur les c\u00f4t\u00e9s<br \/>\nCHAUFFE: 150 m\u00b2<br \/>\nPUISSANCE: 6 kW<\/p>\n","protected":false},"excerpt":{"rendered":"<p>Hauteur (mm) 1570 Largeur (mm) 5Hauteur (mm) 1570 Largeur (mm) 590 Profondeur (mm) 500 Poids net (kg) 320 Classe d\u2019efficacit\u00e9 \u00e9nerg\u00e9tique du syst\u00e8me chauffage A+ Surface \u00e0 chauffer maximum (m\u00b2) 150 Puissance (kW) 6 Rendement (%) 81 La pierre ollaire accumule naturellement la chaleur et son veinage aux maintes variations rend chaque po\u00eale \u00e0 bois [&hellip;]<\/p>\n","protected":false},"featured_media":5222,"comment_status":"open","ping_status":"closed","template":"","meta":[],"product_cat":[413],"product_tag":[414],"class_list":{"0":"post-5185","1":"product","2":"type-product","3":"status-publish","4":"has-post-thumbnail","6":"product_cat-poele-et-cheminee","7":"product_tag-cheminee-murale-contura-6kw","9":"first","10":"instock","11":"sale","12":"shipping-taxable","13":"purchasable","14":"product-type-simple"},"_links":{"self":[{"href":"https:\/\/agro-jardin-brico.com\/index.php?rest_route=\/wp\/v2\/product\/5185","targetHints":{"allow":["GET"]}}],"collection":[{"href":"https:\/\/agro-jardin-brico.com\/index.php?rest_route=\/wp\/v2\/product"}],"about":[{"href":"https:\/\/agro-jardin-brico.com\/index.php?rest_route=\/wp\/v2\/types\/product"}],"replies":[{"embeddable":true,"href":"https:\/\/agro-jardin-brico.com\/index.php?rest_route=%2Fwp%2Fv2%2Fcomments&post=5185"}],"wp:featuredmedia":[{"embeddable":true,"href":"https:\/\/agro-jardin-brico.com\/index.php?rest_route=\/wp\/v2\/media\/5222"}],"wp:attachment":[{"href":"https:\/\/agro-jardin-brico.com\/index.php?rest_route=%2Fwp%2Fv2%2Fmedia&parent=5185"}],"wp:term":[{"taxonomy":"product_cat","embeddable":true,"href":"https:\/\/agro-jardin-brico.com\/index.php?rest_route=%2Fwp%2Fv2%2Fproduct_cat&post=5185"},{"taxonomy":"product_tag","embeddable":true,"href":"https:\/\/agro-jardin-brico.com\/index.php?rest_route=%2Fwp%2Fv2%2Fproduct_tag&post=5185"}],"curies":[{"name":"wp","href":"https:\/\/api.w.org\/{rel}","templated":true}]}}