{"id":5178,"date":"2023-09-20T16:48:13","date_gmt":"2023-09-20T14:48:13","guid":{"rendered":"https:\/\/agro-jardin-brico.com\/?post_type=product&#038;p=5178"},"modified":"2023-09-20T16:48:20","modified_gmt":"2023-09-20T14:48:20","slug":"palette-de-65-sacs-de-15-kg","status":"publish","type":"product","link":"https:\/\/agro-jardin-brico.com\/?product=palette-de-65-sacs-de-15-kg","title":{"rendered":"Palette de 65 sacs de 15 kg"},"content":{"rendered":"<div class=\"electro-description clearfix\">\n<p>Le pellet HELIOS a une qualit\u00e9 sup\u00e9rieure aux pellets que vous trouverez en grande surface, bien connu chez nous depuis plus de 10 ans.<\/p>\n<p>Gr\u00e2ce \u00e0 son sac transparent, vous constaterez rapidement le taux de poussi\u00e8res (&lt; 0,5 %) et la couleur tr\u00e8s claire de ses granul\u00e9s.<\/p>\n<p>Son pouvoir calorifique sup\u00e9rieur \u00e0 4,7 kWh\/kg, fait de lui un produit universel \u00e0 prix attractif.<\/p>\n<p>Ce pellet est id\u00e9al pour les po\u00eales, inserts et chaudi\u00e8res \u00e0 granul\u00e9s de bois.<\/p>\n<p>Nous commercialisons ce pellet depuis plus de 10 ans et nos clients en sont parfaitement satisfaits, l\u2019essayer c\u2019est l\u2019adopter.<\/p>\n<p>Concernant le lieu de stockage des pellets, il doit \u00eatre sec et temp\u00e9r\u00e9.<\/p>\n<p>Les sacs doivent \u00eatre sur\u00e9lev\u00e9s du sol par une palette et d\u00e9coll\u00e9s des murs. Ils ne doivent en aucun cas \u00eatre en contact avec l\u2019humidit\u00e9, sous peine de devenir inutilisables.<\/p>\n<\/div>\n","protected":false},"excerpt":{"rendered":"<ul>\n<li>Les pellets de bois HELIOS sont certifi\u00e9s DIN Plus (Norme Allemande) et EN Plus A1 (Norme Europ\u00e9enne) et sont 100% r\u00e9sineux.Fabriqu\u00e9s en Belgique.<\/li>\n<\/ul>\n","protected":false},"featured_media":5211,"comment_status":"open","ping_status":"closed","template":"","meta":[],"product_cat":[377],"product_tag":[391,400],"class_list":{"0":"post-5178","1":"product","2":"type-product","3":"status-publish","4":"has-post-thumbnail","6":"product_cat-les-granules-de-bois","7":"product_tag-palette-de-65-sacs-de-15-kg","8":"product_tag-palette-de-65-sacs-de-15-kg-helios","10":"first","11":"instock","12":"sale","13":"shipping-taxable","14":"purchasable","15":"product-type-simple"},"_links":{"self":[{"href":"https:\/\/agro-jardin-brico.com\/index.php?rest_route=\/wp\/v2\/product\/5178","targetHints":{"allow":["GET"]}}],"collection":[{"href":"https:\/\/agro-jardin-brico.com\/index.php?rest_route=\/wp\/v2\/product"}],"about":[{"href":"https:\/\/agro-jardin-brico.com\/index.php?rest_route=\/wp\/v2\/types\/product"}],"replies":[{"embeddable":true,"href":"https:\/\/agro-jardin-brico.com\/index.php?rest_route=%2Fwp%2Fv2%2Fcomments&post=5178"}],"wp:featuredmedia":[{"embeddable":true,"href":"https:\/\/agro-jardin-brico.com\/index.php?rest_route=\/wp\/v2\/media\/5211"}],"wp:attachment":[{"href":"https:\/\/agro-jardin-brico.com\/index.php?rest_route=%2Fwp%2Fv2%2Fmedia&parent=5178"}],"wp:term":[{"taxonomy":"product_cat","embeddable":true,"href":"https:\/\/agro-jardin-brico.com\/index.php?rest_route=%2Fwp%2Fv2%2Fproduct_cat&post=5178"},{"taxonomy":"product_tag","embeddable":true,"href":"https:\/\/agro-jardin-brico.com\/index.php?rest_route=%2Fwp%2Fv2%2Fproduct_tag&post=5178"}],"curies":[{"name":"wp","href":"https:\/\/api.w.org\/{rel}","templated":true}]}}