{"id":5176,"date":"2023-09-20T16:48:13","date_gmt":"2023-09-20T14:48:13","guid":{"rendered":"https:\/\/agro-jardin-brico.com\/?post_type=product&#038;p=5176"},"modified":"2023-09-20T16:48:16","modified_gmt":"2023-09-20T14:48:16","slug":"poele-a-granules-hydraulique-sannover-commo-21-kw","status":"publish","type":"product","link":"https:\/\/agro-jardin-brico.com\/?product=poele-a-granules-hydraulique-sannover-commo-21-kw","title":{"rendered":"Po\u00eale \u00e0 granul\u00e9s hydraulique Sannover Commo 21 kW"},"content":{"rendered":"<div class=\"electro-description clearfix\">\n<p>PUISSANCE PO\u00caLE GRANUL\u00c9S : Plus de 12 kW<\/p>\n<p>SURFACE CHAUFFANTE GRANUL\u00c9S : Plus de 150 m\u00b2<\/p>\n<p>SORTIE FUM\u00c9E GRANUL\u00c9S : Verticale<\/p>\n<p>COULEUR PO\u00caLE GRANUL\u00c9S : Bordeaux<\/p>\n<p>DISPONIBILIT\u00c9 DES PI\u00c8CES D\u00c9TACH\u00c9ES NON COMMUNIQU\u00c9E : 2 ans<\/p>\n<p>Pour b\u00e9n\u00e9ficier de la Garantie Pi\u00e8ces 2 ans du fabricant,<br \/>\nles op\u00e9rations d\u2019installation, de raccordement au circuit \u00e9lectrique, de v\u00e9rification du fonctionnement, d\u2019entretien et les r\u00e9parations \u00e9ventuelles doivent \u00eatre effectu\u00e9es par un professionnel qualifi\u00e9. Un entretien annuel est obligatoire ! Si ces conditions ne sont pas respect\u00e9es aucune garantie ne pourra \u00eatre prise en compte.<\/p>\n<p>ATTENTION !<br \/>\nIl est imp\u00e9ratif de v\u00e9rifier le bon \u00e9tat du colis lors de la livraison, aussi bien ext\u00e9rieur qu\u2019int\u00e9rieur.<br \/>\nSans r\u00e9clamation, aucun \u00e9change produit ni aucun remboursement ne sera possible.<\/p>\n<p>Po\u00eale \u00e0 granul\u00e9s hydraulique Sannover Commo 21 kW Bordeaux<br \/>\nUn Po\u00eale Design au service de votre confort :<br \/>\nLes composants n\u00e9cessaires au fonctionnement du syst\u00e8me de chauffage sont int\u00e9gr\u00e9s au produit.<br \/>\nLes thermostats de s\u00e9curit\u00e9 int\u00e9gr\u00e9s emp\u00eachent la surchauffe de l\u2019eau dans la chaudi\u00e8re.<br \/>\nLes syst\u00e8mes de nettoyage facilitent davantage l\u2019entretien du po\u00eale et permettent un fonctionnement fiable.<br \/>\nLa programmation hebdomadaire du fonctionnement du four \u00e0 5 niveaux de puissance.<br \/>\nLa possibilit\u00e9 de chauffer l\u2019eau sanitaire (dans la chaudi\u00e8re) et le raccordement au syst\u00e8me de chauffage par le sol.<br \/>\nLa porte fonte de la chambre de combustion avec l\u2019\u00e9tanch\u00e9it\u00e9 accrue de la chambre.<\/p>\n<p>Caract\u00e9ristiques g\u00e9n\u00e9rales<br \/>\nPo\u00eale \u00e0 granul\u00e9s hydraulique Sannover Commo 21 kW Bordeaux<br \/>\nMode d\u2019\u00e9vacuation Chemin\u00e9e<br \/>\nEnergie Granul\u00e9s<br \/>\nUsage Chauffage + Eau chaude sanitaire<br \/>\nClasse \u00e9nerg\u00e9tique chauffage A+<br \/>\nPuissance 21 kW<br \/>\nRendement 86<\/p>\n<\/div>\n","protected":false},"excerpt":{"rendered":"<p>AVANTAGE N\u00b01 : Poele \u00e0 granul\u00e9s<\/p>\n<p>AVANTAGE N\u00b02 : Raccordement : chemin\u00e9e<\/p>\n<p>AVANTAGE N\u00b03 : Type : Chauffage + eau chaude<\/p>\n<p>AVANTAGE N\u00b04 : Marque : Sannover<\/p>\n<p>AVANTAGE N\u00b05 : Garantie 2 ans constructeur<\/p>\n","protected":false},"featured_media":5209,"comment_status":"open","ping_status":"closed","template":"","meta":[],"product_cat":[377],"product_tag":[398],"class_list":{"0":"post-5176","1":"product","2":"type-product","3":"status-publish","4":"has-post-thumbnail","6":"product_cat-les-granules-de-bois","7":"product_tag-poele-a-granules-hydraulique-sannover-commo-21-kw","9":"first","10":"instock","11":"sale","12":"shipping-taxable","13":"purchasable","14":"product-type-simple"},"_links":{"self":[{"href":"https:\/\/agro-jardin-brico.com\/index.php?rest_route=\/wp\/v2\/product\/5176","targetHints":{"allow":["GET"]}}],"collection":[{"href":"https:\/\/agro-jardin-brico.com\/index.php?rest_route=\/wp\/v2\/product"}],"about":[{"href":"https:\/\/agro-jardin-brico.com\/index.php?rest_route=\/wp\/v2\/types\/product"}],"replies":[{"embeddable":true,"href":"https:\/\/agro-jardin-brico.com\/index.php?rest_route=%2Fwp%2Fv2%2Fcomments&post=5176"}],"wp:featuredmedia":[{"embeddable":true,"href":"https:\/\/agro-jardin-brico.com\/index.php?rest_route=\/wp\/v2\/media\/5209"}],"wp:attachment":[{"href":"https:\/\/agro-jardin-brico.com\/index.php?rest_route=%2Fwp%2Fv2%2Fmedia&parent=5176"}],"wp:term":[{"taxonomy":"product_cat","embeddable":true,"href":"https:\/\/agro-jardin-brico.com\/index.php?rest_route=%2Fwp%2Fv2%2Fproduct_cat&post=5176"},{"taxonomy":"product_tag","embeddable":true,"href":"https:\/\/agro-jardin-brico.com\/index.php?rest_route=%2Fwp%2Fv2%2Fproduct_tag&post=5176"}],"curies":[{"name":"wp","href":"https:\/\/api.w.org\/{rel}","templated":true}]}}