{"id":5173,"date":"2023-09-20T16:48:13","date_gmt":"2023-09-20T14:48:13","guid":{"rendered":"https:\/\/agro-jardin-brico.com\/?post_type=product&#038;p=5173"},"modified":"2023-09-20T16:48:15","modified_gmt":"2023-09-20T14:48:15","slug":"pellet-valboval-palette-de-65-sacs-de-15-kg","status":"publish","type":"product","link":"https:\/\/agro-jardin-brico.com\/?product=pellet-valboval-palette-de-65-sacs-de-15-kg","title":{"rendered":"Pellet Valboval \u2013 Palette de 65 sacs de 15 kg"},"content":{"rendered":"<p>Le pellet VALBOVAL est un de nos produits haut de gamme, sa qualit\u00e9 est sup\u00e9rieure aux exigences de la norme DIN Plus.<\/p>\n<p>Avec des taux de cendres et de poussi\u00e8res faibles, vous n&#8217;encrasserez pas votre po\u00eale, insert ou chaudi\u00e8re.<\/p>\n<p>Son pouvoir calorifique \u00e9tant \u00e9lev\u00e9 (5 kWh\/kg) vous \u00eates assur\u00e9s d\u2019obtenir une chaleur constante dans votre foyer et une mont\u00e9e rapide en temp\u00e9rature.<\/p>\n<p>Il est id\u00e9al pour tous les syst\u00e8mes de chauffage \u00e0 granul\u00e9s.<\/p>\n<p>Ce granul\u00e9 est fabriqu\u00e9 en France, en l&#8217;achetant, vous choisissez un mode de chauffage \u00e9cologique et \u00e9conomique, tout en pr\u00e9servant votre appareil.<\/p>\n","protected":false},"excerpt":{"rendered":"<p>Pellet de bois VALBOVAL, 100 % fran\u00e7ais, 100 % r\u00e9sineux et certifi\u00e9 DIN Plus.<\/p>\n<p>Pouvoir calorifique \u00e9lev\u00e9 et faibles taux en cendres et en poussi\u00e8res.<\/p>\n<p>Produit local de bonne qualit\u00e9 et \u00e0 petit prix.<\/p>\n","protected":false},"featured_media":5203,"comment_status":"open","ping_status":"closed","template":"","meta":[],"product_cat":[377],"product_tag":[391,392,393],"class_list":{"0":"post-5173","1":"product","2":"type-product","3":"status-publish","4":"has-post-thumbnail","6":"product_cat-les-granules-de-bois","7":"product_tag-palette-de-65-sacs-de-15-kg","8":"product_tag-pellet-valboval","9":"product_tag-pellet-valboval-palette-de-65-sacs-de-15-kg","11":"first","12":"instock","13":"sale","14":"shipping-taxable","15":"purchasable","16":"product-type-simple"},"_links":{"self":[{"href":"https:\/\/agro-jardin-brico.com\/index.php?rest_route=\/wp\/v2\/product\/5173","targetHints":{"allow":["GET"]}}],"collection":[{"href":"https:\/\/agro-jardin-brico.com\/index.php?rest_route=\/wp\/v2\/product"}],"about":[{"href":"https:\/\/agro-jardin-brico.com\/index.php?rest_route=\/wp\/v2\/types\/product"}],"replies":[{"embeddable":true,"href":"https:\/\/agro-jardin-brico.com\/index.php?rest_route=%2Fwp%2Fv2%2Fcomments&post=5173"}],"wp:featuredmedia":[{"embeddable":true,"href":"https:\/\/agro-jardin-brico.com\/index.php?rest_route=\/wp\/v2\/media\/5203"}],"wp:attachment":[{"href":"https:\/\/agro-jardin-brico.com\/index.php?rest_route=%2Fwp%2Fv2%2Fmedia&parent=5173"}],"wp:term":[{"taxonomy":"product_cat","embeddable":true,"href":"https:\/\/agro-jardin-brico.com\/index.php?rest_route=%2Fwp%2Fv2%2Fproduct_cat&post=5173"},{"taxonomy":"product_tag","embeddable":true,"href":"https:\/\/agro-jardin-brico.com\/index.php?rest_route=%2Fwp%2Fv2%2Fproduct_tag&post=5173"}],"curies":[{"name":"wp","href":"https:\/\/api.w.org\/{rel}","templated":true}]}}