{"id":5150,"date":"2023-09-20T16:47:48","date_gmt":"2023-09-20T14:47:48","guid":{"rendered":"https:\/\/agro-jardin-brico.com\/?post_type=product&#038;p=5150"},"modified":"2023-09-20T17:02:15","modified_gmt":"2023-09-20T15:02:15","slug":"granules-de-bois-975kg-palette-15kg-x-65","status":"publish","type":"product","link":"https:\/\/agro-jardin-brico.com\/?product=granules-de-bois-975kg-palette-15kg-x-65","title":{"rendered":"Granul\u00e9s De Bois 975kg \u2013 Palette 15kg X 65"},"content":{"rendered":"<div class=\"electro-description clearfix\">\n<h2>R\u00e9sineux \u2022 Pouvoir calorifique : \u2265 17,0 MJ\/kg \u2022 Cendres : \u2264 0,7 %<\/h2>\n<p>Les granul\u00e9s de bois sont une\u00a0forme \u00e9conomique de chauffage moderne.<br \/>\nNos granul\u00e9s\u00a0sont fabriqu\u00e9s \u00e0 partir de mati\u00e8res premi\u00e8res de haute qualit\u00e9 et durables.<br \/>\nGranul\u00e9s\u00a0de bois de qualit\u00e9 certifi\u00e9e de production europ\u00e9enne au meilleur prix.<br \/>\nLes granul\u00e9s sont bien press\u00e9s,\u00a0contiennent tr\u00e8s peu de fines et br\u00fblent tr\u00e8s proprement.<br \/>\nLes granul\u00e9s de bois br\u00fblent uniform\u00e9ment,\u00a0tr\u00e8s longtemps et conservent les braises pendant des heures.<\/p>\n<p>Bois sans liants chimiques<br \/>\nFabriqu\u00e9\u00a0\u00e0 partir de mati\u00e8res premi\u00e8res renouvelables<br \/>\nNeutre en CO2 Pouvoir calorifique \u00e9lev\u00e9<br \/>\nFaible teneur en humidit\u00e9 r\u00e9siduelle Faible teneur en cendres<br \/>\nLongue dur\u00e9e de combustion Stockage propre et\u00a0sans poussi\u00e8re<br \/>\nRemplissage pratique\u00a0dans le syst\u00e8me de chauffage selon les besoins<br \/>\nUtilisation\u00a0dans les syst\u00e8mes \u00e0 granul\u00e9s et les po\u00eales \u00e0 granul\u00e9s<\/p>\n<p>Selon la quantit\u00e9 de granul\u00e9s utilis\u00e9s\u00a0, la quantit\u00e9 de cendres produites varie en cons\u00e9quence.\u00a0En r\u00e8gle g\u00e9n\u00e9rale, le cendrier d\u2019un syst\u00e8me \u00e0 granul\u00e9s ne doit \u00eatre vid\u00e9 que deux fois par an.\u00a0Les granul\u00e9s ont une teneur en cendres si faible que seulement 5 grammes de cendres sont produits \u00e0 partir d\u2019un kilogramme de granul\u00e9s.<\/p>\n<p>Votre syst\u00e8me de chauffage vous remerciera avec moins de frais de r\u00e9paration et d\u2019entretien et une dur\u00e9e de vie plus longue !<\/p>\n<ul>\n<li>Y compris le d\u00e9chargement sur place<\/li>\n<\/ul>\n<p class=\"p1\">La palette sera d\u00e9charg\u00e9e chez vous \u00e0 l\u2019aide d\u2019une plateforme \u00e9l\u00e9vatrice et d\u2019un chariot \u00e9l\u00e9vateur<\/p>\n<ul>\n<li>Y compris palette<\/li>\n<\/ul>\n<p class=\"p1\">Pas de changement de palette fastidieux.\u00a0Pas de frais suppl\u00e9mentaires.\u00a0La palette reste avec vous.<\/p>\n<ul>\n<li>Pas d\u2019interm\u00e9diaires co\u00fbteux, mais \u00e0 un prix fabricant \u00e9quitable<\/li>\n<\/ul>\n<p class=\"p1\">Directement du fabricant \u00e0 vous.\u00a0D\u2019o\u00f9 le prix bas malgr\u00e9 la classe de qualit\u00e9 la plus \u00e9lev\u00e9e.<\/p>\n<\/div>\n","protected":false},"excerpt":{"rendered":"<p>Granul\u00e9s De Bois 975kg Granul\u00e9s De Chauffage<\/p>\n<p>En Sac Naturel Granul\u00e9s De Bois De Chauffage<\/p>\n<p>A1 15kg X 65 Sac Palette Chemin\u00e9e Po\u00eale Bois<\/p>\n","protected":false},"featured_media":5171,"comment_status":"open","ping_status":"closed","template":"","meta":[],"product_cat":[361,362,377],"product_tag":[387,388,389],"class_list":{"0":"post-5150","1":"product","2":"type-product","3":"status-publish","4":"has-post-thumbnail","6":"product_cat-combustibles","7":"product_cat-granules-de-bois-en-vrac","8":"product_cat-les-granules-de-bois","9":"product_tag-granules-de-bois-975kg","10":"product_tag-granules-de-bois-975kg-palette-15kg-x-65","11":"product_tag-palette-15kg-x-65","13":"first","14":"instock","15":"sale","16":"shipping-taxable","17":"purchasable","18":"product-type-simple"},"_links":{"self":[{"href":"https:\/\/agro-jardin-brico.com\/index.php?rest_route=\/wp\/v2\/product\/5150","targetHints":{"allow":["GET"]}}],"collection":[{"href":"https:\/\/agro-jardin-brico.com\/index.php?rest_route=\/wp\/v2\/product"}],"about":[{"href":"https:\/\/agro-jardin-brico.com\/index.php?rest_route=\/wp\/v2\/types\/product"}],"replies":[{"embeddable":true,"href":"https:\/\/agro-jardin-brico.com\/index.php?rest_route=%2Fwp%2Fv2%2Fcomments&post=5150"}],"wp:featuredmedia":[{"embeddable":true,"href":"https:\/\/agro-jardin-brico.com\/index.php?rest_route=\/wp\/v2\/media\/5171"}],"wp:attachment":[{"href":"https:\/\/agro-jardin-brico.com\/index.php?rest_route=%2Fwp%2Fv2%2Fmedia&parent=5150"}],"wp:term":[{"taxonomy":"product_cat","embeddable":true,"href":"https:\/\/agro-jardin-brico.com\/index.php?rest_route=%2Fwp%2Fv2%2Fproduct_cat&post=5150"},{"taxonomy":"product_tag","embeddable":true,"href":"https:\/\/agro-jardin-brico.com\/index.php?rest_route=%2Fwp%2Fv2%2Fproduct_tag&post=5150"}],"curies":[{"name":"wp","href":"https:\/\/api.w.org\/{rel}","templated":true}]}}