{"id":5147,"date":"2023-09-20T16:47:48","date_gmt":"2023-09-20T14:47:48","guid":{"rendered":"https:\/\/agro-jardin-brico.com\/?post_type=product&#038;p=5147"},"modified":"2023-09-20T17:02:15","modified_gmt":"2023-09-20T15:02:15","slug":"granules-de-bois-verba-premium-en-a1-975-kg","status":"publish","type":"product","link":"https:\/\/agro-jardin-brico.com\/?product=granules-de-bois-verba-premium-en-a1-975-kg","title":{"rendered":"Granul\u00e9s De Bois VERBA Premium EN + A1 975 Kg"},"content":{"rendered":"<p>Granules de bois Verba \u2013 Chauffage \u00e9cologique et peu co\u00fbteux<br \/>\nAvec les granul\u00e9s de bois Verba, il est tr\u00e8s facile de chauffer \u00e0 moindre co\u00fbt, de mani\u00e8re durable et \u00e9cologique. Les granul\u00e9s Verba de la boutique en ligne BOIS DE QUALITE r\u00e9pondent aux normes de qualit\u00e9 les plus \u00e9lev\u00e9es et sont bien entendus certifi\u00e9s. Garant<\/p>\n<p>Verba Pellets \u2013 Qualit\u00e9 premium certifi\u00e9e<br \/>\nIl va sans dire que nos granul\u00e9s Verba sont certifi\u00e9s selon ENplus A1. Ils convainquent non seulement par leur valeur calorifique \u00e9lev\u00e9e, mais aussi par leur tr\u00e8s bon rapport qualit\u00e9-prix. Seul le bois de pin naturel issu de la sylviculture durable est utilis\u00e9 pour la production. La teneur en cendres est inf\u00e9rieure \u00e0 0,7%. Autre point positif: la faible humidit\u00e9 r\u00e9siduelle de moins de 10%. La faible humidit\u00e9 r\u00e9siduelle des granul\u00e9s de qualit\u00e9 Verba garantit une combustion uniforme \u00e0 des temp\u00e9ratures \u00e9lev\u00e9es \u00e9lev\u00e9es.<\/p>\n<p>Les granul\u00e9s de bois Verba sont durables et respectueux de l\u2019environnement. Ils convainquent par leur prix bas et leur valeur calorifique \u00e9lev\u00e9e. Convainquez-vous de l\u2019excellente qualit\u00e9 de ces granul\u00e9s de bois naturel. Les granul\u00e9s Verba de qualit\u00e9 premium contr\u00f4l\u00e9e et certifi\u00e9e ENplus A1 ne sont pas disponibles dans la boutique en ligne BOIS DE QUALITE dans les sacs pratiques de 15 kg. Id\u00e9al pour les petits po\u00eales \u00e0 granul\u00e9s. Une palette de 65 sacs correspond \u00e0 975 kg.<\/p>\n","protected":false},"excerpt":{"rendered":"<p>Poids par unit\u00e9 d\u2019emballage: 15 kg;<br \/>\nDiam\u00e8tre du granul\u00e9: 6 mm;<br \/>\nTeneur en cendres: &lt;0,7%;<br \/>\nCertificats: ENplus A1<br \/>\nHumidit\u00e9 r\u00e9siduelle: moins de 10%;<br \/>\nPouvoir calorifique:&gt; 4,6 kWh \/ kg<\/p>\n","protected":false},"featured_media":5168,"comment_status":"open","ping_status":"closed","template":"","meta":[],"product_cat":[361,362,377],"product_tag":[380,381],"class_list":{"0":"post-5147","1":"product","2":"type-product","3":"status-publish","4":"has-post-thumbnail","6":"product_cat-combustibles","7":"product_cat-granules-de-bois-en-vrac","8":"product_cat-les-granules-de-bois","9":"product_tag-granules-de-bois-verba","10":"product_tag-granules-de-bois-verba-premium-en-a1-975-kg","12":"first","13":"instock","14":"sale","15":"shipping-taxable","16":"purchasable","17":"product-type-simple"},"_links":{"self":[{"href":"https:\/\/agro-jardin-brico.com\/index.php?rest_route=\/wp\/v2\/product\/5147","targetHints":{"allow":["GET"]}}],"collection":[{"href":"https:\/\/agro-jardin-brico.com\/index.php?rest_route=\/wp\/v2\/product"}],"about":[{"href":"https:\/\/agro-jardin-brico.com\/index.php?rest_route=\/wp\/v2\/types\/product"}],"replies":[{"embeddable":true,"href":"https:\/\/agro-jardin-brico.com\/index.php?rest_route=%2Fwp%2Fv2%2Fcomments&post=5147"}],"wp:featuredmedia":[{"embeddable":true,"href":"https:\/\/agro-jardin-brico.com\/index.php?rest_route=\/wp\/v2\/media\/5168"}],"wp:attachment":[{"href":"https:\/\/agro-jardin-brico.com\/index.php?rest_route=%2Fwp%2Fv2%2Fmedia&parent=5147"}],"wp:term":[{"taxonomy":"product_cat","embeddable":true,"href":"https:\/\/agro-jardin-brico.com\/index.php?rest_route=%2Fwp%2Fv2%2Fproduct_cat&post=5147"},{"taxonomy":"product_tag","embeddable":true,"href":"https:\/\/agro-jardin-brico.com\/index.php?rest_route=%2Fwp%2Fv2%2Fproduct_tag&post=5147"}],"curies":[{"name":"wp","href":"https:\/\/api.w.org\/{rel}","templated":true}]}}