{"id":5146,"date":"2023-09-20T16:47:48","date_gmt":"2023-09-20T14:47:48","guid":{"rendered":"https:\/\/agro-jardin-brico.com\/?post_type=product&#038;p=5146"},"modified":"2023-09-20T17:02:15","modified_gmt":"2023-09-20T15:02:15","slug":"granules-de-bois-de-qualite-primex-premium-990-kg","status":"publish","type":"product","link":"https:\/\/agro-jardin-brico.com\/?product=granules-de-bois-de-qualite-primex-premium-990-kg","title":{"rendered":"Granul\u00e9s De Bois De Qualit\u00e9 Primex Premium 990 Kg"},"content":{"rendered":"<p>Les granul\u00e9s Primex sont fabriqu\u00e9s \u00e0 partir de sciure de pin 100% propre et pure. Les copeaux sont enti\u00e8rement aboy\u00e9s et proviennent de sources certifi\u00e9es. De plus, un processus de pressage sp\u00e9cialement coordonn\u00e9 garantit aux granul\u00e9s un haut niveau de r\u00e9sistance et emp\u00eache la formation de poussi\u00e8res fines dans les sacs respectifs. Aucun additif n\u2019est utilis\u00e9 comme liant pendant la production, ce qui contribue \u00e0 la puret\u00e9 du produit.<br \/>\nProduit sans compromis et luxueux pour chaudi\u00e8res \u00e0 pellets ou po\u00eales \u00e0 bois.<\/p>\n","protected":false},"excerpt":{"rendered":"<p>Les granul\u00e9s Primex sont fabriqu\u00e9s \u00e0 partir de sciure de pin 100% propre et pure.<\/p>\n","protected":false},"featured_media":5167,"comment_status":"open","ping_status":"closed","template":"","meta":[],"product_cat":[361,362,377],"product_tag":[378,379],"class_list":{"0":"post-5146","1":"product","2":"type-product","3":"status-publish","4":"has-post-thumbnail","6":"product_cat-combustibles","7":"product_cat-granules-de-bois-en-vrac","8":"product_cat-les-granules-de-bois","9":"product_tag-granules-de-bois-de-qualiteprimex-premium-990-kg","10":"product_tag-primex-premium-990-kg","12":"first","13":"instock","14":"sale","15":"shipping-taxable","16":"purchasable","17":"product-type-simple"},"_links":{"self":[{"href":"https:\/\/agro-jardin-brico.com\/index.php?rest_route=\/wp\/v2\/product\/5146","targetHints":{"allow":["GET"]}}],"collection":[{"href":"https:\/\/agro-jardin-brico.com\/index.php?rest_route=\/wp\/v2\/product"}],"about":[{"href":"https:\/\/agro-jardin-brico.com\/index.php?rest_route=\/wp\/v2\/types\/product"}],"replies":[{"embeddable":true,"href":"https:\/\/agro-jardin-brico.com\/index.php?rest_route=%2Fwp%2Fv2%2Fcomments&post=5146"}],"wp:featuredmedia":[{"embeddable":true,"href":"https:\/\/agro-jardin-brico.com\/index.php?rest_route=\/wp\/v2\/media\/5167"}],"wp:attachment":[{"href":"https:\/\/agro-jardin-brico.com\/index.php?rest_route=%2Fwp%2Fv2%2Fmedia&parent=5146"}],"wp:term":[{"taxonomy":"product_cat","embeddable":true,"href":"https:\/\/agro-jardin-brico.com\/index.php?rest_route=%2Fwp%2Fv2%2Fproduct_cat&post=5146"},{"taxonomy":"product_tag","embeddable":true,"href":"https:\/\/agro-jardin-brico.com\/index.php?rest_route=%2Fwp%2Fv2%2Fproduct_tag&post=5146"}],"curies":[{"name":"wp","href":"https:\/\/api.w.org\/{rel}","templated":true}]}}