{"id":5145,"date":"2023-09-20T16:47:48","date_gmt":"2023-09-20T14:47:48","guid":{"rendered":"https:\/\/agro-jardin-brico.com\/?post_type=product&#038;p=5145"},"modified":"2023-09-20T17:09:54","modified_gmt":"2023-09-20T15:09:54","slug":"harris-40-cubes-allume-feu-100-vegetal","status":"publish","type":"product","link":"https:\/\/agro-jardin-brico.com\/?product=harris-40-cubes-allume-feu-100-vegetal","title":{"rendered":"Harris 40 Cubes Allume Feu 100% V\u00e9g\u00e9tal"},"content":{"rendered":"<div id=\"aplus_feature_div\" class=\"celwidget\" data-feature-name=\"aplus\" data-csa-c-type=\"widget\" data-csa-c-content-id=\"aplus\" data-csa-c-slot-id=\"aplus_feature_div\" data-csa-c-asin=\"\" data-csa-c-is-in-initial-active-row=\"false\" data-csa-c-id=\"96rybm-rksm6s-l2avis-mxdzbh\" data-cel-widget=\"aplus_feature_div\">\n<div id=\"aplus\" class=\"a-section a-spacing-large bucket\">\n<div class=\"aplus-v2 desktop celwidget\" data-csa-c-id=\"qiofil-4llfba-nixyo8-gqjj0x\" data-cel-widget=\"aplus\">\n<div class=\"celwidget aplus-module module-12 aplus-standard\" data-csa-c-id=\"jxyaaq-mc2btj-te5p8i-avnj99\" data-cel-widget=\"aplus-module-12\">\n<div class=\"a-expander-collapsed-height a-row a-expander-container a-expander-partial-collapse-container\" data-a-expander-name=\"aplus-module-expander\" data-a-expander-collapsed-height=\"360\">\n<div class=\"a-expander-content a-expander-partial-collapse-content\" aria-expanded=\"false\">\n<div class=\"aplus-module-wrapper apm-spacing apm-floatnone apm-fixed-width\">\n<div class=\"apm-sidemodule aplus-module-content\">\n<div class=\"apm-hero-image\"><img decoding=\"async\" class=\"\" src=\"https:\/\/m.media-amazon.com\/images\/S\/aplus-media-library-service-media\/53314cba-74f0-43ae-bb5b-394407f33c54.__CR0,0,970,300_PT0_SX970_V1___.jpg\" alt=\"briochin\" data-src=\"https:\/\/m.media-amazon.com\/images\/S\/aplus-media-library-service-media\/53314cba-74f0-43ae-bb5b-394407f33c54.__CR0,0,970,300_PT0_SX970_V1___.jpg\" \/><\/div>\n<\/div>\n<\/div>\n<div><\/div>\n<\/div>\n<\/div>\n<\/div>\n<div class=\"celwidget aplus-module module-8 aplus-standard\" data-csa-c-id=\"bwttvt-m1j0uq-mk8inf-89su5\" data-cel-widget=\"aplus-module-8\">\n<div class=\"a-expander-collapsed-height a-row a-expander-container a-expander-partial-collapse-container\" data-a-expander-name=\"aplus-module-expander\" data-a-expander-collapsed-height=\"700\">\n<div class=\"a-expander-content a-expander-partial-collapse-content\" aria-expanded=\"false\">\n<div class=\"aplus-module-wrapper apm-fixed-width\">\n<div class=\"apm-spacing\">\n<div class=\"apm-lefttwothirdswrap apm-floatleft\">\n<div class=\"apm-leftimage\"><img decoding=\"async\" class=\"a-spacing-mini\" src=\"https:\/\/m.media-amazon.com\/images\/S\/aplus-media-library-service-media\/deac112a-2837-405e-9738-92bcd700dd42.__CR0,0,300,300_PT0_SX300_V1___.jpg\" alt=\"briochin\" data-src=\"https:\/\/m.media-amazon.com\/images\/S\/aplus-media-library-service-media\/deac112a-2837-405e-9738-92bcd700dd42.__CR0,0,300,300_PT0_SX300_V1___.jpg\" \/><\/div>\n<div class=\"apm-centerthirdcol\">\n<h3 class=\"a-spacing-mini\">HARRIS, l&#8217;Expert du Feu Fran\u00e7ais<\/h3>\n<h5 class=\"a-spacing-mini a-color-secondary\">Fond\u00e9e en 1990 \u00e0 Saint-Brieuc en Bretagne<\/h5>\n<p class=\"a-spacing-base\">Harris poss\u00e8de une expertise pointue du domaine et propose des solutions adapt\u00e9es \u00e0 vos attentes en toutes saisons : des cubes, des liquides et des gels allume-feu ainsi que des nettoyants, garantissant performance, efficacit\u00e9 et simplicit\u00e9.<\/p>\n<h5 class=\"a-spacing-mini a-color-secondary\">Notre gamme de produits sont con\u00e7us pour vous et pour r\u00e9pondre \u00e0 vos besoin. Gagnez du temps et de l&#8217;efficacit\u00e9 en allumant vos feux en int\u00e9rieur ou en ext\u00e9rieur tout en s\u00e9curit\u00e9.<\/h5>\n<\/div>\n<\/div>\n<div class=\"apm-rightthirdcol\">\n<div class=\"apm-rightthirdcol-inner\">\n<h4>Les b\u00e9n\u00e9fices du produit :<\/h4>\n<div class=\"a-box a-spacing-small a-color-alternate-background apm-listbox\">\n<div class=\"a-box-inner\">\n<ul class=\"a-unordered-list a-vertical\">\n<li><span class=\"a-list-item\"><span class=\"a-size-base\">100% V\u00e9g\u00e9tal, ne contiennent aucun d\u00e9riv\u00e9 p\u00e9trolier<\/span><\/span><\/li>\n<li><span class=\"a-list-item\"><span class=\"a-size-base\">Sans Odeur<\/span><\/span><\/li>\n<li><span class=\"a-list-item\"><span class=\"a-size-base\">Efficace, s&#8217;allume sans effort<\/span><\/span><\/li>\n<\/ul>\n<\/div>\n<\/div>\n<\/div>\n<\/div>\n<\/div>\n<\/div>\n<div><\/div>\n<\/div>\n<\/div>\n<\/div>\n<div class=\"celwidget aplus-module module-4 aplus-standard\" data-csa-c-id=\"lsnxz5-d4gfk3-pyo1hl-h0s71c\" data-cel-widget=\"aplus-module-4\">\n<div class=\"a-expander-collapsed-height a-row a-expander-container a-expander-partial-collapse-container\" data-a-expander-name=\"aplus-module-expander\" data-a-expander-collapsed-height=\"700\">\n<div class=\"a-expander-content a-expander-partial-collapse-content\" aria-expanded=\"false\">\n<div class=\"aplus-module-wrapper apm-fixed-width\">\n<div class=\"apm-spacing\">\n<div class=\"apm-floatleft apm-fixed-width\">\n<div class=\"apm-spacing\">\n<table class=\"apm-fixed-width apm-fourthcol-table\">\n<tbody>\n<tr>\n<th class=\"apm-center\">\n<div class=\"apm-fourthcol\">\n<p><img decoding=\"async\" class=\"\" src=\"https:\/\/m.media-amazon.com\/images\/S\/aplus-media-library-service-media\/34af57cb-c81a-44c4-813c-9aee54a13b81.__CR160,0,640,640_PT0_SX220_V1___.jpeg\" alt=\"briochin\" data-src=\"https:\/\/m.media-amazon.com\/images\/S\/aplus-media-library-service-media\/34af57cb-c81a-44c4-813c-9aee54a13b81.__CR160,0,640,640_PT0_SX220_V1___.jpeg\" \/><\/p>\n<\/div>\n<\/th>\n<th class=\"apm-center\">\n<div class=\"apm-fourthcol\">\n<p><img decoding=\"async\" class=\"\" src=\"https:\/\/m.media-amazon.com\/images\/S\/aplus-media-library-service-media\/fc757d8f-8f9c-46b3-a93d-d37e1f51392b.__CR160,0,640,640_PT0_SX220_V1___.jpeg\" alt=\"briochin\" data-src=\"https:\/\/m.media-amazon.com\/images\/S\/aplus-media-library-service-media\/fc757d8f-8f9c-46b3-a93d-d37e1f51392b.__CR160,0,640,640_PT0_SX220_V1___.jpeg\" \/><\/p>\n<\/div>\n<\/th>\n<th class=\"apm-center\">\n<div class=\"apm-fourthcol\">\n<p><img decoding=\"async\" class=\"\" src=\"https:\/\/m.media-amazon.com\/images\/S\/aplus-media-library-service-media\/dcdc9b72-973f-4097-9416-e6f75ddb4a39.__CR3,0,288,288_PT0_SX220_V1___.jpeg\" alt=\"briochin\" data-src=\"https:\/\/m.media-amazon.com\/images\/S\/aplus-media-library-service-media\/dcdc9b72-973f-4097-9416-e6f75ddb4a39.__CR3,0,288,288_PT0_SX220_V1___.jpeg\" \/><\/p>\n<\/div>\n<\/th>\n<th class=\"apm-center\">\n<div class=\"apm-fourthcol\">\n<p><img decoding=\"async\" class=\"\" src=\"https:\/\/m.media-amazon.com\/images\/S\/aplus-media-library-service-media\/a2d00b04-a97f-48bb-a111-f52456def90a.__CR0,0,489,489_PT0_SX220_V1___.jpeg\" alt=\"briochin\" data-src=\"https:\/\/m.media-amazon.com\/images\/S\/aplus-media-library-service-media\/a2d00b04-a97f-48bb-a111-f52456def90a.__CR0,0,489,489_PT0_SX220_V1___.jpeg\" \/><\/p>\n<\/div>\n<\/th>\n<\/tr>\n<tr>\n<td class=\"apm-top\">\n<div class=\"apm-fourthcol\">\n<h4 class=\"a-spacing-mini\">Compatible int\u00e9rieur et ext\u00e9rieur<\/h4>\n<p class=\"a-size-small\">Utilisez les cubes allume-feu dans vos chemin\u00e9es et po\u00eales mais aussi pour vos barbecues !<\/p>\n<\/div>\n<\/td>\n<td class=\"apm-top\">\n<div class=\"apm-fourthcol\">\n<h4 class=\"a-spacing-mini\">Facile \u00e0 utiliser :<\/h4>\n<p class=\"a-size-small\">Allumez vos feux en deux temps trois mouvements avec les cubes allume-feu. D\u00e9posez 1 \u00e0 2 cubes sur les combustibles et allumez-les. Ensuite, laissez-les s&#8217;embraser, ils s&#8217;occupent du reste !<\/p>\n<\/div>\n<\/td>\n<td class=\"apm-top\">\n<div class=\"apm-fourthcol\">\n<h4 class=\"a-spacing-mini\">100 % V\u00e9g\u00e9tal :<\/h4>\n<p class=\"a-size-small\">Nos cubes allume-feu sont fabriqu\u00e9 \u00e0 partir bois compress\u00e9 recycl\u00e9 et de cire v\u00e9g\u00e9tale d&#8217;origine naturelle.<\/p>\n<\/div>\n<\/td>\n<td class=\"apm-top\">\n<div class=\"apm-fourthcol\">\n<h4 class=\"a-spacing-mini\">Bois Certifi\u00e9 FSC :<\/h4>\n<p class=\"a-size-small\">Nos cubes sont garantis naturels et labellis\u00e9s FSC<\/p>\n<\/div>\n<\/td>\n<\/tr>\n<\/tbody>\n<\/table>\n<\/div>\n<\/div>\n<\/div>\n<\/div>\n<div><\/div>\n<\/div>\n<\/div>\n<\/div>\n<div class=\"celwidget aplus-module module-5 aplus-standard\" data-csa-c-id=\"vw3fae-pwya7b-p1zawd-n5aze0\" data-cel-widget=\"aplus-module-5\">\n<div class=\"aplus-module-wrapper apm-fixed-width\">\n<div class=\"apm-spacing aplus-module-content\">\n<div class=\"apm-tablemodule\">\n<table class=\"apm-tablemodule-table\" cellspacing=\"0\" cellpadding=\"0\">\n<tbody>\n<tr class=\"apm-tablemodule-imagerows\">\n<th class=\"apm-tablemodule-blankkeyhead\"><\/th>\n<th class=\"apm-tablemodule-image \"><a href=\"https:\/\/www.amazon.fr\/dp\/B09G4Q9RTP\/ref=emc_b_5_i\" target=\"_blank\" rel=\"noopener\"><img decoding=\"async\" src=\"https:\/\/m.media-amazon.com\/images\/S\/aplus-media-library-service-media\/6db99440-230a-4edf-ae2d-099c042a7b31.__CR0,0,150,300_PT0_SX150_V1___.jpg\" alt=\"harris\" width=\"150px\" \/><\/a><\/th>\n<th class=\"apm-tablemodule-image \"><a href=\"https:\/\/www.amazon.fr\/dp\/B07DPD5P7J\/ref=emc_b_5_i\" target=\"_blank\" rel=\"noopener\"><img decoding=\"async\" src=\"https:\/\/m.media-amazon.com\/images\/S\/aplus-media-library-service-media\/d6d5b3e8-7849-4903-892c-ba74a210a198.__CR0,0,150,300_PT0_SX150_V1___.jpg\" alt=\"briochin\" width=\"150px\" \/><\/a><\/th>\n<th class=\"apm-tablemodule-image \"><a href=\"https:\/\/www.amazon.fr\/dp\/B00R18Z374\/ref=emc_b_5_i\" target=\"_blank\" rel=\"noopener\"><img decoding=\"async\" src=\"https:\/\/m.media-amazon.com\/images\/S\/aplus-media-library-service-media\/65b880d8-7d7b-4931-bc98-bde59599effd.__CR0,0,150,300_PT0_SX150_V1___.jpg\" alt=\"harris\" width=\"150px\" \/><\/a><\/th>\n<th class=\"apm-tablemodule-image \"><a href=\"https:\/\/www.amazon.fr\/dp\/B00919TME6\/ref=emc_b_5_i\" target=\"_blank\" rel=\"noopener\"><img decoding=\"async\" src=\"https:\/\/m.media-amazon.com\/images\/S\/aplus-media-library-service-media\/e7043916-6c1b-47d9-807b-811f0980cca2.__CR0,0,150,300_PT0_SX150_V1___.jpg\" alt=\"harris\" width=\"150px\" \/><\/a><\/th>\n<\/tr>\n<tr class=\"apm-tablemodule-imagerows\">\n<th class=\"apm-tablemodule-blankkeyhead\"><\/th>\n<th><a href=\"https:\/\/www.amazon.fr\/dp\/B09G4Q9RTP\/ref=emc_b_5_t\" target=\"_blank\" rel=\"noopener\">80 cubes 100% Naturels<\/a><\/th>\n<th><a href=\"https:\/\/www.amazon.fr\/dp\/B07DPD5P7J\/ref=emc_b_5_t\" target=\"_blank\" rel=\"noopener\">100 cubes 100% Naturels<\/a><\/th>\n<th><a href=\"https:\/\/www.amazon.fr\/dp\/B00R18Z374\/ref=emc_b_5_t\" target=\"_blank\" rel=\"noopener\">40 Cubes Allume feu<\/a><\/th>\n<th><a href=\"https:\/\/www.amazon.fr\/dp\/B00919TME6\/ref=emc_b_5_t\" target=\"_blank\" rel=\"noopener\">20 b\u00e2tonnets 100% Naturels<\/a><\/th>\n<\/tr>\n<tr class=\"apm-tablemodule-keyvalue\">\n<th class=\"apm-tablemodule-keyhead\"><span class=\"a-color-secondary\">Barbecue<\/span><\/th>\n<td class=\"apm-tablemodule-valuecell apm-checked selected\"><span class=\"a-size-base\">\u2713<\/span><\/td>\n<td class=\"apm-tablemodule-valuecell apm-checked\"><span class=\"a-size-base\">\u2713<\/span><\/td>\n<td class=\"apm-tablemodule-valuecell apm-checked selected\"><span class=\"a-size-base\">\u2713<\/span><\/td>\n<td class=\"apm-tablemodule-valuecell apm-checked\"><span class=\"a-size-base\">\u2713<\/span><\/td>\n<\/tr>\n<tr class=\"apm-tablemodule-keyvalue\">\n<th class=\"apm-tablemodule-keyhead\"><span class=\"a-color-secondary\">Chemin\u00e9e<\/span><\/th>\n<td class=\"apm-tablemodule-valuecell apm-checked selected\"><span class=\"a-size-base\">\u2713<\/span><\/td>\n<td class=\"apm-tablemodule-valuecell apm-checked\"><span class=\"a-size-base\">\u2713<\/span><\/td>\n<td class=\"apm-tablemodule-valuecell apm-checked selected\"><span class=\"a-size-base\">\u2713<\/span><\/td>\n<td class=\"apm-tablemodule-valuecell apm-checked\"><span class=\"a-size-base\">\u2713<\/span><\/td>\n<\/tr>\n<tr class=\"apm-tablemodule-keyvalue\">\n<th class=\"apm-tablemodule-keyhead\"><span class=\"a-color-secondary\">100% V\u00e9g\u00e9tal<\/span><\/th>\n<td class=\"apm-tablemodule-valuecell apm-checked selected\"><span class=\"a-size-base\">\u2713<\/span><\/td>\n<td class=\"apm-tablemodule-valuecell apm-checked\"><span class=\"a-size-base\">\u2713<\/span><\/td>\n<td class=\"apm-tablemodule-valuecell apm-checked selected\"><span class=\"a-size-base\">\u2713<\/span><\/td>\n<td class=\"apm-tablemodule-valuecell apm-checked\"><span class=\"a-size-base\">\u2713<\/span><\/td>\n<\/tr>\n<tr class=\"apm-tablemodule-keyvalue\">\n<th class=\"apm-tablemodule-keyhead\"><span class=\"a-color-secondary\">Sans Odeur<\/span><\/th>\n<td class=\"apm-tablemodule-valuecell apm-checked selected\"><span class=\"a-size-base\">\u2713<\/span><\/td>\n<td class=\"apm-tablemodule-valuecell apm-checked\"><span class=\"a-size-base\">\u2713<\/span><\/td>\n<td class=\"apm-tablemodule-valuecell apm-checked selected\"><span class=\"a-size-base\">\u2713<\/span><\/td>\n<td class=\"apm-tablemodule-valuecell apm-checked\"><span class=\"a-size-base\">\u2713<\/span><\/td>\n<\/tr>\n<tr class=\"apm-tablemodule-keyvalue\">\n<th class=\"apm-tablemodule-keyhead\"><span class=\"a-color-secondary\">Certifi\u00e9 FSC<\/span><\/th>\n<td class=\"apm-tablemodule-valuecell apm-checked selected\"><span class=\"a-size-base\">\u2713<\/span><\/td>\n<td class=\"apm-tablemodule-valuecell apm-checked\"><span class=\"a-size-base\">\u2713<\/span><\/td>\n<td class=\"apm-tablemodule-valuecell apm-checked selected\"><span class=\"a-size-base\">\u2713<\/span><\/td>\n<td class=\"apm-tablemodule-valuecell apm-checked\"><span class=\"a-size-base\">\u2713<\/span><\/td>\n<\/tr>\n<\/tbody>\n<\/table>\n<\/div>\n<\/div>\n<\/div>\n<\/div>\n<\/div>\n<\/div>\n<\/div>\n","protected":false},"excerpt":{"rendered":"<p>D\u00e9marrez votre feu rapidement gr\u00e2ce \u00e0 nos 40 cubes allume-feu naturels HARRIS fabriqu\u00e9s \u00e0 partir de bois certifi\u00e9 FSC et impr\u00e9gn\u00e9s de cire v\u00e9g\u00e9tale d&#8217;origine naturelle. Nos allumes feu en cube sont simple d&#8217;utilisation et vous permettent une combustion puissante et de longue dur\u00e9e. Propres et naturels, ils ne contiennent aucun d\u00e9riv\u00e9 p\u00e9trolier, ne d\u00e9gagent aucune mauvaise odeur et ne laissent, apr\u00e8s combustion, aucun r\u00e9sidu toxique. Retrouvez nos cubes allume feu dans un emballage en carton recycl\u00e9 et recyclable.<\/p>\n","protected":false},"featured_media":5166,"comment_status":"open","ping_status":"closed","template":"","meta":[],"product_cat":[365,361,370],"product_tag":[375,376],"class_list":{"0":"post-5145","1":"product","2":"type-product","3":"status-publish","4":"has-post-thumbnail","6":"product_cat-allume-feux","7":"product_cat-combustibles","8":"product_cat-les-allume-feux","9":"product_tag-allume-feu-naturels","10":"product_tag-harris-80-cubes","12":"first","13":"instock","14":"sale","15":"shipping-taxable","16":"purchasable","17":"product-type-simple"},"_links":{"self":[{"href":"https:\/\/agro-jardin-brico.com\/index.php?rest_route=\/wp\/v2\/product\/5145","targetHints":{"allow":["GET"]}}],"collection":[{"href":"https:\/\/agro-jardin-brico.com\/index.php?rest_route=\/wp\/v2\/product"}],"about":[{"href":"https:\/\/agro-jardin-brico.com\/index.php?rest_route=\/wp\/v2\/types\/product"}],"replies":[{"embeddable":true,"href":"https:\/\/agro-jardin-brico.com\/index.php?rest_route=%2Fwp%2Fv2%2Fcomments&post=5145"}],"wp:featuredmedia":[{"embeddable":true,"href":"https:\/\/agro-jardin-brico.com\/index.php?rest_route=\/wp\/v2\/media\/5166"}],"wp:attachment":[{"href":"https:\/\/agro-jardin-brico.com\/index.php?rest_route=%2Fwp%2Fv2%2Fmedia&parent=5145"}],"wp:term":[{"taxonomy":"product_cat","embeddable":true,"href":"https:\/\/agro-jardin-brico.com\/index.php?rest_route=%2Fwp%2Fv2%2Fproduct_cat&post=5145"},{"taxonomy":"product_tag","embeddable":true,"href":"https:\/\/agro-jardin-brico.com\/index.php?rest_route=%2Fwp%2Fv2%2Fproduct_tag&post=5145"}],"curies":[{"name":"wp","href":"https:\/\/api.w.org\/{rel}","templated":true}]}}