{"id":5139,"date":"2023-09-20T16:47:48","date_gmt":"2023-09-20T14:47:48","guid":{"rendered":"https:\/\/agro-jardin-brico.com\/?post_type=product&#038;p=5139"},"modified":"2023-09-20T22:04:03","modified_gmt":"2023-09-20T20:04:03","slug":"bois-de-chauffage-bois-de-chene-sec-33-cm","status":"publish","type":"product","link":"https:\/\/agro-jardin-brico.com\/?product=bois-de-chauffage-bois-de-chene-sec-33-cm","title":{"rendered":"Bois De Chauffage -Bois De Ch\u00eane Sec \u2013 33 Cm"},"content":{"rendered":"<h1 style=\"text-align: center;\">Bois De Chauffage -Bois De Ch\u00eane Sec \u2013 33 Cm<\/h1>\n<p style=\"text-align: center;\">Bois de chauffage\u00a0 \u2013 H\u00eatre issu de for\u00eats durables et empil\u00e9 sur palette. Bois de chauffage \u2013 H\u00eatre br\u00fblant tr\u00e8s doucement et uniform\u00e9ment sans faire de grandes \u00e9tincelles. H\u00eatre \u2013 33 cm \u2013 Cr\u00e9e une forte lueur et est aussi tr\u00e8s appropri\u00e9 pour griller ou pour le fumage.<\/p>\n<p style=\"text-align: center;\">Notre bois de h\u00eatre est pr\u00e9alablement s\u00e9ch\u00e9 \u00e0 la chambre et peut \u00eatre utilis\u00e9 imm\u00e9diatement. Le bois de chauffage est un produit naturel et subit des variations naturelles de forme et de couleur. La palette peut contenir des rondins non fendus, des b\u00e2tons, des \u00e9corces et d\u2019autres pi\u00e8ces en bois.<\/p>\n","protected":false},"excerpt":{"rendered":"<p><img loading=\"lazy\" decoding=\"async\" class=\"\" src=\"https:\/\/media.tenor.com\/QsSSh66TxPEAAAAC\/i-cant-add-tag-limited-stock.gif\" alt=\"I Cant Add Tag Limited Stock GIF - I Cant Add Tag Limited Stock Act Fast GIFs\" width=\"382\" height=\"33\" \/><\/p>\n<ul>\n<li>Bois de chauffage H\u00eatre<\/li>\n<li>Longueur de b\u00fbche : 33,00 cm \u2013 Teneur en humidit\u00e9 : &lt; 20,00 %<\/li>\n<li>850 kg BigBag \/ 1,00 palette \/ exp\u00e9dition comprise<\/li>\n<\/ul>\n","protected":false},"featured_media":5158,"comment_status":"open","ping_status":"closed","template":"","meta":[],"product_cat":[367,364,361],"product_tag":[368],"class_list":{"0":"post-5139","1":"product","2":"type-product","3":"status-publish","4":"has-post-thumbnail","6":"product_cat-bois-de-chauffage","7":"product_cat-bois-de-chauffage-bois-pour-cheminee","8":"product_cat-combustibles","9":"product_tag-bois-de-chauffage","11":"first","12":"instock","13":"sale","14":"shipping-taxable","15":"purchasable","16":"product-type-simple"},"_links":{"self":[{"href":"https:\/\/agro-jardin-brico.com\/index.php?rest_route=\/wp\/v2\/product\/5139","targetHints":{"allow":["GET"]}}],"collection":[{"href":"https:\/\/agro-jardin-brico.com\/index.php?rest_route=\/wp\/v2\/product"}],"about":[{"href":"https:\/\/agro-jardin-brico.com\/index.php?rest_route=\/wp\/v2\/types\/product"}],"replies":[{"embeddable":true,"href":"https:\/\/agro-jardin-brico.com\/index.php?rest_route=%2Fwp%2Fv2%2Fcomments&post=5139"}],"wp:featuredmedia":[{"embeddable":true,"href":"https:\/\/agro-jardin-brico.com\/index.php?rest_route=\/wp\/v2\/media\/5158"}],"wp:attachment":[{"href":"https:\/\/agro-jardin-brico.com\/index.php?rest_route=%2Fwp%2Fv2%2Fmedia&parent=5139"}],"wp:term":[{"taxonomy":"product_cat","embeddable":true,"href":"https:\/\/agro-jardin-brico.com\/index.php?rest_route=%2Fwp%2Fv2%2Fproduct_cat&post=5139"},{"taxonomy":"product_tag","embeddable":true,"href":"https:\/\/agro-jardin-brico.com\/index.php?rest_route=%2Fwp%2Fv2%2Fproduct_tag&post=5139"}],"curies":[{"name":"wp","href":"https:\/\/api.w.org\/{rel}","templated":true}]}}