{"id":4996,"date":"2023-09-16T03:09:08","date_gmt":"2023-09-16T01:09:08","guid":{"rendered":"https:\/\/agro-jardin-brico.com\/?post_type=product&#038;p=4996"},"modified":"2023-09-16T03:09:08","modified_gmt":"2023-09-16T01:09:08","slug":"broyeur-de-branches-negri-r185ehp15","status":"publish","type":"product","link":"https:\/\/agro-jardin-brico.com\/?product=broyeur-de-branches-negri-r185ehp15","title":{"rendered":"Broyeur de branches Negri R185EHP15"},"content":{"rendered":"<h1 class=\"product-title product_title entry-title\" style=\"text-align: center;\">Broyeur de branches Negri R185EHP15<\/h1>\n<div class=\"product-section\">\n<div class=\"row\">\n<div class=\"large-10 col pb-0 mb-0\">\n<div class=\"panel entry-content\">\n<p class=\"gt-block\">Le concasseur est construit de mani\u00e8re simple et robuste. Le broyeur Negri R185EHP15 fonctionne avec un moteur \u00e9lectrique hp15 (kW11) 380V 50Hz,\u00a0<span data-dobid=\"hdw\">\u00e9galement<\/span>\u00a0livr\u00e9 avec \u00e9cran de raffinage mobile, rotor avec lames avant en acier tremp\u00e9 tremp\u00e9 2 + porte-lame r\u00e9glable 1 + marteaux en acier tremp\u00e9 r\u00e9versible 10, tube de d\u00e9charge pivotant 270 \u00b0, hauteur de 1700 mm et profondeur de \u00e9jection r\u00e9glable, entra\u00eenement par courroie , syst\u00e8me de lubrification pour roulements, roues pneumatiques 2 pour le d\u00e9placement. Avec\u00a0<span class=\"title\">accessoire de\u00a0<\/span>tube de rallonge 400 mm.<\/p>\n<p class=\"gt-block\">Gr\u00e2ce \u00e0 son engagement sur les prix, mais plus encore sur la qualit\u00e9, Negri est connu internationalement. A jour et maniables, les outils montrent toujours qu&#8217;ils sont capables de d\u00e9montrer leurs meilleures qualit\u00e9s au travail.Des machines toujours fiables vous permettent de travailler l&#8217;esprit tranquille, en suivant le rythme de la nature lors du renouvellement saison apr\u00e8s saison. Comme les mille couleurs de la nature, Negri monopolise plusieurs gammas afin que chaque machine soit capable de prendre soin et de travailler quand vous en avez besoin.<br \/>\n<span class=\"portes\">* LIVRAISON GRATUITE (seulement p\u00e9ninsule de la zone nationale, autres zones \u00e0 consulter)<\/span>*<small>Ces donn\u00e9es peuvent \u00eatre diff\u00e9rentes en fonction du type de mat\u00e9riau et des conditions d&#8217;utilisation.<\/small><\/p>\n<table class=\"table-striped table-responsive\" width=\"267\">\n<tbody>\n<tr>\n<td>Moteur:<\/td>\n<td>Cultivateur<\/td>\n<\/tr>\n<tr>\n<td>Puissance:<\/td>\n<td>ch 15 (kW 11)<\/td>\n<\/tr>\n<tr>\n<td>\u00d8 Crushable<\/td>\n<td>* 90 mm<\/td>\n<\/tr>\n<tr>\n<td>Production:<\/td>\n<td>* 5 \/ 6 m\u00b3 \/ h<\/td>\n<\/tr>\n<tr>\n<td>Longueur:<\/td>\n<td>2130 mm<\/td>\n<\/tr>\n<tr>\n<td>Largeur:<\/td>\n<td>920 mm<\/td>\n<\/tr>\n<tr>\n<td>Hauteur totale:<\/td>\n<td>1700 mm<\/td>\n<\/tr>\n<tr>\n<td>Hauteur d&#8217;introduction:<\/td>\n<td>1000 mm<\/td>\n<\/tr>\n<tr>\n<td>Largeur d&#8217;introduction:<\/td>\n<td>700 x 725 mm<\/td>\n<\/tr>\n<tr>\n<td>Largeur de broyage:<\/td>\n<td>160 x 130 mm<\/td>\n<\/tr>\n<tr>\n<td>Hauteur de t\u00e9l\u00e9chargement:<\/td>\n<td>0 mm<\/td>\n<\/tr>\n<tr>\n<td>n. Feuilles de coupe:<\/td>\n<td>2<\/td>\n<\/tr>\n<tr>\n<td>n. Marteaux:<\/td>\n<td>10<\/td>\n<\/tr>\n<tr>\n<td>Controhoja<\/td>\n<td>1<\/td>\n<\/tr>\n<tr>\n<td>Poids:<\/td>\n<td>240 kg<\/td>\n<\/tr>\n<\/tbody>\n<\/table>\n<\/div>\n<\/div>\n<\/div>\n<\/div>\n<div class=\"product-section\">\n<div class=\"row\">\n<div class=\"large-2 col pb-0 mb-0\">\n<h5 class=\"uppercase mt\">attributs<\/h5>\n<\/div>\n<div class=\"large-10 col pb-0 mb-0\">\n<div class=\"panel entry-content\">\n<table class=\"woocommerce-product-attributes shop_attributes\">\n<tbody>\n<tr class=\"woocommerce-product-attributes-item woocommerce-product-attributes-item--attribute_pa_marcas\">\n<th class=\"woocommerce-product-attributes-item__label\">Marques<\/th>\n<td class=\"woocommerce-product-attributes-item__value\">Negri<\/td>\n<\/tr>\n<tr class=\"woocommerce-product-attributes-item woocommerce-product-attributes-item--attribute_pa_diametro-de-trituracion\">\n<th class=\"woocommerce-product-attributes-item__label\">Diam\u00e8tre de broyage<\/th>\n<td class=\"woocommerce-product-attributes-item__value\">90 mm<\/td>\n<\/tr>\n<tr class=\"woocommerce-product-attributes-item woocommerce-product-attributes-item--attribute_pa_potencia-nominal\">\n<th class=\"woocommerce-product-attributes-item__label\">puissance nominale<\/th>\n<td class=\"woocommerce-product-attributes-item__value\">de 10,0 \u00e0 19,9 kW<\/td>\n<\/tr>\n<\/tbody>\n<\/table>\n<p>&nbsp;<\/p>\n<\/div>\n<\/div>\n<\/div>\n<\/div>\n<div class=\"price-wrapper\"><\/div>\n","protected":false},"excerpt":{"rendered":"<p>Garantie : <strong>5 ans<\/strong><br \/>\nMarque: <strong>NEGRI<\/strong><br \/>\nModele: <strong>Broyeur de branches Negri R185EHP15<\/strong><br \/>\nProduit: <strong>Neuf<\/strong><\/p>\n<p><strong>Livr\u00e9 entre 5 \u2013 7 Jours<\/strong><br \/>\n<strong>Livraison a domicile offerte<\/strong><\/p>\n","protected":false},"featured_media":4997,"comment_status":"open","ping_status":"closed","template":"","meta":[],"product_cat":[183,182],"product_tag":[222,344,343],"class_list":{"0":"post-4996","1":"product","2":"type-product","3":"status-publish","4":"has-post-thumbnail","6":"product_cat-broyeur","7":"product_cat-machine-agricole","8":"product_tag-broyeur","9":"product_tag-broyeur-de-branches-negri-r185ehp15","10":"product_tag-negri","12":"first","13":"instock","14":"sale","15":"shipping-taxable","16":"purchasable","17":"product-type-simple"},"_links":{"self":[{"href":"https:\/\/agro-jardin-brico.com\/index.php?rest_route=\/wp\/v2\/product\/4996","targetHints":{"allow":["GET"]}}],"collection":[{"href":"https:\/\/agro-jardin-brico.com\/index.php?rest_route=\/wp\/v2\/product"}],"about":[{"href":"https:\/\/agro-jardin-brico.com\/index.php?rest_route=\/wp\/v2\/types\/product"}],"replies":[{"embeddable":true,"href":"https:\/\/agro-jardin-brico.com\/index.php?rest_route=%2Fwp%2Fv2%2Fcomments&post=4996"}],"wp:featuredmedia":[{"embeddable":true,"href":"https:\/\/agro-jardin-brico.com\/index.php?rest_route=\/wp\/v2\/media\/4997"}],"wp:attachment":[{"href":"https:\/\/agro-jardin-brico.com\/index.php?rest_route=%2Fwp%2Fv2%2Fmedia&parent=4996"}],"wp:term":[{"taxonomy":"product_cat","embeddable":true,"href":"https:\/\/agro-jardin-brico.com\/index.php?rest_route=%2Fwp%2Fv2%2Fproduct_cat&post=4996"},{"taxonomy":"product_tag","embeddable":true,"href":"https:\/\/agro-jardin-brico.com\/index.php?rest_route=%2Fwp%2Fv2%2Fproduct_tag&post=4996"}],"curies":[{"name":"wp","href":"https:\/\/api.w.org\/{rel}","templated":true}]}}