{"id":4952,"date":"2023-09-14T14:39:13","date_gmt":"2023-09-14T12:39:13","guid":{"rendered":"https:\/\/agro-jardin-brico.com\/?post_type=product&#038;p=4952"},"modified":"2023-09-14T14:52:02","modified_gmt":"2023-09-14T12:52:02","slug":"thaler-2230","status":"publish","type":"product","link":"https:\/\/agro-jardin-brico.com\/?product=thaler-2230","title":{"rendered":"THALER 2230"},"content":{"rendered":"<h1 class=\"product_title entry-title nectar-inherit-default\" style=\"text-align: center;\">THALER 2230<\/h1>\n<p><strong>Version standard.<\/strong><br \/>\n\u2022 Fixation hydraulique Thaler<br \/>\n\u2022 Toit de s\u00e9curit\u00e9 homologu\u00e9 ROPS\/FOPS<br \/>\n\u2022 Hydraulique 3 fonctions<br \/>\n\u2022 Fonction flottante de levage et d&#8217;inclinaison<br \/>\n\u2022 Si\u00e8ge confort avec ceinture de s\u00e9curit\u00e9<br \/>\n\u2022 Lampe de travail LED<br \/>\n\u2022 Refroidisseur d&#8217;huile combin\u00e9<br \/>\n\u2022 Arbre interm\u00e9diaire<\/p>\n<p>&nbsp;<\/p>\n<table id=\"tablepress-14\" class=\"tablepress tablepress-id-14\">\n<tbody>\n<tr class=\"row-1\">\n<td class=\"column-1\">Moteur<\/td>\n<td class=\"column-2\">Yanmar 3 syl 18,9 kW \/ 26 Hk &#8211; 3000 omdr.<\/td>\n<\/tr>\n<tr class=\"row-2\">\n<td class=\"column-1\">carburant<\/td>\n<td class=\"column-2\">Diesel<\/td>\n<\/tr>\n<tr class=\"row-3\">\n<td class=\"column-1\">Transmission<\/td>\n<td class=\"column-2\">4 roues motrices &#8211; Bosch Rexroth Hydrostat, avec 2 essieux Comer et essieu interm\u00e9diaire<\/td>\n<\/tr>\n<tr class=\"row-4\">\n<td class=\"column-1\">Contr\u00f4le<\/td>\n<td class=\"column-2\">Coup de pied multifonction avec interrupteur de marche arri\u00e8re<\/td>\n<\/tr>\n<tr class=\"row-5\">\n<td class=\"column-1\">Vitesse<\/td>\n<td class=\"column-2\">0-20 km\/h \u2013 2 tours<\/td>\n<\/tr>\n<tr class=\"row-6\">\n<td class=\"column-1\">Hydraulique de travail \/ 3 fonctions<\/td>\n<td class=\"column-2\">42 l\/min<\/td>\n<\/tr>\n<\/tbody>\n<\/table>\n","protected":false},"excerpt":{"rendered":"<p>Garantie :<strong> 5 ans<\/strong><br \/>\nMarque: <strong>THALER<\/strong><br \/>\nModele: <strong>2230<\/strong><br \/>\nProduit: <strong>Neuf<\/strong><\/p>\n<p><strong>Livr\u00e9 entre 5 \u2013 7 Jours<\/strong><br \/>\n<strong>Livraison a domicile offerte<\/strong><\/p>\n","protected":false},"featured_media":4953,"comment_status":"open","ping_status":"closed","template":"","meta":[],"product_cat":[182,184,186],"product_tag":[],"class_list":{"0":"post-4952","1":"product","2":"type-product","3":"status-publish","4":"has-post-thumbnail","6":"product_cat-machine-agricole","7":"product_cat-micro-tracteurs","8":"product_cat-tracteur-agricole","10":"first","11":"instock","12":"sale","13":"shipping-taxable","14":"purchasable","15":"product-type-variable"},"_links":{"self":[{"href":"https:\/\/agro-jardin-brico.com\/index.php?rest_route=\/wp\/v2\/product\/4952","targetHints":{"allow":["GET"]}}],"collection":[{"href":"https:\/\/agro-jardin-brico.com\/index.php?rest_route=\/wp\/v2\/product"}],"about":[{"href":"https:\/\/agro-jardin-brico.com\/index.php?rest_route=\/wp\/v2\/types\/product"}],"replies":[{"embeddable":true,"href":"https:\/\/agro-jardin-brico.com\/index.php?rest_route=%2Fwp%2Fv2%2Fcomments&post=4952"}],"wp:featuredmedia":[{"embeddable":true,"href":"https:\/\/agro-jardin-brico.com\/index.php?rest_route=\/wp\/v2\/media\/4953"}],"wp:attachment":[{"href":"https:\/\/agro-jardin-brico.com\/index.php?rest_route=%2Fwp%2Fv2%2Fmedia&parent=4952"}],"wp:term":[{"taxonomy":"product_cat","embeddable":true,"href":"https:\/\/agro-jardin-brico.com\/index.php?rest_route=%2Fwp%2Fv2%2Fproduct_cat&post=4952"},{"taxonomy":"product_tag","embeddable":true,"href":"https:\/\/agro-jardin-brico.com\/index.php?rest_route=%2Fwp%2Fv2%2Fproduct_tag&post=4952"}],"curies":[{"name":"wp","href":"https:\/\/api.w.org\/{rel}","templated":true}]}}