{"id":4650,"date":"2023-08-26T18:44:40","date_gmt":"2023-08-26T16:44:40","guid":{"rendered":"https:\/\/agro-jardin-brico.com\/?post_type=product&#038;p=4650"},"modified":"2023-08-26T18:44:40","modified_gmt":"2023-08-26T16:44:40","slug":"champion-power-equipment-generateur-a-onduleur-portable-4-500-watts","status":"publish","type":"product","link":"https:\/\/agro-jardin-brico.com\/?product=champion-power-equipment-generateur-a-onduleur-portable-4-500-watts","title":{"rendered":"Champion Power Equipment G\u00e9n\u00e9rateur \u00e0 onduleur portable 4 500 watts"},"content":{"rendered":"<div id=\"productDescription-3_feature_div\" class=\"celwidget\" data-feature-name=\"productDescription-3\" data-csa-c-type=\"widget\" data-csa-c-content-id=\"productDescription-3\" data-csa-c-slot-id=\"productDescription-3_feature_div\" data-csa-c-asin=\"\" data-csa-c-is-in-initial-active-row=\"false\" data-cel-widget=\"productDescription-3_feature_div\" data-csa-c-id=\"ncxuom-g9qx7v-8hubxd-knaof7\">\n<div>\n<div id=\"productDescription_feature_div\" class=\"a-row feature\" data-feature-name=\"productDescription\" data-template-name=\"productDescription\" data-cel-widget=\"productDescription_feature_div\">\n<div id=\"productDescription\" class=\"a-section a-spacing-small\">\n<h1 id=\"title\" class=\"a-size-large a-spacing-none\" style=\"text-align: center;\"><span id=\"productTitle\" class=\"a-size-large product-title-word-break\"><span>Champion Power Equipment 200987 G\u00e9n\u00e9rateur \u00e0 onduleur portable pr\u00eat pour camping-car, 4 500 watts, d\u00e9marrage \u00e0 distance sans fil<\/span><\/span><\/h1>\n<p>Le g\u00e9n\u00e9rateur \u00e0 onduleur Champion Power Equipment de 4 500 watts est ultra silencieux et id\u00e9al pour le camping, le talonnage, l&#8217;alimentation d&#8217;articles autour du camping-car ou pour fournir une sauvegarde de vos essentiels.\u00a0Champion s&#8217;occupe de la commodit\u00e9.\u00a0D\u00e9marrer et arr\u00eater votre g\u00e9n\u00e9rateur jusqu&#8217;\u00e0 80 pieds de distance avec la t\u00e9l\u00e9commande sans fil est un jeu d&#8217;enfant.\u00a0Le cadran EZ Start Dial de Champion permet de d\u00e9marrer rapidement et facilement.\u00a0Dot\u00e9 de la technologie de d\u00e9marrage \u00e0 froid, d&#8217;une dur\u00e9e de fonctionnement prolong\u00e9e et d&#8217;une jauge de carburant facile \u00e0 lire, le moteur fiable Champion de 212 cm3 produit 4\u00a0500 watts de d\u00e9marrage et 3\u00a0500 watts de fonctionnement, et fonctionne pendant 14 heures \u00e0 25 % de charge lorsque le r\u00e9servoir de carburant de 2,3 gallons est plein.\u00a0Avec une capacit\u00e9 d&#8217;huile de 0,5 litre (10W-30 incluse) et un capteur d&#8217;arr\u00eat d&#8217;huile faible, cet onduleur fonctionne \u00e0 un niveau ultra-silencieux de 61 dBA \u00e0 partir de 23 pieds, ce qui est \u00e0 peu pr\u00e8s aussi fort qu&#8217;une parole normale.\u00a0Le panneau d&#8217;acc\u00e8s sans outil et le tube de vidange d&#8217;huile permettent un entretien facile.\u00a0Connectez en toute confiance vos appareils \u00e9lectroniques sensibles puisque cet onduleur produit de l&#8217;\u00e9nergie propre (moins de 3 % THD).\u00a0Notre panneau tactile rapide offre un acc\u00e8s rapide \u00e0 toutes vos commandes.\u00a0L&#8217;Intelligauge avec Power Meter surveille facilement la tension, la fr\u00e9quence et les heures de fonctionnement, tandis que le mode \u00e9conomie surveille la consommation d&#8217;\u00e9nergie en temps r\u00e9el pour r\u00e9duire l&#8217;usure du moteur.\u00a0\u00c0 mesure que la charge \u00e9lectrique est r\u00e9duite, l&#8217;onduleur r\u00e9duit le r\u00e9gime du moteur, offrant ainsi un fonctionnement plus silencieux, une dur\u00e9e de vie prolong\u00e9e du moteur et une \u00e9conomie de carburant plus \u00e9lev\u00e9e.\u00a0Les prises couvertes de cet onduleur RV Ready comprennent un RV 120 V 30 A (TT-30R), deux prises domestiques 120 V 20 A (5-20R), une prise 12 V de type automobile et un adaptateur USB double port pratique. Le kit parall\u00e8le en option (vendu s\u00e9par\u00e9ment), avec prise RV standard de 50 amp\u00e8res incluse,\u00a0vous permet d&#8217;augmenter la production en connectant jusqu&#8217;\u00e0 deux onduleurs de 2\u00a0800 watts ou plus.\u00a0Les pneus jamais crev\u00e9s et la poign\u00e9e rabattable facilitent le transport.\u00a0Achetez ce g\u00e9n\u00e9rateur certifi\u00e9 EPA et conforme CARB en toute confiance \u2013 Champion Support et notre r\u00e9seau national de centres de service sauvegarderont votre achat avec une garantie limit\u00e9e de 3 ans et une assistance technique GRATUITE \u00e0 vie.<\/p>\n<\/div>\n<\/div>\n<\/div>\n<\/div>\n<div id=\"productDetailsNonPets_feature_div\" class=\"celwidget\" data-feature-name=\"productDetailsNonPets\" data-csa-c-type=\"widget\" data-csa-c-content-id=\"productDetailsNonPets\" data-csa-c-slot-id=\"productDetailsNonPets_feature_div\" data-csa-c-asin=\"\" data-csa-c-is-in-initial-active-row=\"false\" data-cel-widget=\"productDetailsNonPets_feature_div\" data-csa-c-id=\"4m9ys2-bv73hq-jr6z9j-moq9vc\">\n<div>\n<div id=\"prodDetails\" class=\"a-section\">\n<h2>Information produit<\/h2>\n<div class=\"a-row a-spacing-top-base\">\n<div class=\"a-column a-span6\">\n<div class=\"a-row a-spacing-base\">\n<div class=\"a-row a-expander-container a-expander-extend-container\">\n<div class=\"a-row\">\n<div class=\"a-column a-span6\">\n<h1 class=\"a-size-medium a-spacing-small\">D\u00e9tails techniques<\/h1>\n<\/div>\n<\/div>\n<div class=\"a-expander-content a-expander-extend-content\" aria-expanded=\"true\">\n<div class=\"a-row a-expander-container a-expander-inline-container\">\n<div class=\"a-expander-content a-expander-section-content a-section-expander-inner\" aria-expanded=\"true\">\n<table id=\"productDetails_techSpec_section_1\" class=\"a-keyvalue prodDetTable\" role=\"presentation\">\n<tbody>\n<tr>\n<th class=\"a-color-secondary a-size-base prodDetSectionEntry\">Marque<\/th>\n<td class=\"a-size-base prodDetAttrValue\">\u200e\u00c9quipement \u00e9lectrique Champion<\/td>\n<\/tr>\n<tr>\n<th class=\"a-color-secondary a-size-base prodDetSectionEntry\">Puissance<\/th>\n<td class=\"a-size-base prodDetAttrValue\">\u200e4 500 watts<\/td>\n<\/tr>\n<tr>\n<th class=\"a-color-secondary a-size-base prodDetSectionEntry\">Type de carburant<\/th>\n<td class=\"a-size-base prodDetAttrValue\">\u200eEssence<\/td>\n<\/tr>\n<tr>\n<th class=\"a-color-secondary a-size-base prodDetSectionEntry\">Source d&#8217;\u00e9nergie<\/th>\n<td class=\"a-size-base prodDetAttrValue\">\u200eAliment\u00e9 au gaz<\/td>\n<\/tr>\n<tr>\n<th class=\"a-color-secondary a-size-base prodDetSectionEntry\">Poids de l&#8217;article<\/th>\n<td class=\"a-size-base prodDetAttrValue\">\u200e97 livres<\/td>\n<\/tr>\n<tr>\n<th class=\"a-color-secondary a-size-base prodDetSectionEntry\">Tension<\/th>\n<td class=\"a-size-base prodDetAttrValue\">\u200e120 Volts<\/td>\n<\/tr>\n<tr>\n<th class=\"a-color-secondary a-size-base prodDetSectionEntry\">Puissance de sortie<\/th>\n<td class=\"a-size-base prodDetAttrValue\">\u200e4 500 watts<\/td>\n<\/tr>\n<tr>\n<th class=\"a-color-secondary a-size-base prodDetSectionEntry\">Une fonction sp\u00e9ciale<\/th>\n<td class=\"a-size-base prodDetAttrValue\">\u200ePortable<\/td>\n<\/tr>\n<tr>\n<th class=\"a-color-secondary a-size-base prodDetSectionEntry\">Composants inclus<\/th>\n<td class=\"a-size-base prodDetAttrValue\">\u200eG\u00e9n\u00e9rateur<\/td>\n<\/tr>\n<tr>\n<th class=\"a-color-secondary a-size-base prodDetSectionEntry\">Couleur<\/th>\n<td class=\"a-size-base prodDetAttrValue\">\u200eJaune\/Noir<\/td>\n<\/tr>\n<tr>\n<th class=\"a-color-secondary a-size-base prodDetSectionEntry\">dimensions du produit<\/th>\n<td class=\"a-size-base prodDetAttrValue\">\u200e23,2&#8243; de longueur x 17,7&#8243; de largeur x 20,1&#8243; de hauteur<\/td>\n<\/tr>\n<tr>\n<th class=\"a-color-secondary a-size-base prodDetSectionEntry\">Nom du mod\u00e8le<\/th>\n<td class=\"a-size-base prodDetAttrValue\">\u200e4 500 watts pr\u00eat pour les camping-cars<\/td>\n<\/tr>\n<tr>\n<th class=\"a-color-secondary a-size-base prodDetSectionEntry\">Type de moteur<\/th>\n<td class=\"a-size-base prodDetAttrValue\">\u200e4 temps<\/td>\n<\/tr>\n<tr>\n<th class=\"a-color-secondary a-size-base prodDetSectionEntry\">Volume du r\u00e9servoir<\/th>\n<td class=\"a-size-base prodDetAttrValue\">\u200e2,3 gallons<\/td>\n<\/tr>\n<tr>\n<th class=\"a-color-secondary a-size-base prodDetSectionEntry\">Cylindr\u00e9e du moteur<\/th>\n<td class=\"a-size-base prodDetAttrValue\">\u200e212 centim\u00e8tres cubes<\/td>\n<\/tr>\n<tr>\n<th class=\"a-color-secondary a-size-base prodDetSectionEntry\">Dur\u00e9e<\/th>\n<td class=\"a-size-base prodDetAttrValue\">\u200e14 heures<\/td>\n<\/tr>\n<tr>\n<th class=\"a-color-secondary a-size-base prodDetSectionEntry\">Fr\u00e9quence<\/th>\n<td class=\"a-size-base prodDetAttrValue\">\u200e60 Hz<\/td>\n<\/tr>\n<tr>\n<th class=\"a-color-secondary a-size-base prodDetSectionEntry\">Puissance de fonctionnement<\/th>\n<td class=\"a-size-base prodDetAttrValue\">\u200e3 500 watts<\/td>\n<\/tr>\n<tr>\n<th class=\"a-color-secondary a-size-base prodDetSectionEntry\">Fabricant<\/th>\n<td class=\"a-size-base prodDetAttrValue\">\u200e\u00c9quipement \u00e9lectrique Champion<\/td>\n<\/tr>\n<tr>\n<th class=\"a-color-secondary a-size-base prodDetSectionEntry\">Num\u00e9ro d&#8217;article<\/th>\n<td class=\"a-size-base prodDetAttrValue\">\u200e200987<\/td>\n<\/tr>\n<tr>\n<th class=\"a-color-secondary a-size-base prodDetSectionEntry\">Poids de l&#8217;article<\/th>\n<td class=\"a-size-base prodDetAttrValue\">\u200e97 livres<\/td>\n<\/tr>\n<tr>\n<th class=\"a-color-secondary a-size-base prodDetSectionEntry\">Num\u00e9ro de mod\u00e8le de l&#8217;article<\/th>\n<td class=\"a-size-base prodDetAttrValue\">\u200e200987<\/td>\n<\/tr>\n<tr>\n<th class=\"a-color-secondary a-size-base prodDetSectionEntry\">Batteries<\/th>\n<td class=\"a-size-base prodDetAttrValue\">\u200e1 batterie lithium-ion requise.\u00a0(inclus)<\/td>\n<\/tr>\n<tr>\n<th class=\"a-color-secondary a-size-base prodDetSectionEntry\">Taille<\/th>\n<td class=\"a-size-base prodDetAttrValue\">\u200e212cc<\/td>\n<\/tr>\n<tr>\n<th class=\"a-color-secondary a-size-base prodDetSectionEntry\">Style<\/th>\n<td class=\"a-size-base prodDetAttrValue\">\u200e4 500 watts + gaz + d\u00e9marrage \u00e0 distance EZ<\/td>\n<\/tr>\n<tr>\n<th class=\"a-color-secondary a-size-base prodDetSectionEntry\">Mod\u00e8le<\/th>\n<td class=\"a-size-base prodDetAttrValue\">\u200eG\u00e9n\u00e9rateur<\/td>\n<\/tr>\n<tr>\n<th class=\"a-color-secondary a-size-base prodDetSectionEntry\">Quantit\u00e9 d&#8217;emballage d&#8217;article<\/th>\n<td class=\"a-size-base prodDetAttrValue\">\u200e1<\/td>\n<\/tr>\n<tr>\n<th class=\"a-color-secondary a-size-base prodDetSectionEntry\">Fonctionnalit\u00e9s sp\u00e9ciales<\/th>\n<td class=\"a-size-base prodDetAttrValue\">\u200ePortable<\/td>\n<\/tr>\n<tr>\n<th class=\"a-color-secondary a-size-base prodDetSectionEntry\">Batteries incluses?<\/th>\n<td class=\"a-size-base prodDetAttrValue\">\u200eOui<\/td>\n<\/tr>\n<tr>\n<th class=\"a-color-secondary a-size-base prodDetSectionEntry\">Piles requises ?<\/th>\n<td class=\"a-size-base prodDetAttrValue\">\u200eOui<\/td>\n<\/tr>\n<tr>\n<th class=\"a-color-secondary a-size-base prodDetSectionEntry\">Type de cellule de batterie<\/th>\n<td class=\"a-size-base prodDetAttrValue\">\u200eLithium-Ion<\/td>\n<\/tr>\n<tr>\n<th class=\"a-color-secondary a-size-base prodDetSectionEntry\">Description de la garantie<\/th>\n<td class=\"a-size-base prodDetAttrValue\">\u200eGarantie limit\u00e9e de 3 ans<\/td>\n<\/tr>\n<\/tbody>\n<\/table>\n<p>&nbsp;<\/p>\n<\/div>\n<div class=\"celwidget aplus-module 3p-module-b aplus-standard\" data-cel-widget=\"aplus-3p-module-b\" data-csa-c-id=\"12yclv-jt8dyv-vtqm4z-me5v78\">\n<div class=\"aplus-module-wrapper aplus-3p-fixed-width\"><img decoding=\"async\" class=\"a-spacing-base\" src=\"https:\/\/m.media-amazon.com\/images\/S\/aplus-media\/vc\/9ed1b2f8-4955-46b1-86a8-4bef9a6d4f72.__CR26,0,3992,2469_PT0_SX970_V1___.png\" alt=\"g\u00e9n\u00e9rateur onduleur aliment\u00e9 au gaz champion 4500 watts panne de secours g\u00e9n\u00e9rateurs de temp\u00eate portables silencieux pour camping-car\" data-src=\"https:\/\/m.media-amazon.com\/images\/S\/aplus-media\/vc\/9ed1b2f8-4955-46b1-86a8-4bef9a6d4f72.__CR26,0,3992,2469_PT0_SX970_V1___.png\" \/><\/div>\n<\/div>\n<div class=\"celwidget aplus-module module-1 aplus-standard\" data-cel-widget=\"aplus-module-1\" data-csa-c-id=\"x2yi7e-i5z0lr-h88sfj-iomufb\">\n<div class=\"aplus-module-wrapper apm-fixed-width\">\n<div class=\"apm-spacing apm-wrap\">\n<div class=\"apm-floatleft apm-wrap\">\n<div class=\"apm-leftimage\"><img decoding=\"async\" class=\"a-spacing-mini alignright\" src=\"https:\/\/m.media-amazon.com\/images\/S\/aplus-media\/vc\/a256d0c7-9434-4d30-aeb0-3c1330d54b91.__CR0,0,1500,2000_PT0_SX300_V1___.jpg\" alt=\"g\u00e9n\u00e9rateur onduleur aliment\u00e9 au gaz champion 4500 watts panne de secours g\u00e9n\u00e9rateurs de temp\u00eate portables silencieux pour camping-car\" data-src=\"https:\/\/m.media-amazon.com\/images\/S\/aplus-media\/vc\/a256d0c7-9434-4d30-aeb0-3c1330d54b91.__CR0,0,1500,2000_PT0_SX300_V1___.jpg\" \/><br \/>\n&nbsp;<\/p>\n<\/div>\n<div class=\"apm-rightthirdcol\">\n<div class=\"apm-rightthirdcol-inner\"><img decoding=\"async\" class=\"a-spacing-mini\" src=\"https:\/\/m.media-amazon.com\/images\/S\/aplus-media\/vc\/04a7db8e-6d82-48ea-84b7-547b1fde2a40.__CR0,0,898,449_PT0_SX350_V1___.png\" alt=\"g\u00e9n\u00e9rateur onduleur aliment\u00e9 au gaz champion 4500 watts panne de secours g\u00e9n\u00e9rateurs de temp\u00eate portables silencieux pour camping-car\" data-src=\"https:\/\/m.media-amazon.com\/images\/S\/aplus-media\/vc\/04a7db8e-6d82-48ea-84b7-547b1fde2a40.__CR0,0,898,449_PT0_SX350_V1___.png\" \/><\/p>\n<p class=\"a-spacing-small a-size-small a-color-secondary\"><span>Depuis 2003, Champion Power Equipment a acquis la r\u00e9putation de concevoir et de produire les meilleurs \u00e9quipements \u00e9lectriques.\u00a0Depuis notre si\u00e8ge social en Californie, Champion a \u00e9tendu sa pr\u00e9sence en Am\u00e9rique du Nord pour inclure des installations au Tennessee, au Wisconsin et au Canada.<\/span><\/p>\n<p class=\"a-spacing-small a-size-small a-color-secondary\"><span>La gamme de produits Champion s&#8217;est \u00e9largie pour inclure des g\u00e9n\u00e9rateurs portables, des g\u00e9n\u00e9rateurs de secours domestiques, des g\u00e9n\u00e9rateurs \u00e0 onduleur, des moteurs, des treuils et bien plus encore.\u00a0Avec plus de 2,5 millions de g\u00e9n\u00e9rateurs vendus, Champion est un leader dans le domaine des \u00e9quipements \u00e9lectriques.<\/span><\/p>\n<\/div>\n<\/div>\n<div class=\"apm-centerthirdcol apm-wrap\">\n<h3 class=\"a-spacing-mini\"><span>G\u00e9n\u00e9rateur inverseur \u00e0 d\u00e9marrage \u00e0 distance sans fil de 4 500 watts avec technologie silencieuse<\/span><\/h3>\n<h4 class=\"a-spacing-mini a-color-secondary a-text-italic\"><span>Alimentez votre vie<\/span><\/h4>\n<p class=\"a-spacing-base\"><span>Notre g\u00e9n\u00e9rateur inverseur de 4 500 watts avec porte-cl\u00e9s \u00e0 distance vous permet de d\u00e9marrer et d&#8217;arr\u00eater votre g\u00e9n\u00e9rateur jusqu&#8217;\u00e0 80 pieds de distance.\u00a0Notre solution d&#8217;alimentation riche en fonctionnalit\u00e9s comprend une technologie silencieuse, une dur\u00e9e de fonctionnement prolong\u00e9e, un mode \u00e9conomique et une alimentation propre, et vous pouvez facilement augmenter votre puissance avec le kit parall\u00e8le en option.<\/span><\/p>\n<div class=\"amp-centerthirdcol-listbox\">\n<div class=\"a-box a-spacing-small a-color-alternate-background apm-listbox amp-centerthirdcol-listbox\">\n<div class=\"a-box-inner\">\n<ul class=\"a-unordered-list a-vertical\">\n<li><span class=\"a-list-item\"><span class=\"a-size-base\"><span>Puissance de d\u00e9marrage\u00a0: 4\u00a0500\u00a0W<\/span><\/span><\/span><\/li>\n<li><span class=\"a-list-item\"><span class=\"a-size-base\"><span>Puissance de fonctionnement\u00a0: 3\u00a0500\u00a0W<\/span><\/span><\/span><\/li>\n<li><span class=\"a-list-item\"><span class=\"a-size-base\"><span>Moteur : 4 temps 212 cm3 \u00e0 soupapes en t\u00eate<\/span><\/span><\/span><\/li>\n<li><span class=\"a-list-item\"><span class=\"a-size-base\"><span>R\u00e9servoir de carburant\u00a0: 2,3 gallons<\/span><\/span><\/span><\/li>\n<li><span class=\"a-list-item\"><span class=\"a-size-base\"><span>Dur\u00e9e d&#8217;ex\u00e9cution : jusqu&#8217;\u00e0 14 heures.<\/span><\/span><\/span><\/li>\n<li><span class=\"a-list-item\"><span class=\"a-size-base\"><span>Assemblage requis\u00a0: Oui<\/span><\/span><\/span><\/li>\n<li><span class=\"a-list-item\"><span class=\"a-size-base\"><span>Dimensions du produit : 23,2&#8243; x 17,7&#8243; x 20,1&#8243;<\/span><\/span><\/span><\/li>\n<li><span class=\"a-list-item\"><span class=\"a-size-base\"><span>Articles inclus\u00a0: porte-cl\u00e9s \u00e0 distance, adaptateur USB, huile moteur, entonnoir \u00e0 huile, cl\u00e9 \u00e0 bougie, cl\u00e9 de 8\/10\u00a0mm, tournevis Phillips\/\u00e0 t\u00eate plate r\u00e9versible<\/span><\/span><\/span><\/li>\n<\/ul>\n<\/div>\n<\/div>\n<\/div>\n<\/div>\n<\/div>\n<\/div>\n<\/div>\n<div><\/div>\n<\/div>\n<div class=\"celwidget aplus-module module-4 aplus-standard\" data-cel-widget=\"aplus-module-4\" data-csa-c-id=\"2vuqy6-bn5u4j-s7nng3-v4fmva\">\n<div class=\"aplus-module-wrapper apm-fixed-width\">\n<div class=\"apm-spacing\">\n<div class=\"apm-floatleft apm-fixed-width\">\n<div class=\"apm-spacing\">\n<table class=\"apm-fixed-width apm-fourthcol-table\">\n<tbody>\n<tr>\n<th class=\"apm-center\">\n<div class=\"apm-fourthcol\">\n<p><img decoding=\"async\" class=\"\" src=\"https:\/\/m.media-amazon.com\/images\/S\/aplus-media\/vc\/e34f4cc6-38b7-45f2-a31c-d2c13cf0c273.__CR0,0,1550,1550_PT0_SX220_V1___.png\" alt=\"g\u00e9n\u00e9rateur onduleur aliment\u00e9 au gaz champion 4500 watts panne de secours g\u00e9n\u00e9rateurs de temp\u00eate portables silencieux pour camping-car\" data-src=\"https:\/\/m.media-amazon.com\/images\/S\/aplus-media\/vc\/e34f4cc6-38b7-45f2-a31c-d2c13cf0c273.__CR0,0,1550,1550_PT0_SX220_V1___.png\" \/><\/p>\n<\/div>\n<\/th>\n<th class=\"apm-center\">\n<div class=\"apm-fourthcol\">\n<p><img decoding=\"async\" class=\"\" src=\"https:\/\/m.media-amazon.com\/images\/S\/aplus-media\/vc\/4abd490e-4043-4b85-8f15-2ea95f4f4b5a.__CR0,0,1593,1593_PT0_SX220_V1___.jpg\" alt=\"g\u00e9n\u00e9rateur onduleur aliment\u00e9 au gaz champion 4500 watts panne de secours g\u00e9n\u00e9rateurs de temp\u00eate portables silencieux pour camping-car\" data-src=\"https:\/\/m.media-amazon.com\/images\/S\/aplus-media\/vc\/4abd490e-4043-4b85-8f15-2ea95f4f4b5a.__CR0,0,1593,1593_PT0_SX220_V1___.jpg\" \/><\/p>\n<\/div>\n<\/th>\n<th class=\"apm-center\">\n<div class=\"apm-fourthcol\">\n<p><img decoding=\"async\" class=\"\" src=\"https:\/\/m.media-amazon.com\/images\/S\/aplus-media\/vc\/1db9683c-c894-4653-8060-347387b7bb4d.__CR1,0,1740,1740_PT0_SX220_V1___.jpg\" alt=\"g\u00e9n\u00e9rateur onduleur aliment\u00e9 au gaz champion 4500 watts panne de secours g\u00e9n\u00e9rateurs de temp\u00eate portables silencieux pour camping-car\" data-src=\"https:\/\/m.media-amazon.com\/images\/S\/aplus-media\/vc\/1db9683c-c894-4653-8060-347387b7bb4d.__CR1,0,1740,1740_PT0_SX220_V1___.jpg\" \/><\/p>\n<\/div>\n<\/th>\n<th class=\"apm-center\">\n<div class=\"apm-fourthcol\">\n<p><img decoding=\"async\" class=\"\" src=\"https:\/\/m.media-amazon.com\/images\/S\/aplus-media\/vc\/3f3c05de-1c41-4100-8b22-ae82ec63defb.__CR0,0,1446,1446_PT0_SX220_V1___.png\" alt=\"g\u00e9n\u00e9rateur onduleur aliment\u00e9 au gaz champion 4500 watts panne de secours g\u00e9n\u00e9rateurs de temp\u00eate portables silencieux pour camping-car\" data-src=\"https:\/\/m.media-amazon.com\/images\/S\/aplus-media\/vc\/3f3c05de-1c41-4100-8b22-ae82ec63defb.__CR0,0,1446,1446_PT0_SX220_V1___.png\" \/><\/p>\n<\/div>\n<\/th>\n<\/tr>\n<tr>\n<td class=\"apm-top\">\n<div class=\"apm-fourthcol\">\n<h4 class=\"a-spacing-mini\"><span>Soutien aux champions<\/span><\/h4>\n<p class=\"a-size-small\"><span>Champion Support et notre r\u00e9seau national de centres de service sauvegarderont votre achat avec une assistance technique \u00e0 vie limit\u00e9e et GRATUITE de 3 ans.<\/span><\/p>\n<\/div>\n<\/td>\n<td class=\"apm-top\">\n<div class=\"apm-fourthcol\">\n<h4 class=\"a-spacing-mini\"><span>Pr\u00eat pour le parall\u00e8le<\/span><\/h4>\n<p class=\"a-size-small\"><span>Le kit parall\u00e8le en option (vendu s\u00e9par\u00e9ment) permet \u00e0 cet onduleur de se connecter \u00e0 un autre onduleur Champion de 2\u00a0800 watts ou plus pour doubler votre puissance de sortie.<\/span><\/p>\n<\/div>\n<\/td>\n<td class=\"apm-top\">\n<div class=\"apm-fourthcol\">\n<h4 class=\"a-spacing-mini\"><span>Dur\u00e9e d&#8217;ex\u00e9cution prolong\u00e9e<\/span><\/h4>\n<p class=\"a-size-small\"><span>Dot\u00e9 de la technologie de d\u00e9marrage \u00e0 froid, d&#8217;une dur\u00e9e de fonctionnement prolong\u00e9e et d&#8217;une jauge de carburant facile \u00e0 lire, le moteur fiable Champion de 212 cm3 fonctionne pendant 14 heures \u00e0 25 % de charge lorsque le r\u00e9servoir de carburant de 2,3 gallons est plein.<\/span><\/p>\n<\/div>\n<\/td>\n<td class=\"apm-top\">\n<div class=\"apm-fourthcol\">\n<h4 class=\"a-spacing-mini\"><span>Jauge intelligente avec wattm\u00e8tre<\/span><\/h4>\n<p class=\"a-size-small\"><span>Surveillez facilement la tension, la fr\u00e9quence et les heures de fonctionnement, et le cadran EZ Start simplifie le d\u00e9marrage tandis que le mode \u00e9conomie surveille la consommation d&#8217;\u00e9nergie en temps r\u00e9el.<\/span><\/p>\n<\/div>\n<\/td>\n<\/tr>\n<\/tbody>\n<\/table>\n<\/div>\n<\/div>\n<\/div>\n<\/div>\n<div><\/div>\n<\/div>\n<div class=\"celwidget aplus-module 3p-module-b aplus-standard\" data-cel-widget=\"aplus-3p-module-b\" data-csa-c-id=\"34q3v-ukb29q-6dpfda-yxqj1z\">\n<div class=\"aplus-module-wrapper aplus-3p-fixed-width\"><img decoding=\"async\" class=\"a-spacing-base\" src=\"https:\/\/m.media-amazon.com\/images\/S\/aplus-media\/vc\/b03d31e3-5dca-418a-9db7-ba6be5afd018.__CR1,0,4561,2821_PT0_SX970_V1___.jpg\" alt=\"g\u00e9n\u00e9rateur onduleur aliment\u00e9 au gaz champion 4500 watts panne de secours g\u00e9n\u00e9rateurs de temp\u00eate portables silencieux pour camping-car\" data-src=\"https:\/\/m.media-amazon.com\/images\/S\/aplus-media\/vc\/b03d31e3-5dca-418a-9db7-ba6be5afd018.__CR1,0,4561,2821_PT0_SX970_V1___.jpg\" \/><\/div>\n<\/div>\n<\/div>\n<\/div>\n<\/div>\n<\/div>\n<\/div>\n<\/div>\n<\/div>\n<\/div>\n<\/div>\n","protected":false},"excerpt":{"rendered":"<p>Garantie : <strong>3 ans<\/strong><br \/>\nMarque: <strong>Champion<\/strong><br \/>\nPuissance:<strong> \u200e4 500 watts<\/strong><br \/>\nTension: <strong>\u200e120 Volts<\/strong><br \/>\nType de cellule de batterie: <strong>Lithium-Ion<\/strong><br \/>\nMod\u00e8le: <strong>\u200eG\u00e9n\u00e9rateur<\/strong><br \/>\nProduit: <strong>Neuf<\/strong><\/p>\n<p><strong>Livr\u00e9 entre 5 \u2013 7 Jours<\/strong><br \/>\n<strong>Livraison a domicile offerte<\/strong><\/p>\n","protected":false},"featured_media":4651,"comment_status":"open","ping_status":"closed","template":"","meta":[],"product_cat":[178,180],"product_tag":[293,294],"class_list":{"0":"post-4650","1":"product","2":"type-product","3":"status-publish","4":"has-post-thumbnail","6":"product_cat-bricolage","7":"product_cat-groupe-electrogene-de-chantierinverter-et-station-denergie","8":"product_tag-champion-power","9":"product_tag-champion-power-equipment-generateur-a-onduleur-portable-4-500-watts","11":"first","12":"instock","13":"sale","14":"shipping-taxable","15":"purchasable","16":"product-type-simple"},"_links":{"self":[{"href":"https:\/\/agro-jardin-brico.com\/index.php?rest_route=\/wp\/v2\/product\/4650","targetHints":{"allow":["GET"]}}],"collection":[{"href":"https:\/\/agro-jardin-brico.com\/index.php?rest_route=\/wp\/v2\/product"}],"about":[{"href":"https:\/\/agro-jardin-brico.com\/index.php?rest_route=\/wp\/v2\/types\/product"}],"replies":[{"embeddable":true,"href":"https:\/\/agro-jardin-brico.com\/index.php?rest_route=%2Fwp%2Fv2%2Fcomments&post=4650"}],"wp:featuredmedia":[{"embeddable":true,"href":"https:\/\/agro-jardin-brico.com\/index.php?rest_route=\/wp\/v2\/media\/4651"}],"wp:attachment":[{"href":"https:\/\/agro-jardin-brico.com\/index.php?rest_route=%2Fwp%2Fv2%2Fmedia&parent=4650"}],"wp:term":[{"taxonomy":"product_cat","embeddable":true,"href":"https:\/\/agro-jardin-brico.com\/index.php?rest_route=%2Fwp%2Fv2%2Fproduct_cat&post=4650"},{"taxonomy":"product_tag","embeddable":true,"href":"https:\/\/agro-jardin-brico.com\/index.php?rest_route=%2Fwp%2Fv2%2Fproduct_tag&post=4650"}],"curies":[{"name":"wp","href":"https:\/\/api.w.org\/{rel}","templated":true}]}}