{"id":4569,"date":"2023-08-24T13:20:22","date_gmt":"2023-08-24T11:20:22","guid":{"rendered":"https:\/\/agro-jardin-brico.com\/?post_type=product&#038;p=4569"},"modified":"2023-08-24T18:20:35","modified_gmt":"2023-08-24T16:20:35","slug":"ecoflow-panneau-solaire-portable-de-400w","status":"publish","type":"product","link":"https:\/\/agro-jardin-brico.com\/?product=ecoflow-panneau-solaire-portable-de-400w","title":{"rendered":"ECOFLOW Panneau Solaire Portable de 400W"},"content":{"rendered":"<h1 id=\"title\" class=\"a-size-large a-spacing-none\" style=\"text-align: center;\"><span id=\"productTitle\" class=\"a-size-large product-title-word-break\">ECOFLOW Panneau Solaire Portable de 400W, Pliable et Durable, Accompagn\u00e9 d&#8217;Une Mallette de Support R\u00e9glable et d&#8217;Un Indice d&#8217;\u00c9tanch\u00e9it\u00e9 IP68 pour Vos Aventures en Plein Air<\/span><\/h1>\n<p>&nbsp;<\/p>\n<ul class=\"a-unordered-list a-vertical a-spacing-mini\">\n<li class=\"a-spacing-mini\"><span class=\"a-list-item\">\u3010Hautes performances\u3011Avec une entr\u00e9e de puissance de 400 W, ce panneau solaire peut fournir \u00e0 votre station \u00e9lectrique une quantit\u00e9 importante d&#8217;\u00e9nergie avec une efficacit\u00e9 exceptionnelle.<\/span><\/li>\n<li class=\"a-spacing-mini\"><span class=\"a-list-item\">\u3010Extr\u00eamement portable\u3011Le panneau solaire sur balcon de 400 W EcoFlow est pliable et est accompagn\u00e9 d&#8217;une mallette de transport r\u00e9glable. Pesant seulement 16 kg, il est facile \u00e0 emballer et \u00e0 transporter, o\u00f9 que vous alliez.<\/span><\/li>\n<li class=\"a-spacing-mini\"><span class=\"a-list-item\">\u3010R\u00e9sistant aux intemp\u00e9ries\u3011Ce panneau solaire de 400 W est con\u00e7u pour r\u00e9sister aux intemp\u00e9ries. Il comporte plusieurs couches d&#8217;EVA souple et de fibre de verre robuste pour allier durabilit\u00e9 et mobilit\u00e9. Il dispose \u00e9galement d&#8217;un indice d&#8217;\u00e9tanch\u00e9it\u00e9 IP68, ce qui signifie qu&#8217;il est \u00e9tanche \u00e0 la poussi\u00e8re et \u00e0 l&#8217;eau.<\/span><\/li>\n<li class=\"a-spacing-mini\"><span class=\"a-list-item\">\u3010Technologie de pointe\u3011Con\u00e7u avec des cellules monocristallines, le panneau solaire de 400 W EcoFlow est capable de produire plus d&#8217;\u00e9nergie que les panneaux solaires classiques. Sa grande transparence permet d&#8217;atteindre un taux de conversion \u00e9nerg\u00e9tique \u00e9lev\u00e9.<\/span><\/li>\n<li class=\"a-spacing-mini\"><span class=\"a-list-item\">\u3010Efficacit\u00e9 \u00e9patante\u3011Lorsqu&#8217;il est jumel\u00e9 \u00e0 une station \u00e9lectrique EcoFlow, le panneau solaire de 400 W utilise l&#8217;algorithme MPPT pour atteindre une efficacit\u00e9 optimale, qu&#8217;il fasse beau ou qu&#8217;il pleuve. Concernant le panneau solaire en lui-m\u00eame, son taux de conversion de 22,4 % est \u00e9patant. Contenu de la bo\u00eete : 1* Panneau Solaire 400 W; 1* Mallette; 1* C\u00e2ble de charge solaire de 1,5m vers XT60; 1* Manuel d&#8217;utilisation<\/span><\/li>\n<\/ul>\n<p><img decoding=\"async\" class=\"aligncenter\" src=\"https:\/\/m.media-amazon.com\/images\/S\/al-eu-726f4d26-7fdb\/72b5d403-e3a3-4f6e-90d5-b98d2eea8e62._CR0,0,1200,628_SX507_QL70_.png\" \/><\/p>\n<p>&nbsp;<\/p>\n<div class=\"celwidget aplus-module 3p-module-b aplus-standard\" data-csa-c-id=\"fx52j-h11956-n8w65f-ucbpxj\">\n<div class=\"aplus-module-wrapper aplus-3p-fixed-width\"><img decoding=\"async\" class=\"a-spacing-base\" src=\"https:\/\/m.media-amazon.com\/images\/S\/aplus-media-library-service-media\/20a9e347-5ab5-41b4-9116-8d4fc971cdda.__CR0,0,970,600_PT0_SX970_V1___.jpg\" alt=\"solar panel\" data-src=\"https:\/\/m.media-amazon.com\/images\/S\/aplus-media-library-service-media\/20a9e347-5ab5-41b4-9116-8d4fc971cdda.__CR0,0,970,600_PT0_SX970_V1___.jpg\" \/><\/div>\n<\/div>\n<div class=\"celwidget aplus-module 3p-module-b aplus-standard\" data-csa-c-id=\"l3hmvw-8ncgw2-5mn5gz-7s65ld\">\n<div class=\"aplus-module-wrapper aplus-3p-fixed-width\"><img decoding=\"async\" class=\"a-spacing-base\" src=\"https:\/\/m.media-amazon.com\/images\/S\/aplus-media-library-service-media\/416184d2-6a51-4f5f-8adb-278687b0b5b2.__CR0,0,970,600_PT0_SX970_V1___.jpg\" alt=\"solar panel\" data-src=\"https:\/\/m.media-amazon.com\/images\/S\/aplus-media-library-service-media\/416184d2-6a51-4f5f-8adb-278687b0b5b2.__CR0,0,970,600_PT0_SX970_V1___.jpg\" \/><\/div>\n<\/div>\n<div class=\"celwidget aplus-module 3p-module-b aplus-standard\" data-csa-c-id=\"1ldckk-hv7lpx-z8oxvv-obox5f\">\n<div class=\"aplus-module-wrapper aplus-3p-fixed-width\"><img decoding=\"async\" class=\"a-spacing-base\" src=\"https:\/\/m.media-amazon.com\/images\/S\/aplus-media-library-service-media\/788d1a47-33dd-4487-98b8-9a56b7376789.__CR0,0,970,600_PT0_SX970_V1___.jpg\" alt=\"solar panel\" data-src=\"https:\/\/m.media-amazon.com\/images\/S\/aplus-media-library-service-media\/788d1a47-33dd-4487-98b8-9a56b7376789.__CR0,0,970,600_PT0_SX970_V1___.jpg\" \/><\/div>\n<\/div>\n<div class=\"celwidget aplus-module 3p-module-b aplus-standard\" data-csa-c-id=\"htz1e9-8aecbx-l8cw67-tambn7\">\n<div class=\"aplus-module-wrapper aplus-3p-fixed-width\"><img decoding=\"async\" class=\"a-spacing-base\" src=\"https:\/\/m.media-amazon.com\/images\/S\/aplus-media-library-service-media\/db820869-f759-497d-8e58-1a31c4a4b666.__CR0,0,970,600_PT0_SX970_V1___.jpg\" alt=\"solar panel\" data-src=\"https:\/\/m.media-amazon.com\/images\/S\/aplus-media-library-service-media\/db820869-f759-497d-8e58-1a31c4a4b666.__CR0,0,970,600_PT0_SX970_V1___.jpg\" \/><\/div>\n<\/div>\n<div class=\"celwidget aplus-module 3p-module-b aplus-standard\" data-csa-c-id=\"fl69tm-v377b0-zcq8oe-s42pqu\">\n<div class=\"aplus-module-wrapper aplus-3p-fixed-width\"><img decoding=\"async\" class=\"a-spacing-base\" src=\"https:\/\/m.media-amazon.com\/images\/S\/aplus-media-library-service-media\/41faad32-d610-491d-85bc-bf1f9cd7973a.__CR0,0,970,600_PT0_SX970_V1___.jpg\" alt=\"solar panel\" data-src=\"https:\/\/m.media-amazon.com\/images\/S\/aplus-media-library-service-media\/41faad32-d610-491d-85bc-bf1f9cd7973a.__CR0,0,970,600_PT0_SX970_V1___.jpg\" \/><\/div>\n<\/div>\n<div class=\"celwidget aplus-module 3p-module-b aplus-standard\" data-csa-c-id=\"mnd0mi-6vs196-fo3rab-f6oizx\">\n<div class=\"aplus-module-wrapper aplus-3p-fixed-width\"><img decoding=\"async\" class=\"a-spacing-base\" src=\"https:\/\/m.media-amazon.com\/images\/S\/aplus-media-library-service-media\/a30da67d-8a38-4311-bb6d-9c3ebd2ce6d6.__CR0,0,970,600_PT0_SX970_V1___.jpg\" alt=\"solar panel\" data-src=\"https:\/\/m.media-amazon.com\/images\/S\/aplus-media-library-service-media\/a30da67d-8a38-4311-bb6d-9c3ebd2ce6d6.__CR0,0,970,600_PT0_SX970_V1___.jpg\" \/><\/div>\n<\/div>\n<div class=\"celwidget aplus-module 3p-module-b aplus-standard\" data-csa-c-id=\"afpu8o-pa8uj5-rut0l3-fs73m7\">\n<div class=\"aplus-module-wrapper aplus-3p-fixed-width\"><img decoding=\"async\" class=\"a-spacing-base\" src=\"https:\/\/m.media-amazon.com\/images\/S\/aplus-media-library-service-media\/0ee8cefc-5620-41f3-8aa8-2e465651d469.__CR0,0,970,600_PT0_SX970_V1___.jpg\" alt=\"solar panel\" data-src=\"https:\/\/m.media-amazon.com\/images\/S\/aplus-media-library-service-media\/0ee8cefc-5620-41f3-8aa8-2e465651d469.__CR0,0,970,600_PT0_SX970_V1___.jpg\" \/><\/p>\n<h3 class=\"a-spacing-mini\">FAQ<\/h3>\n<p class=\"a-spacing-base\">\n<ul class=\"a-unordered-list a-vertical\">\n<li><span class=\"a-list-item\"><span class=\"a-text-bold\">Q: Le panneau solaire double face de 400 W g\u00e9n\u00e8re-t-il une puissance totale de 400 W ?<\/span><\/span><\/li>\n<\/ul>\n<p>&nbsp;<\/p>\n<p class=\"a-spacing-base\">Dans la plupart des cas, il est normal qu&#8217;un panneau solaire ne fournisse pas la totalit\u00e9 de sa puissance nominale. Certaines des raisons pour lesquelles cela se produit, ainsi que quelques suggestions pour se rapprocher de la puissance nominale, sont pr\u00e9sent\u00e9es ci-dessous. Intensit\u00e9 lumineuse Temp\u00e9rature de surface Angle de la lumi\u00e8re du soleil Ombrage du panneau<\/p>\n<p class=\"a-spacing-base\">\n<ul class=\"a-unordered-list a-vertical\">\n<li><span class=\"a-list-item\"><span class=\"a-text-bold\">Q: Quelle puissance le panneau solaire double face de 400 W peut-il g\u00e9n\u00e9rer dans des conditions normales ?<\/span><\/span><\/li>\n<\/ul>\n<p>&nbsp;<\/p>\n<p class=\"a-spacing-base\">Cela d\u00e9pend avant tout des conditions m\u00e9t\u00e9orologiques. En r\u00e8gle g\u00e9n\u00e9rale, par temps clair, sans nuages dans le ciel, la lumi\u00e8re du soleil qui frappe le panneau \u00e0 un angle de 90\u00b0 g\u00e9n\u00e8re normalement 320 W \u00e0 350 W de puissance dans le panneau de 400 W.<\/p>\n<p class=\"a-spacing-base\">\n<ul class=\"a-unordered-list a-vertical\">\n<li><span class=\"a-list-item\"><span class=\"a-text-bold\">Q: Que dois-je savoir sur la temp\u00e9rature de fonctionnement, le stockage et l&#8217;utilisation du panneau solaire double face de 400 W ?<\/span><\/span><\/li>\n<\/ul>\n<p>&nbsp;<\/p>\n<p class=\"a-spacing-base\">La temp\u00e9rature de fonctionnement du panneau solaire double face est comprise entre -20 \u00b0C et 85 \u00b0C. Le panneau doit \u00eatre pli\u00e9 dans sa forme d&#8217;origine et rang\u00e9 dans sa mallette de protection (support), qui offre une protection suffisante pour le produit. Pour prolonger la dur\u00e9e de vie du panneau, assurez-vous que le produit n&#8217;est pas expos\u00e9 \u00e0 des forces\/impacts externes lorsqu&#8217;il n&#8217;est pas utilis\u00e9. Le panneau solaire est en verre et ne doit pas tomber, \u00eatre perc\u00e9 ou pli\u00e9 ; il n&#8217;est pas destin\u00e9 \u00e0 servir de si\u00e8ge. En effet, le verre pourrait alors se casser, ce qui rendrait le panneau inutilisable.<\/p>\n<p class=\"a-spacing-base\">\n<ul class=\"a-unordered-list a-vertical\">\n<li><span class=\"a-list-item\"><span class=\"a-text-bold\">Q: Puis-je utiliser des stations d&#8217;alimentation d&#8217;une autre marque qu&#8217;EcoFlow avec le panneau solaire double face de 400 W ?<\/span><\/span><\/li>\n<\/ul>\n<p>&nbsp;<\/p>\n<p class=\"a-spacing-base\">Oui, mais seulement certains types. La station d&#8217;alimentation utilis\u00e9e doit \u00eatre compatible avec les normes pour fonctionner correctement. En outre, certaines autres marques de stations d&#8217;alimentation peuvent ne pas offrir les m\u00eames niveaux de compatibilit\u00e9, pr\u00e9senter des puissances nominales inf\u00e9rieures et ne pas offrir les m\u00eames niveaux de performance que les stations d&#8217;alimentation de marque EcoFlow.<\/p>\n<\/div>\n<\/div>\n","protected":false},"excerpt":{"rendered":"<p>Garantie : <strong>2 ans<\/strong><br \/>\nMarque: <strong>EF ECOFLOW<\/strong><br \/>\nPuissance maximale: <strong>400 Watt<\/strong><br \/>\nEfficacit\u00e9: <strong>Haute efficacit\u00e9<\/strong><br \/>\nProduit: <strong>Neuf<\/strong><\/p>\n<p><strong>Livr\u00e9 entre 5 \u2013 7 Jours<\/strong><br \/>\n<strong>Livraison a domicile offerte<\/strong><\/p>\n","protected":false},"featured_media":4570,"comment_status":"open","ping_status":"closed","template":"","meta":[],"product_cat":[178,180],"product_tag":[268,273,274],"class_list":{"0":"post-4569","1":"product","2":"type-product","3":"status-publish","4":"has-post-thumbnail","6":"product_cat-bricolage","7":"product_cat-groupe-electrogene-de-chantierinverter-et-station-denergie","8":"product_tag-ecoflow","9":"product_tag-ecoflow-panneau-solaire-portable-de-400w","10":"product_tag-panneau-solaire-portable","12":"first","13":"instock","14":"sale","15":"shipping-taxable","16":"purchasable","17":"product-type-simple"},"_links":{"self":[{"href":"https:\/\/agro-jardin-brico.com\/index.php?rest_route=\/wp\/v2\/product\/4569","targetHints":{"allow":["GET"]}}],"collection":[{"href":"https:\/\/agro-jardin-brico.com\/index.php?rest_route=\/wp\/v2\/product"}],"about":[{"href":"https:\/\/agro-jardin-brico.com\/index.php?rest_route=\/wp\/v2\/types\/product"}],"replies":[{"embeddable":true,"href":"https:\/\/agro-jardin-brico.com\/index.php?rest_route=%2Fwp%2Fv2%2Fcomments&post=4569"}],"wp:featuredmedia":[{"embeddable":true,"href":"https:\/\/agro-jardin-brico.com\/index.php?rest_route=\/wp\/v2\/media\/4570"}],"wp:attachment":[{"href":"https:\/\/agro-jardin-brico.com\/index.php?rest_route=%2Fwp%2Fv2%2Fmedia&parent=4569"}],"wp:term":[{"taxonomy":"product_cat","embeddable":true,"href":"https:\/\/agro-jardin-brico.com\/index.php?rest_route=%2Fwp%2Fv2%2Fproduct_cat&post=4569"},{"taxonomy":"product_tag","embeddable":true,"href":"https:\/\/agro-jardin-brico.com\/index.php?rest_route=%2Fwp%2Fv2%2Fproduct_tag&post=4569"}],"curies":[{"name":"wp","href":"https:\/\/api.w.org\/{rel}","templated":true}]}}