{"id":4561,"date":"2023-08-24T12:39:33","date_gmt":"2023-08-24T10:39:33","guid":{"rendered":"https:\/\/agro-jardin-brico.com\/?post_type=product&#038;p=4561"},"modified":"2023-08-24T12:52:10","modified_gmt":"2023-08-24T10:52:10","slug":"ecoflow-panneau-solaire-pliable-double-face-de-220w","status":"publish","type":"product","link":"https:\/\/agro-jardin-brico.com\/?product=ecoflow-panneau-solaire-pliable-double-face-de-220w","title":{"rendered":"ECOFLOW Panneau Solaire Pliable Double Face de 220W"},"content":{"rendered":"<h1 class=\"a-size-large a-spacing-none\" style=\"text-align: center;\"><span class=\"a-size-large product-title-word-break\">ECOFLOW Panneau Solaire Pliable Double Face de 220W<\/span><span id=\"productTitle\" class=\"a-size-large product-title-word-break\">, Accompagn\u00e9 d&#8217;Un Support R\u00e9glable, d&#8217;Un Indice d&#8217;\u00c9tanch\u00e9it\u00e9 IP68 et Durable pour la Vie Hors R\u00e9seau<\/span><\/h1>\n<ul class=\"a-unordered-list a-vertical a-spacing-mini\">\n<li class=\"a-spacing-mini\"><span class=\"a-list-item\">\u3010Conception double face\u3011Chargez votre station \u00e9lectrique portable plus rapidement avec ce panneau solaire deux-en-un. Avec une face avant de 220W et une face arri\u00e8re de 155W pour la lumi\u00e8re ambiante, vous pouvez obtenir 5 \u00e0 25 % d&#8217;\u00e9nergie solaire en plus selon le type de surface sur laquelle vous le placez.<\/span><\/li>\n<li class=\"a-spacing-mini\"><span class=\"a-list-item\">\u3010Extr\u00eamement portable\u3011Le panneau solaire double face de 220W EcoFlow est pliable, compact et ne p\u00e8se que 9,5 kg. Facile \u00e0 transporter, il est parfait pour charger vos appareils quand aucune alimentation secteur n&#8217;est disponible. Contenu de la bo\u00eete : 1* Panneau Solaire 220 W; 1* Mallette; 1* C\u00e2ble de charge solaire de 1,5m vers XT60; 1* Manuel d&#8217;utilisation<\/span><\/li>\n<li class=\"a-spacing-mini\"><span class=\"a-list-item\">\u3010R\u00e9sistant aux intemp\u00e9ries\u3011Le panneau solaire sur balcon double face de 220W EcoFlow est con\u00e7u pour r\u00e9sister aux caprices de la nature. Con\u00e7u en verre tremp\u00e9 monobloc et fin, il est 5 fois plus durable que les panneaux solaires comparables. Il dispose d&#8217;un indice d&#8217;\u00e9tanch\u00e9it\u00e9 IP68, ce qui signifie qu&#8217;il est r\u00e9sistant \u00e0 la fois \u00e0 l&#8217;eau et \u00e0 la poussi\u00e8re.<\/span><\/li>\n<li class=\"a-spacing-mini\"><span class=\"a-list-item\">\u3010Efficacit\u00e9 optimale\u3011Lorsqu&#8217;il est utilis\u00e9 avec une station \u00e9lectrique EcoFlow, le panneau solaire double face de 220W est \u00e9quip\u00e9 pour offrir une efficacit\u00e9 optimale. Le panneau solaire a \u00e9galement un taux de conversion \u00e9nerg\u00e9tique \u00e9lev\u00e9 de 22% \u00e0 23%.<\/span><\/li>\n<li class=\"a-spacing-mini\"><span class=\"a-list-item\">\u3010Mallette de support r\u00e9glable\u3011Le panneau solaire double face EcoFlow est accompagn\u00e9 d&#8217;une mallette de support r\u00e9glable. Le panneau solaire est ainsi prot\u00e9g\u00e9 pendant le transport et la mallette peut se d\u00e9doubler pour former un support r\u00e9glable. Elle vous permet \u00e9galement de positionner le panneau solaire pour capter au mieux la lumi\u00e8re du soleil et de raccorder plusieurs panneaux solaires ensemble.<\/span><\/li>\n<\/ul>\n<h2>Description du produit<\/h2>\n<div class=\"aplus-v2 desktop celwidget\" data-csa-c-id=\"5mqn2d-r72n4a-s4ezt-faujld\" data-cel-widget=\"aplus\">\n<div class=\"celwidget aplus-module 3p-module-b aplus-standard\" data-csa-c-id=\"nosdha-77sl5b-tlmvkd-81mbzd\" data-cel-widget=\"aplus-3p-module-b\">\n<div class=\"aplus-module-wrapper aplus-3p-fixed-width\"><img decoding=\"async\" class=\"a-spacing-base\" src=\"https:\/\/m.media-amazon.com\/images\/S\/aplus-media-library-service-media\/7fed851f-57d1-4eeb-8e2f-3922ca9807ea.__CR0,0,970,600_PT0_SX970_V1___.jpg\" alt=\"SOLAR PANEL\" data-src=\"https:\/\/m.media-amazon.com\/images\/S\/aplus-media-library-service-media\/7fed851f-57d1-4eeb-8e2f-3922ca9807ea.__CR0,0,970,600_PT0_SX970_V1___.jpg\" \/><\/div>\n<\/div>\n<div class=\"celwidget aplus-module 3p-module-b aplus-standard\" data-csa-c-id=\"l3znue-bd7fua-iubbrh-18h99d\" data-cel-widget=\"aplus-3p-module-b\">\n<div class=\"aplus-module-wrapper aplus-3p-fixed-width\"><img decoding=\"async\" class=\"a-spacing-base\" src=\"https:\/\/m.media-amazon.com\/images\/S\/aplus-media-library-service-media\/f925309a-0474-47cc-ba0b-bc80e8e4caa7.__CR0,0,970,600_PT0_SX970_V1___.jpg\" alt=\"solar panel\" data-src=\"https:\/\/m.media-amazon.com\/images\/S\/aplus-media-library-service-media\/f925309a-0474-47cc-ba0b-bc80e8e4caa7.__CR0,0,970,600_PT0_SX970_V1___.jpg\" \/><\/div>\n<\/div>\n<div class=\"celwidget aplus-module 3p-module-b aplus-standard\" data-csa-c-id=\"ylred1-9a32r7-xw0cf-9jcgzj\" data-cel-widget=\"aplus-3p-module-b\">\n<div class=\"aplus-module-wrapper aplus-3p-fixed-width\"><img decoding=\"async\" class=\"a-spacing-base\" src=\"https:\/\/m.media-amazon.com\/images\/S\/aplus-media-library-service-media\/c65584ad-175a-4d72-9026-b5dcc1633374.__CR0,0,970,600_PT0_SX970_V1___.jpg\" alt=\"solar panel\" data-src=\"https:\/\/m.media-amazon.com\/images\/S\/aplus-media-library-service-media\/c65584ad-175a-4d72-9026-b5dcc1633374.__CR0,0,970,600_PT0_SX970_V1___.jpg\" \/><\/div>\n<\/div>\n<div class=\"celwidget aplus-module 3p-module-b aplus-standard\" data-csa-c-id=\"z421c0-5apyfz-dm4vy2-alkovr\" data-cel-widget=\"aplus-3p-module-b\">\n<div class=\"aplus-module-wrapper aplus-3p-fixed-width\"><img decoding=\"async\" class=\"a-spacing-base\" src=\"https:\/\/m.media-amazon.com\/images\/S\/aplus-media-library-service-media\/f4c53f5e-75d4-416b-9bd9-1f4af928b62a.__CR0,0,970,600_PT0_SX970_V1___.jpg\" alt=\"solar panel\" data-src=\"https:\/\/m.media-amazon.com\/images\/S\/aplus-media-library-service-media\/f4c53f5e-75d4-416b-9bd9-1f4af928b62a.__CR0,0,970,600_PT0_SX970_V1___.jpg\" \/><\/div>\n<\/div>\n<div class=\"celwidget aplus-module 3p-module-b aplus-standard\" data-csa-c-id=\"uhx72i-mg1ik8-i2b0uh-hl05en\" data-cel-widget=\"aplus-3p-module-b\">\n<div class=\"aplus-module-wrapper aplus-3p-fixed-width\"><img decoding=\"async\" class=\"a-spacing-base\" src=\"https:\/\/m.media-amazon.com\/images\/S\/aplus-media-library-service-media\/fe3e0587-facb-483b-b233-4448b078ee49.__CR0,0,970,600_PT0_SX970_V1___.jpg\" alt=\"solar panel\" data-src=\"https:\/\/m.media-amazon.com\/images\/S\/aplus-media-library-service-media\/fe3e0587-facb-483b-b233-4448b078ee49.__CR0,0,970,600_PT0_SX970_V1___.jpg\" \/><\/div>\n<\/div>\n<div class=\"celwidget aplus-module 3p-module-b aplus-standard\" data-csa-c-id=\"xjs0ss-io3111-67avrv-3i4hpv\" data-cel-widget=\"aplus-3p-module-b\">\n<div class=\"aplus-module-wrapper aplus-3p-fixed-width\"><img decoding=\"async\" class=\"a-spacing-base\" src=\"https:\/\/m.media-amazon.com\/images\/S\/aplus-media-library-service-media\/c0087898-ba1f-48dd-a99b-6ecf18e0b940.__CR0,0,970,600_PT0_SX970_V1___.jpg\" alt=\"solar panel\" data-src=\"https:\/\/m.media-amazon.com\/images\/S\/aplus-media-library-service-media\/c0087898-ba1f-48dd-a99b-6ecf18e0b940.__CR0,0,970,600_PT0_SX970_V1___.jpg\" \/><\/div>\n<\/div>\n<div class=\"celwidget aplus-module 3p-module-b aplus-standard\" data-csa-c-id=\"y5kqd-im3gpz-amacb0-89xo28\" data-cel-widget=\"aplus-3p-module-b\">\n<div class=\"aplus-module-wrapper aplus-3p-fixed-width\">\n<p><img decoding=\"async\" class=\"a-spacing-base\" src=\"https:\/\/m.media-amazon.com\/images\/S\/aplus-media-library-service-media\/40665bf7-d0ab-4e81-ac21-6010609a27bb.__CR0,0,970,600_PT0_SX970_V1___.jpg\" alt=\"solar panel\" data-src=\"https:\/\/m.media-amazon.com\/images\/S\/aplus-media-library-service-media\/40665bf7-d0ab-4e81-ac21-6010609a27bb.__CR0,0,970,600_PT0_SX970_V1___.jpg\" \/><\/p>\n<h3 class=\"a-spacing-mini\">FAQ<\/h3>\n<ul class=\"a-unordered-list a-vertical\">\n<li><span class=\"a-list-item\"><span class=\"a-text-bold\">Q: Le panneau solaire double face de 220 W g\u00e9n\u00e8re-t-il une puissance totale de 220 W ?<\/span><\/span><\/li>\n<\/ul>\n<p class=\"a-spacing-base\">Dans la plupart des cas, il est normal qu&#8217;un panneau solaire ne fournisse pas la totalit\u00e9 de sa puissance nominale. Certaines des raisons pour lesquelles cela se produit, ainsi que quelques suggestions pour se rapprocher de la puissance nominale, sont pr\u00e9sent\u00e9es ci-dessous. Intensit\u00e9 lumineuse Temp\u00e9rature de surface Angle de la lumi\u00e8re du soleil Ombrage du panneau<\/p>\n<ul class=\"a-unordered-list a-vertical\">\n<li><span class=\"a-list-item\"><span class=\"a-text-bold\">Q: Quelle puissance le panneau solaire double face de 220 W peut-il g\u00e9n\u00e9rer dans des conditions normales ?<\/span><\/span><\/li>\n<\/ul>\n<p class=\"a-spacing-base\">Cela d\u00e9pend avant tout des conditions m\u00e9t\u00e9orologiques. En r\u00e8gle g\u00e9n\u00e9rale, par temps clair, sans nuages dans le ciel, la lumi\u00e8re du soleil qui frappe le panneau \u00e0 un angle de 90\u00b0 g\u00e9n\u00e8re normalement 160 W \u00e0 180 W de puissance dans le panneau de 220 W.<\/p>\n<ul class=\"a-unordered-list a-vertical\">\n<li><span class=\"a-list-item\"><span class=\"a-text-bold\">Q: Que dois-je savoir sur la temp\u00e9rature de fonctionnement, le stockage et l&#8217;utilisation du panneau solaire double face de 220 W ?<\/span><\/span><\/li>\n<\/ul>\n<p class=\"a-spacing-base\">La temp\u00e9rature de fonctionnement du panneau solaire double face est comprise entre -20 \u00b0C et 85 \u00b0C. Le panneau doit \u00eatre pli\u00e9 dans sa forme d&#8217;origine et rang\u00e9 dans sa mallette de protection (support), qui offre une protection suffisante pour le produit. Pour prolonger la dur\u00e9e de vie du panneau, assurez-vous que le produit n&#8217;est pas expos\u00e9 \u00e0 des forces\/impacts externes lorsqu&#8217;il n&#8217;est pas utilis\u00e9. Le panneau solaire est en verre et ne doit pas tomber, \u00eatre perc\u00e9 ou pli\u00e9 ; il n&#8217;est pas destin\u00e9 \u00e0 servir de si\u00e8ge. En effet, le verre pourrait alors se casser, ce qui rendrait le panneau inutilisable.<\/p>\n<ul class=\"a-unordered-list a-vertical\">\n<li><span class=\"a-list-item\"><span class=\"a-text-bold\">Q: Puis-je utiliser des stations d&#8217;alimentation d&#8217;une autre marque qu&#8217;EcoFlow avec le panneau solaire double face de 220 W ?<\/span><\/span><\/li>\n<\/ul>\n<p class=\"a-spacing-base\">Oui, mais seulement certains types. La station d&#8217;alimentation utilis\u00e9e doit \u00eatre compatible avec les normes pour fonctionner correctement. En outre, certaines autres marques de stations d&#8217;alimentation peuvent ne pas offrir les m\u00eames niveaux de compatibilit\u00e9, pr\u00e9senter des puissances nominales inf\u00e9rieures et ne pas offrir les m\u00eames niveaux de performance que les stations d&#8217;alimentation de marque EcoFlow.<\/p>\n<\/div>\n<p>&nbsp;<\/p>\n<\/div>\n<\/div>\n","protected":false},"excerpt":{"rendered":"<p>Garantie : <strong>2 ans<\/strong><br \/>\nMarque: <strong>EF<\/strong> <strong>ECOFLOW<\/strong><br \/>\nPuissance maximale: <strong>220 Watt<\/strong><br \/>\nEfficacit\u00e9: <strong>Haute efficacit\u00e9<\/strong><br \/>\nProduit: <strong>Neuf<\/strong><\/p>\n<p><strong>Livr\u00e9 entre 5 \u2013 7 Jours<\/strong><br \/>\n<strong>Livraison a domicile offerte<\/strong><\/p>\n","protected":false},"featured_media":4562,"comment_status":"open","ping_status":"closed","template":"","meta":[],"product_cat":[178,180],"product_tag":[268,271,272],"class_list":{"0":"post-4561","1":"product","2":"type-product","3":"status-publish","4":"has-post-thumbnail","6":"product_cat-bricolage","7":"product_cat-groupe-electrogene-de-chantierinverter-et-station-denergie","8":"product_tag-ecoflow","9":"product_tag-ecoflow-panneau","10":"product_tag-ecoflow-panneau-solaire-pliable-double-face-de-220w","12":"first","13":"instock","14":"sale","15":"shipping-taxable","16":"purchasable","17":"product-type-simple"},"_links":{"self":[{"href":"https:\/\/agro-jardin-brico.com\/index.php?rest_route=\/wp\/v2\/product\/4561","targetHints":{"allow":["GET"]}}],"collection":[{"href":"https:\/\/agro-jardin-brico.com\/index.php?rest_route=\/wp\/v2\/product"}],"about":[{"href":"https:\/\/agro-jardin-brico.com\/index.php?rest_route=\/wp\/v2\/types\/product"}],"replies":[{"embeddable":true,"href":"https:\/\/agro-jardin-brico.com\/index.php?rest_route=%2Fwp%2Fv2%2Fcomments&post=4561"}],"wp:featuredmedia":[{"embeddable":true,"href":"https:\/\/agro-jardin-brico.com\/index.php?rest_route=\/wp\/v2\/media\/4562"}],"wp:attachment":[{"href":"https:\/\/agro-jardin-brico.com\/index.php?rest_route=%2Fwp%2Fv2%2Fmedia&parent=4561"}],"wp:term":[{"taxonomy":"product_cat","embeddable":true,"href":"https:\/\/agro-jardin-brico.com\/index.php?rest_route=%2Fwp%2Fv2%2Fproduct_cat&post=4561"},{"taxonomy":"product_tag","embeddable":true,"href":"https:\/\/agro-jardin-brico.com\/index.php?rest_route=%2Fwp%2Fv2%2Fproduct_tag&post=4561"}],"curies":[{"name":"wp","href":"https:\/\/api.w.org\/{rel}","templated":true}]}}