{"id":4362,"date":"2023-08-19T14:58:49","date_gmt":"2023-08-19T12:58:49","guid":{"rendered":"https:\/\/agro-jardin-brico.com\/?post_type=product&#038;p=4362"},"modified":"2023-08-20T19:04:57","modified_gmt":"2023-08-20T17:04:57","slug":"fraise-a-neige-a-essence-stiga-st-7276-ph","status":"publish","type":"product","link":"https:\/\/agro-jardin-brico.com\/?product=fraise-a-neige-a-essence-stiga-st-7276-ph","title":{"rendered":"Fraise \u00e0 neige \u00e0 essence Stiga ST 7276 PH"},"content":{"rendered":"<h1 class=\"title title--productBasicInfo\" style=\"text-align: center;\" data-product-title=\"\" data-udo-productname=\"\">Fraise \u00e0 neige \u00e0 essence Stiga ST 7276 PH<\/h1>\n<p>D\u00e9blaie la neige de toutes les surfaces, m\u00eame en pente. Le ST 7276 PH est entra\u00een\u00e9 par un puissant moteur WS 420 de 420 cm3 de STIGA avec transmission hydrostatique pour un maniement facilit\u00e9. Gr\u00e2ce \u00e0 sa bo\u00eete de vitesses hydrostatique et \u00e0 ses deux leviers, la fraise est facile \u00e0 manier et \u00e0 diriger. Toutes les commandes sont \u00e9lectriques, y compris le r\u00e9glage de la goulotte d&#8217;\u00e9jection \u00e0 200\u00b0 et la commande du d\u00e9flecteur. Toutes les commandes sont facilement accessibles via le panneau de commande. La fraise \u00e0 neige ST 7276 PH est \u00e9quip\u00e9e de grands pneus Snow Hog de 16 pouces et d\u00e9blaie la neige sur tout type de surface, comme les sols en terre cuite, en bois ou en pav\u00e9s. Ses poign\u00e9es chauffantes et ses phares \u00e0 LED puissants et durables assurent une utilisation confortable m\u00eame par mauvaise visibilit\u00e9.<\/p>\n<div class=\"productInformation__title-wrapper\">\n<h3 class=\"productInformation__title--table\">D\u00e9tails du produit<\/h3>\n<p><a class=\"productInformation__toggle-all\" data-show-all-fade=\"false\" data-temp-text=\"Replier tous les d\u00e9tails\">D\u00e9plier tous les d\u00e9tails<\/a><\/p>\n<\/div>\n<div class=\"productInformation__column-wrapper\">\n<div class=\"productInformation__column\">\n<div class=\"productInformation__row\">\n<h3 class=\"productInformation__title col-12 col-md-3\">Marque<\/h3>\n<div class=\"productInformation__content col-12 col-md-9 productInformation__content--no-fadeout\"><span data-product-brand=\"\" data-udo-brand=\"\"><img decoding=\"async\" class=\"productBasicInfo__label-img\" title=\"Stiga\" src=\"https:\/\/www.jumbo.ch\/img\/brands\/BRAND_stiga_fr.jpg?_=1639133216345\" alt=\"Stiga\" \/><\/span><\/div>\n<\/div>\n<div class=\"productInformation__row\">\n<h3 class=\"productInformation__title col-12 col-md-3\">Propri\u00e9t\u00e9s<\/h3>\n<div class=\"productInformation__content col-12 col-md-9 fadeout fadeout--closed\">D\u00e9blaie la neige de toutes les surfaces, puissant moteur WS 420 de 420 cm3, confort d&#8217;utilisation, facile \u00e0 utiliser, pratique m\u00eame en cas de mauvaise visibilit\u00e9, pneus Snow Hog de 16 pouces, phares \u00e0 LED et poign\u00e9es chauffantes.<\/div>\n<\/div>\n<div class=\"productInformation__row\">\n<h3 class=\"productInformation__title col-12 col-md-3\">Longueur d&#8217;arrosage (en m)<\/h3>\n<div class=\"productInformation__content col-12 col-md-9 \">15 m<\/div>\n<\/div>\n<div class=\"productInformation__row\">\n<h3 class=\"productInformation__title col-12 col-md-3\">Nombre de vitesses<\/h3>\n<div class=\"productInformation__content col-12 col-md-9 \">2<\/div>\n<\/div>\n<div class=\"productInformation__row\">\n<h3 class=\"productInformation__title col-12 col-md-3\">Puissance (en kW)<\/h3>\n<div class=\"productInformation__content col-12 col-md-9 \">9 kW<\/div>\n<\/div>\n<\/div>\n<div class=\"productInformation__column\">\n<div class=\"productInformation__row\">\n<h3 class=\"productInformation__title col-12 col-md-3\">Largeur de travail en cm<\/h3>\n<div class=\"productInformation__content col-12 col-md-9 \">76 cm<\/div>\n<\/div>\n<div class=\"productInformation__row\">\n<h3 class=\"productInformation__title col-12 col-md-3\">Poids (en kg)<\/h3>\n<div class=\"productInformation__content col-12 col-md-9 \">134 kg<\/div>\n<\/div>\n<div class=\"productInformation__row\">\n<h3 class=\"productInformation__title col-12 col-md-3\">Caract\u00e9ristiques<\/h3>\n<div class=\"productInformation__content col-12 col-md-9 \">D\u00e9marreur \u00e9lectrique<\/div>\n<\/div>\n<div class=\"productInformation__row\">\n<h3 class=\"productInformation__title col-12 col-md-3\">Fonctionnement<\/h3>\n<div class=\"productInformation__content col-12 col-md-9 \">Essence<\/div>\n<\/div>\n<div class=\"productInformation__row\">\n<h3 class=\"productInformation__title col-12 col-md-3\">Garantie<\/h3>\n<div class=\"productInformation__content col-12 col-md-9 \">5 ans<\/div>\n<\/div>\n<\/div>\n<\/div>\n<p>&nbsp;<\/p>\n<div class=\"productBasicInfo__rating\" data-equal-heights-group=\"producttile-rating\">\n<div class=\"rating\" style=\"text-align: center;\"><\/div>\n<\/div>\n","protected":false},"excerpt":{"rendered":"<p>Garantie : <strong>5 ans<\/strong><br \/>\nMarque: <strong>TIGA<\/strong><br \/>\nPuissance (en kW):<strong> 9 kW<\/strong><br \/>\nFonctionnement: <strong>Essence<\/strong><br \/>\nCaract\u00e9ristiques: <strong>D\u00e9marreur \u00e9lectrique<\/strong><br \/>\nProduit: <strong>Neuf<\/strong><\/p>\n<p><strong>Livr\u00e9 entre 5 \u2013 7 Jours<\/strong><br \/>\n<strong>Livraison a domicile offerte<\/strong><\/p>\n","protected":false},"featured_media":4363,"comment_status":"open","ping_status":"closed","template":"","meta":[],"product_cat":[175,173,121],"product_tag":[233,234],"class_list":{"0":"post-4362","1":"product","2":"type-product","3":"status-publish","4":"has-post-thumbnail","6":"product_cat-fraise-a-neige","7":"product_cat-jardinage","8":"product_cat-uncategorized","9":"product_tag-fraise-a-neige","10":"product_tag-fraise-a-neige-a-essence-stiga-st-7276-ph","12":"first","13":"instock","14":"sale","15":"shipping-taxable","16":"purchasable","17":"product-type-simple"},"_links":{"self":[{"href":"https:\/\/agro-jardin-brico.com\/index.php?rest_route=\/wp\/v2\/product\/4362","targetHints":{"allow":["GET"]}}],"collection":[{"href":"https:\/\/agro-jardin-brico.com\/index.php?rest_route=\/wp\/v2\/product"}],"about":[{"href":"https:\/\/agro-jardin-brico.com\/index.php?rest_route=\/wp\/v2\/types\/product"}],"replies":[{"embeddable":true,"href":"https:\/\/agro-jardin-brico.com\/index.php?rest_route=%2Fwp%2Fv2%2Fcomments&post=4362"}],"wp:featuredmedia":[{"embeddable":true,"href":"https:\/\/agro-jardin-brico.com\/index.php?rest_route=\/wp\/v2\/media\/4363"}],"wp:attachment":[{"href":"https:\/\/agro-jardin-brico.com\/index.php?rest_route=%2Fwp%2Fv2%2Fmedia&parent=4362"}],"wp:term":[{"taxonomy":"product_cat","embeddable":true,"href":"https:\/\/agro-jardin-brico.com\/index.php?rest_route=%2Fwp%2Fv2%2Fproduct_cat&post=4362"},{"taxonomy":"product_tag","embeddable":true,"href":"https:\/\/agro-jardin-brico.com\/index.php?rest_route=%2Fwp%2Fv2%2Fproduct_tag&post=4362"}],"curies":[{"name":"wp","href":"https:\/\/api.w.org\/{rel}","templated":true}]}}