{"id":4356,"date":"2023-08-20T13:03:07","date_gmt":"2023-08-20T11:03:07","guid":{"rendered":"https:\/\/agro-jardin-brico.com\/?post_type=product&#038;p=4356"},"modified":"2023-08-20T13:11:04","modified_gmt":"2023-08-20T11:11:04","slug":"fraise-a-neige-a-essence-st-5266-p","status":"publish","type":"product","link":"https:\/\/agro-jardin-brico.com\/?product=fraise-a-neige-a-essence-st-5266-p","title":{"rendered":"Fraise \u00e0 neige \u00e0 essence ST 5266 P"},"content":{"rendered":"<h1 class=\"title title--productBasicInfo\" style=\"text-align: center;\" data-product-title=\"\" data-udo-productname=\"\">Fraise \u00e0 neige \u00e0 essence ST 5266 P<\/h1>\n<p>D\u00e9blaie toutes les surfaces, m\u00eame dans des conditions difficiles, m\u00eame en cas de pente. Le mod\u00e8le STIGA ST 5266 P TRAC est une fraise \u00e0 neige professionnelle \u00e0 chenilles triangulaires qui garantit une adh\u00e9rence optimale m\u00eame sur les surfaces en forte pente. La fraise \u00e0 neige ST 5266 P TRAC est \u00e9quip\u00e9e d&#8217;un puissant moteur WS 300 de 302 cm3 de STIGA \u00e0 entra\u00eenement par friction. Il est dot\u00e9 de six vitesses en marche avant et de deux vitesses en marche arri\u00e8re. La fraise \u00e0 neige ST 5266 P TRAC est \u00e9quip\u00e9e de patins interchangeables pour d\u00e9neiger tous types de surfaces, comme les sols en terre cuite, en bois ou en pav\u00e9s. Ses poign\u00e9es chauffantes et ses phares \u00e0 LED puissants et durables garantissent une utilisation confortable m\u00eame par mauvaise visibilit\u00e9. Toutes les commandes sont facilement accessibles via le panneau de commande.<\/p>\n<div class=\"productInformation__title-wrapper\">\n<h3 class=\"productInformation__title--table\">D\u00e9tails du produit<\/h3>\n<p><a class=\"productInformation__toggle-all\" data-show-all-fade=\"false\" data-temp-text=\"Replier tous les d\u00e9tails\">D\u00e9plier tous les d\u00e9tails<\/a><\/p>\n<\/div>\n<div class=\"productInformation__column-wrapper\">\n<div class=\"productInformation__column\">\n<div class=\"productInformation__row\">\n<h3 class=\"productInformation__title col-12 col-md-3\">Marque<\/h3>\n<div class=\"productInformation__content col-12 col-md-9 productInformation__content--no-fadeout\"><span data-product-brand=\"\" data-udo-brand=\"\"><img decoding=\"async\" class=\"productBasicInfo__label-img\" title=\"Stiga\" src=\"https:\/\/www.jumbo.ch\/img\/brands\/BRAND_stiga_fr.jpg?_=1639133216345\" alt=\"Stiga\" \/><\/span><\/div>\n<\/div>\n<div class=\"productInformation__row\">\n<h3 class=\"productInformation__title col-12 col-md-3\">Propri\u00e9t\u00e9s<\/h3>\n<div class=\"productInformation__content col-12 col-md-9 fadeout fadeout--closed\">D\u00e9blaie la neige m\u00eame dans des conditions difficiles, mat\u00e9riel professionnel, offre une adh\u00e9rence optimale m\u00eame sur les surfaces en forte pente, puissant moteur WS 300 de 302 cm3, 6 vitesses en marche avant et 2 vitesses en marche arri\u00e8re, patins interchangeables, phares \u00e0 LED et poign\u00e9es chauffantes<\/div>\n<\/div>\n<div class=\"productInformation__row\">\n<h3 class=\"productInformation__title col-12 col-md-3\">Longueur d&#8217;arrosage (en m)<\/h3>\n<div class=\"productInformation__content col-12 col-md-9 \">12 m<\/div>\n<\/div>\n<div class=\"productInformation__row\">\n<h3 class=\"productInformation__title col-12 col-md-3\">Nombre de vitesses<\/h3>\n<div class=\"productInformation__content col-12 col-md-9 \">2<\/div>\n<\/div>\n<div class=\"productInformation__row\">\n<h3 class=\"productInformation__title col-12 col-md-3\">Puissance (en kW)<\/h3>\n<div class=\"productInformation__content col-12 col-md-9 \">6.20 kW<\/div>\n<\/div>\n<\/div>\n<div class=\"productInformation__column\">\n<div class=\"productInformation__row\">\n<h3 class=\"productInformation__title col-12 col-md-3\">Largeur de travail en cm<\/h3>\n<div class=\"productInformation__content col-12 col-md-9 \">66 cm<\/div>\n<\/div>\n<div class=\"productInformation__row\">\n<h3 class=\"productInformation__title col-12 col-md-3\">Poids (en kg)<\/h3>\n<div class=\"productInformation__content col-12 col-md-9 \">108 kg<\/div>\n<\/div>\n<div class=\"productInformation__row\">\n<h3 class=\"productInformation__title col-12 col-md-3\">Caract\u00e9ristiques<\/h3>\n<div class=\"productInformation__content col-12 col-md-9 \">D\u00e9marreur \u00e9lectrique<\/div>\n<\/div>\n<div class=\"productInformation__row\">\n<h3 class=\"productInformation__title col-12 col-md-3\">Fonctionnement<\/h3>\n<div class=\"productInformation__content col-12 col-md-9 \">Essence<\/div>\n<\/div>\n<div class=\"productInformation__row\">\n<h3 class=\"productInformation__title col-12 col-md-3\">Garantie<\/h3>\n<div class=\"productInformation__content col-12 col-md-9 \">5 ans<\/div>\n<\/div>\n<\/div>\n<\/div>\n","protected":false},"excerpt":{"rendered":"<p>Garantie : <strong>5 ans<\/strong><br \/>\nMarque: <strong>TIGA<\/strong><br \/>\nPuissance (en kW): <strong>6.20 kW<\/strong><br \/>\nCaract\u00e9ristiques: <strong>D\u00e9marreur \u00e9lectrique<\/strong><br \/>\nFonctionnement: <strong>Essence<\/strong><br \/>\nProduit: <strong>Neuf<\/strong><\/p>\n<p><strong>Livr\u00e9 entre 5 \u2013 7 Jours<\/strong><br \/>\n<strong>Livraison a domicile offerte<\/strong><\/p>\n","protected":false},"featured_media":4359,"comment_status":"open","ping_status":"closed","template":"","meta":[],"product_cat":[175,173],"product_tag":[233,236,235,237],"class_list":{"0":"post-4356","1":"product","2":"type-product","3":"status-publish","4":"has-post-thumbnail","6":"product_cat-fraise-a-neige","7":"product_cat-jardinage","8":"product_tag-fraise-a-neige","9":"product_tag-fraise-a-neige-a-essence","10":"product_tag-fraise-a-neige-a-essence-st-5266-p-trac","11":"product_tag-st-5266-p-trac","13":"first","14":"instock","15":"sale","16":"shipping-taxable","17":"purchasable","18":"product-type-simple"},"_links":{"self":[{"href":"https:\/\/agro-jardin-brico.com\/index.php?rest_route=\/wp\/v2\/product\/4356","targetHints":{"allow":["GET"]}}],"collection":[{"href":"https:\/\/agro-jardin-brico.com\/index.php?rest_route=\/wp\/v2\/product"}],"about":[{"href":"https:\/\/agro-jardin-brico.com\/index.php?rest_route=\/wp\/v2\/types\/product"}],"replies":[{"embeddable":true,"href":"https:\/\/agro-jardin-brico.com\/index.php?rest_route=%2Fwp%2Fv2%2Fcomments&post=4356"}],"wp:featuredmedia":[{"embeddable":true,"href":"https:\/\/agro-jardin-brico.com\/index.php?rest_route=\/wp\/v2\/media\/4359"}],"wp:attachment":[{"href":"https:\/\/agro-jardin-brico.com\/index.php?rest_route=%2Fwp%2Fv2%2Fmedia&parent=4356"}],"wp:term":[{"taxonomy":"product_cat","embeddable":true,"href":"https:\/\/agro-jardin-brico.com\/index.php?rest_route=%2Fwp%2Fv2%2Fproduct_cat&post=4356"},{"taxonomy":"product_tag","embeddable":true,"href":"https:\/\/agro-jardin-brico.com\/index.php?rest_route=%2Fwp%2Fv2%2Fproduct_tag&post=4356"}],"curies":[{"name":"wp","href":"https:\/\/api.w.org\/{rel}","templated":true}]}}