{"id":4295,"date":"2023-07-30T10:12:05","date_gmt":"2023-07-30T08:12:05","guid":{"rendered":"https:\/\/agro-jardin-brico.com\/?post_type=product&#038;p=4295"},"modified":"2023-07-30T10:13:19","modified_gmt":"2023-07-30T08:13:19","slug":"bosch-broyeurs-silencieux-axt-22-d","status":"publish","type":"product","link":"https:\/\/agro-jardin-brico.com\/?product=bosch-broyeurs-silencieux-axt-22-d","title":{"rendered":"Bosch Broyeurs silencieux AXT 22 D"},"content":{"rendered":"<h1 class=\"title title--productBasicInfo\" style=\"text-align: center;\" data-product-title=\"\" data-udo-productname=\"\">Bosch Broyeurs silencieux AXT 22 D<\/h1>\n<p>Ce broyeur de jardin silencieux et hautement performant est id\u00e9al pour broyer de grands volumes de bois. Le puissant broyeur \u00e0 v\u00e9g\u00e9taux AXT 22 D est con\u00e7u pour les travaux de grande envergure. Il est dot\u00e9 d\u2019un robuste moteur \u00e0 induction sans charbon de 2 200 W pour un broyage rapide et d\u2019un rotor porte-couteaux \u00e0 couple \u00e9lev\u00e9 permettant de broyer des branches jusqu\u2019\u00e0 40 mm d\u2019\u00e9paisseur pour en faire du compost riche en nutriments. Facile \u00e0 fixer au-dessus du broyeur, l\u2019entonnoir \u00e0 entra\u00eenement automatique a une goulotte large con\u00e7ue pour traiter efficacement et en toute s\u00e9curit\u00e9 de gros volumes de d\u00e9chets. Le grand bac de ramassage pratique a une capacit\u00e9 de 53 litres, ce qui r\u00e9duit le nombre d\u2019allers et retours vers le compost et permet de travailler rapidement. Le broyat est id\u00e9al comme paillis pour garder l\u2019humidit\u00e9 dans le sol et pr\u00e9venir la pousse de mauvaises herbes.<\/p>\n<div class=\"productInformation__row\">\n<h3 class=\"productInformation__title col-12 col-md-3\">Marque<\/h3>\n<div class=\"productInformation__content col-12 col-md-9 productInformation__content--no-fadeout\"><span data-product-brand=\"\" data-udo-brand=\"\"><a href=\"https:\/\/www.jumbo.ch\/themes\/univers-des-marques\/bosch.html\" target=\"_blank\" rel=\"noopener\"><img decoding=\"async\" class=\"productBasicInfo__label-img\" title=\"Bosch\" src=\"https:\/\/www.jumbo.ch\/img\/brands\/BRAND_bosch_fr.jpg?_=1513004260477\" alt=\"Bosch\" \/><\/a><\/span><\/div>\n<\/div>\n<div class=\"productInformation__row\">\n<h3 class=\"productInformation__title col-12 col-md-3\">Propri\u00e9t\u00e9s<\/h3>\n<div class=\"productInformation__content col-12 col-md-9 fadeout fadeout--closed\">&#8220;Broyeur silencieux \u00e0 rotor porte-couteaux tr\u00e8s performant con\u00e7u pour les branches \u00e9paisses. R\u00e9duit en morceaux des branches jusqu\u2019\u00e0 38 mm d\u2019\u00e9paisseur gr\u00e2ce au puissant syst\u00e8me de coupe \u00e0 tambour. Broyage rapide et efficace gr\u00e2ce au moteur \u00e0 induction haute performance sans charbon de 2 200 W. Fonctionnement particuli\u00e8rement silencieux. Entonnoir \u00e0 entra\u00eenement automatique con\u00e7u pour broyer en toute s\u00e9curit\u00e9 de grandes quantit\u00e9s de v\u00e9g\u00e9taux. Grand bac de ramassage de 53 litres pour des vidages moins fr\u00e9quents. &#8220;<\/div>\n<\/div>\n<div class=\"productInformation__row\">\n<h3 class=\"productInformation__title col-12 col-md-3\">Niveau sonore<\/h3>\n<div class=\"productInformation__content col-12 col-md-9 \">89 db.00 dB<\/div>\n<\/div>\n<div class=\"productInformation__row\">\n<h3 class=\"productInformation__title col-12 col-md-3\">Longueur (en cm)<\/h3>\n<div class=\"productInformation__content col-12 col-md-9 \">70.700 cm<\/div>\n<\/div>\n<div class=\"productInformation__row\">\n<h3 class=\"productInformation__title col-12 col-md-3\">Puissance (en W)<\/h3>\n<div class=\"productInformation__content col-12 col-md-9 \">2200 W<\/div>\n<\/div>\n<div class=\"productInformation__row\">\n<h3 class=\"productInformation__title col-12 col-md-3\">Hauteur (en cm)<\/h3>\n<div class=\"productInformation__content col-12 col-md-9 \">96.50 cm<\/div>\n<\/div>\n<div>\n<div class=\"productInformation__row\">\n<h3 class=\"productInformation__title col-12 col-md-3\">Largeur en cm<\/h3>\n<div class=\"productInformation__content col-12 col-md-9 \">38.800 cm<\/div>\n<\/div>\n<div class=\"productInformation__row\">\n<h3 class=\"productInformation__title col-12 col-md-3\">Poids (en kg)<\/h3>\n<div class=\"productInformation__content col-12 col-md-9 \">31.300 kg<\/div>\n<\/div>\n<div class=\"productInformation__row\">\n<h3 class=\"productInformation__title col-12 col-md-3\">Etendue de la livraison<\/h3>\n<div class=\"productInformation__content col-12 col-md-9 \">Carton<\/div>\n<\/div>\n<div class=\"productInformation__row\">\n<h3 class=\"productInformation__title col-12 col-md-3\">Fonctionnement<\/h3>\n<div class=\"productInformation__content col-12 col-md-9 \">Electrique<\/div>\n<\/div>\n<div class=\"productInformation__row\">\n<h3 class=\"productInformation__title col-12 col-md-3\">Garantie<\/h3>\n<div class=\"productInformation__content col-12 col-md-9 \">5 ans<\/div>\n<\/div>\n<\/div>\n<div class=\"productBasicInfo__rating\" data-equal-heights-group=\"producttile-rating\">\n<div class=\"rating\" style=\"text-align: center;\"><\/div>\n<\/div>\n","protected":false},"excerpt":{"rendered":"<p>Garantie : <strong>5 ans<\/strong><br \/>\nMarque: <strong>BOSCH<\/strong><br \/>\nPuissance (en W): <strong>2200 W<\/strong><br \/>\nFonctionnement: <strong>Electrique<\/strong><br \/>\nProduit: <strong>Neuf<\/strong><\/p>\n<p><strong>Livr\u00e9 entre 5 \u2013 7 Jours<\/strong><br \/>\n<strong>Livraison a domicile offerte<\/strong><\/p>\n","protected":false},"featured_media":4296,"comment_status":"open","ping_status":"closed","template":"","meta":[],"product_cat":[183,173,182],"product_tag":[202,216,217,219,218],"class_list":{"0":"post-4295","1":"product","2":"type-product","3":"status-publish","4":"has-post-thumbnail","6":"product_cat-broyeur","7":"product_cat-jardinage","8":"product_cat-machine-agricole","9":"product_tag-bosch","10":"product_tag-bosch-broyeurs-silencieux","11":"product_tag-bosch-broyeurs-silencieux-axt-22-d","12":"product_tag-broyeurs","13":"product_tag-broyeurs-electriques","15":"first","16":"instock","17":"sale","18":"shipping-taxable","19":"purchasable","20":"product-type-simple"},"_links":{"self":[{"href":"https:\/\/agro-jardin-brico.com\/index.php?rest_route=\/wp\/v2\/product\/4295","targetHints":{"allow":["GET"]}}],"collection":[{"href":"https:\/\/agro-jardin-brico.com\/index.php?rest_route=\/wp\/v2\/product"}],"about":[{"href":"https:\/\/agro-jardin-brico.com\/index.php?rest_route=\/wp\/v2\/types\/product"}],"replies":[{"embeddable":true,"href":"https:\/\/agro-jardin-brico.com\/index.php?rest_route=%2Fwp%2Fv2%2Fcomments&post=4295"}],"wp:featuredmedia":[{"embeddable":true,"href":"https:\/\/agro-jardin-brico.com\/index.php?rest_route=\/wp\/v2\/media\/4296"}],"wp:attachment":[{"href":"https:\/\/agro-jardin-brico.com\/index.php?rest_route=%2Fwp%2Fv2%2Fmedia&parent=4295"}],"wp:term":[{"taxonomy":"product_cat","embeddable":true,"href":"https:\/\/agro-jardin-brico.com\/index.php?rest_route=%2Fwp%2Fv2%2Fproduct_cat&post=4295"},{"taxonomy":"product_tag","embeddable":true,"href":"https:\/\/agro-jardin-brico.com\/index.php?rest_route=%2Fwp%2Fv2%2Fproduct_tag&post=4295"}],"curies":[{"name":"wp","href":"https:\/\/api.w.org\/{rel}","templated":true}]}}