{"id":4289,"date":"2023-07-30T09:01:52","date_gmt":"2023-07-30T07:01:52","guid":{"rendered":"https:\/\/agro-jardin-brico.com\/?post_type=product&#038;p=4289"},"modified":"2023-07-30T09:01:52","modified_gmt":"2023-07-30T07:01:52","slug":"karcher-tronconneuse-cns-36-35-battery","status":"publish","type":"product","link":"https:\/\/agro-jardin-brico.com\/?product=karcher-tronconneuse-cns-36-35-battery","title":{"rendered":"K\u00e4rcher tron\u00e7onneuse CNS 36-35 Battery"},"content":{"rendered":"<h1 class=\"title title--productBasicInfo\" style=\"text-align: center;\" data-product-title=\"\" data-udo-productname=\"\">K\u00e4rcher tron\u00e7onneuse CNS 36-35 Battery<\/h1>\n<p>Gr\u00e2ce \u00e0 sa vitesse hors pair et \u00e0 sa largeur de coupe optimale, m\u00eame les grosses branches ne sont pas un probl\u00e8me pour la tron\u00e7onneuse sans fil CNS 36-35 Battery. Le syst\u00e8me de tension de cha\u00eene sans outils et la lubrification automatique de la cha\u00eene rendent l&#8217;utilisation extr\u00eamement simple \u2013 que vous soyez professionnel ou d\u00e9butant. Le frein de cha\u00eene et le syst\u00e8me \u00e0 double interrupteur garantissent la s\u00e9curit\u00e9 \u00e0 tout moment pendant l&#8217;utilisation. Inclus : la tron\u00e7onneuse sans fil, le lamier, la cha\u00eene, la protection de lamier et un flacon d&#8217;huile.<\/p>\n<p>&nbsp;<\/p>\n<div class=\"productInformation__row\">\n<h3 class=\"productInformation__title col-12 col-md-3\">Marque<\/h3>\n<div class=\"productInformation__content col-12 col-md-9 productInformation__content--no-fadeout\"><span data-product-brand=\"\" data-udo-brand=\"\"><a href=\"https:\/\/www.jumbo.ch\/themes\/univers-des-marques\/kaercher.html\" target=\"_blank\" rel=\"noopener\"><img decoding=\"async\" class=\"productBasicInfo__label-img\" title=\"K\u00e4rcher\" src=\"https:\/\/www.jumbo.ch\/img\/brands\/BRAND_kaercher_fr.jpg?_=1608293125573\" alt=\"K\u00e4rcher\" \/><\/a><\/span><\/div>\n<\/div>\n<div class=\"productInformation__row\">\n<h3 class=\"productInformation__title col-12 col-md-3\">Propri\u00e9t\u00e9s<\/h3>\n<div class=\"productInformation__content col-12 col-md-9 fadeout fadeout--closed\">Batterie non incluse. Griffe. Vitesse hors pair. Applications vari\u00e9es. D\u00e9verrouillage de s\u00e9curit\u00e9. R\u00e9servoir d&#8217;huile transparent. Moteur sans balais. Plateforme de batterie K\u00e4rcher Battery Power 36 V.<\/div>\n<\/div>\n<div class=\"productInformation__row\">\n<h3 class=\"productInformation__title col-12 col-md-3\">Longueur de coupe (en cm)<\/h3>\n<div class=\"productInformation__content col-12 col-md-9 \">35 cm<\/div>\n<\/div>\n<div class=\"productInformation__row\">\n<h3 class=\"productInformation__title col-12 col-md-3\">Marque de la cha\u00eene<\/h3>\n<div class=\"productInformation__content col-12 col-md-9 \">Oregon<\/div>\n<\/div>\n<div class=\"productInformation__row\">\n<h3 class=\"productInformation__title col-12 col-md-3\">Niveau sonore<\/h3>\n<div class=\"productInformation__content col-12 col-md-9 \">104 dB<\/div>\n<\/div>\n<div class=\"productInformation__row\">\n<h3 class=\"productInformation__title col-12 col-md-3\">Marque du guide<\/h3>\n<div class=\"productInformation__content col-12 col-md-9 \">Oregon<\/div>\n<\/div>\n<div>\n<div class=\"productInformation__row\">\n<h3 class=\"productInformation__title col-12 col-md-3\">Tension (en V)<\/h3>\n<div class=\"productInformation__content col-12 col-md-9 \">36 V<\/div>\n<\/div>\n<div class=\"productInformation__row\">\n<h3 class=\"productInformation__title col-12 col-md-3\">Poids (en kg)<\/h3>\n<div class=\"productInformation__content col-12 col-md-9 \">5.750 kg<\/div>\n<\/div>\n<div class=\"productInformation__row\">\n<h3 class=\"productInformation__title col-12 col-md-3\">Etendue de la livraison<\/h3>\n<div class=\"productInformation__content col-12 col-md-9 \">1 x tron\u00e7onneuse<\/div>\n<\/div>\n<div class=\"productInformation__row\">\n<h3 class=\"productInformation__title col-12 col-md-3\">Fonction<\/h3>\n<div class=\"productInformation__content col-12 col-md-9 \">Tension de la cha\u00eene sans outil<\/div>\n<\/div>\n<div class=\"productInformation__row\">\n<h3 class=\"productInformation__title col-12 col-md-3\">Fonctionnement<\/h3>\n<div class=\"productInformation__content col-12 col-md-9 \">Accu\/sans fil<\/div>\n<\/div>\n<div class=\"productInformation__row\">\n<h3 class=\"productInformation__title col-12 col-md-3\">Garantie<\/h3>\n<div class=\"productInformation__content col-12 col-md-9 \">5 ans<\/div>\n<\/div>\n<\/div>\n","protected":false},"excerpt":{"rendered":"<p>Garantie : <strong>5 ans<\/strong><br \/>\nMarque: <strong>K\u00e4rcher<\/strong><br \/>\nType de batterie:<strong> Lithium-ion<\/strong><br \/>\n<strong>Livr\u00e9 Avec batterie et chargeur<\/strong><br \/>\nProduit: <strong>Neuf<\/strong><\/p>\n<p><strong>Livr\u00e9 entre 5 \u2013 7 Jours<\/strong><br \/>\n<strong>Livraison a domicile offerte<\/strong><\/p>\n","protected":false},"featured_media":0,"comment_status":"open","ping_status":"closed","template":"","meta":[],"product_cat":[176,173],"product_tag":[212,211,213],"class_list":{"0":"post-4289","1":"product","2":"type-product","3":"status-publish","5":"product_cat-debroussailleuse-coupe-bordure-taille-haie-et-tronconneuse","6":"product_cat-jardinage","7":"product_tag-karcher-tronconneuse","8":"product_tag-tronconneuse","9":"product_tag-tronconneuses-sans-fil","11":"first","12":"instock","13":"sale","14":"shipping-taxable","15":"purchasable","16":"product-type-simple"},"_links":{"self":[{"href":"https:\/\/agro-jardin-brico.com\/index.php?rest_route=\/wp\/v2\/product\/4289","targetHints":{"allow":["GET"]}}],"collection":[{"href":"https:\/\/agro-jardin-brico.com\/index.php?rest_route=\/wp\/v2\/product"}],"about":[{"href":"https:\/\/agro-jardin-brico.com\/index.php?rest_route=\/wp\/v2\/types\/product"}],"replies":[{"embeddable":true,"href":"https:\/\/agro-jardin-brico.com\/index.php?rest_route=%2Fwp%2Fv2%2Fcomments&post=4289"}],"wp:attachment":[{"href":"https:\/\/agro-jardin-brico.com\/index.php?rest_route=%2Fwp%2Fv2%2Fmedia&parent=4289"}],"wp:term":[{"taxonomy":"product_cat","embeddable":true,"href":"https:\/\/agro-jardin-brico.com\/index.php?rest_route=%2Fwp%2Fv2%2Fproduct_cat&post=4289"},{"taxonomy":"product_tag","embeddable":true,"href":"https:\/\/agro-jardin-brico.com\/index.php?rest_route=%2Fwp%2Fv2%2Fproduct_tag&post=4289"}],"curies":[{"name":"wp","href":"https:\/\/api.w.org\/{rel}","templated":true}]}}