{"id":4271,"date":"2023-07-29T18:05:11","date_gmt":"2023-07-29T16:05:11","guid":{"rendered":"https:\/\/agro-jardin-brico.com\/?post_type=product&#038;p=4271"},"modified":"2023-07-29T18:05:11","modified_gmt":"2023-07-29T16:05:11","slug":"tond-robot-smart-sileno-city-600","status":"publish","type":"product","link":"https:\/\/agro-jardin-brico.com\/?product=tond-robot-smart-sileno-city-600","title":{"rendered":"Tond. robot smart SILENO city 600"},"content":{"rendered":"<h1 class=\"title title--productBasicInfo\" style=\"text-align: center;\" data-product-title=\"\" data-udo-productname=\"\">Tond. robot smart SILENO city 600<\/h1>\n<p>Le robot de tonte moderne SILENO city est une tondeuse \u00e0 gazon robotis\u00e9e silencieuse, polyvalente et intelligente, id\u00e9ale pour les pelouses de taille moyenne jusqu&#8217;\u00e0 600 m\u00b2. Gr\u00e2ce \u00e0 l&#8217;application Bluetooth\u00ae GARDENA, la taille de la pelouse et les temps de tonte sont r\u00e9gl\u00e9s via le smartphone, puis le robot de tonte peut directement commencer son travail. L&#8217;application Bluetooth\u00ae GARDENA guide intuitivement les utilisateurs tout au long de l&#8217;installation. Avec EasyApp Control via Bluetooth\u00ae, le SILENO city peut \u00eatre configur\u00e9 tr\u00e8s facilement dans un rayon de 10 m\u00e8tres. SILENO city sait avec quelle pr\u00e9cision et \u00e0 quelle fr\u00e9quence une pelouse doit \u00eatre tondue. C&#8217;est l&#8217;un des robots de tonte les plus silencieux du march\u00e9. Gr\u00e2ce \u00e0 un moteur particuli\u00e8rement silencieux, cette tondeuse a le niveau sonore le plus bas de sa cat\u00e9gorie, avec seulement 57 dB(A). Le syst\u00e8me CorridorCut guide la tondeuse m\u00eame dans les coins encombrants et les passages \u00e9troits d&#8217;une largeur de 60 cm ou plus entre les c\u00e2bles de d\u00e9limitation. Le SensorControl permet d&#8217;obtenir encore plus de pr\u00e9cision ; le robot de tonte \u00e9value lui-m\u00eame la fr\u00e9quence \u00e0 laquelle la pelouse doit \u00eatre tondue et agit en cons\u00e9quence de mani\u00e8re autonome. Gr\u00e2ce \u00e0 Auto Weather &amp; Terrain, le SILENO city tond en toute saison, par tous les temps et sur presque tous les terrains. Gr\u00e2ce \u00e0 son capteur de gel, il remarque si le sol est gel\u00e9 et arr\u00eate son programme de tonte en cons\u00e9quence jusqu&#8217;\u00e0 ce que le sol soit d\u00e9gel\u00e9. Le c\u00e2ble de d\u00e9limitation indique au SILENO city quelles parties du jardin doivent \u00eatre tondues ou non. Le c\u00e2ble de guidage guide le robot de tonte de mani\u00e8re enti\u00e8rement automatique \u00e0 travers toutes les zones de tonte, \u00e0 travers les espaces \u00e9troits et, enfin, au retour \u00e0 la station de charge. Les pentes ou les inclinaisons jusqu&#8217;\u00e0 35 % ne posent aucun probl\u00e8me au robot de tonte. Le SILENO city 600 m\u00b2 peut en outre \u00eatre nettoy\u00e9 tr\u00e8s facilement avec un tuyau d&#8217;arrosage. Gr\u00e2ce \u00e0 lui et \u00e0 l&#8217;application Bluetooth\u00ae GARDE<\/p>\n<div class=\"productInformation__row\">\n<h3 class=\"productInformation__title col-12 col-md-3\">Marque<\/h3>\n<div class=\"productInformation__content col-12 col-md-9 productInformation__content--no-fadeout\"><span data-product-brand=\"\" data-udo-brand=\"\"><a href=\"https:\/\/www.jumbo.ch\/themes\/univers-des-marques\/gardena.html\" target=\"_blank\" rel=\"noopener\"><img decoding=\"async\" class=\"productBasicInfo__label-img\" title=\"Gardena\" src=\"https:\/\/www.jumbo.ch\/img\/brands\/BRAND_gardena_fr.jpg?_=1512988178529\" alt=\"Gardena\" \/><\/a><\/span><\/div>\n<\/div>\n<div class=\"productInformation__row\">\n<h3 class=\"productInformation__title col-12 col-md-3\">Label(s)<\/h3>\n<div class=\"productInformation__content col-12 col-md-9 productInformation__content--no-fadeout\"><a href=\"https:\/\/www.jumbo.ch\/qui-sommes-nous\/developpement-durable\/topten.html\" target=\"_blank\" rel=\"noopener\"><img decoding=\"async\" class=\"productBasicInfo__label-img\" title=\"topten\" src=\"https:\/\/www.jumbo.ch\/img\/labels\/LABEL_topten_fr.jpg?_=1516617148615\" alt=\"topten\" \/><\/a><\/div>\n<\/div>\n<div class=\"productInformation__row\">\n<h3 class=\"productInformation__title col-12 col-md-3\">Propri\u00e9t\u00e9s<\/h3>\n<div class=\"productInformation__content col-12 col-md-9 fadeout fadeout--closed\">Programmation des temps de tonte via le clavier et l&#8217;\u00e9cran, \u00c9galement contr\u00f4lable via l&#8217;application, Fonction de d\u00e9marrage \u00e0 distance, Disque de coupe avec trois lames, Niveau sonore de 57 dB seulement pour des journ\u00e9es de jardinage d\u00e9tendues<\/div>\n<\/div>\n<div class=\"productInformation__row\">\n<h3 class=\"productInformation__title col-12 col-md-3\">Pour surfaces jusqu&#8217;\u00e0 &#8230;<\/h3>\n<div class=\"productInformation__content col-12 col-md-9 \">600 m2<\/div>\n<\/div>\n<div class=\"productInformation__row\">\n<h3 class=\"productInformation__title col-12 col-md-3\">Largeur de coupe (en cm)<\/h3>\n<div class=\"productInformation__content col-12 col-md-9 \">16 cm<\/div>\n<\/div>\n<div class=\"productInformation__row\">\n<h3 class=\"productInformation__title col-12 col-md-3\">Hauteur de coupe max.<\/h3>\n<div class=\"productInformation__content col-12 col-md-9 \">50 mm<\/div>\n<\/div>\n<div class=\"productInformation__row\">\n<h3 class=\"productInformation__title col-12 col-md-3\">Hauteur de coupe min.<\/h3>\n<div class=\"productInformation__content col-12 col-md-9 \">20 mm<\/div>\n<\/div>\n<div class=\"productInformation__row\">\n<h3 class=\"productInformation__title col-12 col-md-3\">Niveau sonore<\/h3>\n<div class=\"productInformation__content col-12 col-md-9 \">57 db.00 dB<\/div>\n<\/div>\n<div class=\"productInformation__row\">\n<h3 class=\"productInformation__title col-12 col-md-3\">Longueur (en cm)<\/h3>\n<div class=\"productInformation__content col-12 col-md-9 \">79 cm<\/div>\n<\/div>\n<div class=\"productInformation__row\">\n<h3 class=\"productInformation__title col-12 col-md-3\">Couleur\/teinte<\/h3>\n<div class=\"productInformation__content col-12 col-md-9 \">Anthracite, Bleu, Gris, Vert, Turquoise<\/div>\n<\/div>\n<div class=\"productInformation__row\">\n<h3 class=\"productInformation__title col-12 col-md-3\">Capacit\u00e9 de la batterie (en Ah<\/h3>\n<div class=\"productInformation__content col-12 col-md-9 \">2 Ah<\/div>\n<\/div>\n<div>\n<div class=\"productInformation__row\">\n<h3 class=\"productInformation__title col-12 col-md-3\">Temps de charge de la batterie<\/h3>\n<div class=\"productInformation__content col-12 col-md-9 \">60 min<\/div>\n<\/div>\n<div class=\"productInformation__row\">\n<h3 class=\"productInformation__title col-12 col-md-3\">Tension de la batterie (en V)<\/h3>\n<div class=\"productInformation__content col-12 col-md-9 \">18 V<\/div>\n<\/div>\n<div class=\"productInformation__row\">\n<h3 class=\"productInformation__title col-12 col-md-3\">Type de batterie<\/h3>\n<div class=\"productInformation__content col-12 col-md-9 \">Lithium-ion<\/div>\n<\/div>\n<div class=\"productInformation__row\">\n<h3 class=\"productInformation__title col-12 col-md-3\">Capacit\u00e9 (en Ah)<\/h3>\n<div class=\"productInformation__content col-12 col-md-9 \">2 Ah<\/div>\n<\/div>\n<div class=\"productInformation__row\">\n<h3 class=\"productInformation__title col-12 col-md-3\">Tension (en V)<\/h3>\n<div class=\"productInformation__content col-12 col-md-9 \">18 V<\/div>\n<\/div>\n<div class=\"productInformation__row\">\n<h3 class=\"productInformation__title col-12 col-md-3\">Hauteur (en cm)<\/h3>\n<div class=\"productInformation__content col-12 col-md-9 \">33.299999999999997 cm<\/div>\n<\/div>\n<div class=\"productInformation__row\">\n<h3 class=\"productInformation__title col-12 col-md-3\">Largeur en cm<\/h3>\n<div class=\"productInformation__content col-12 col-md-9 \">56.6 cm<\/div>\n<\/div>\n<div class=\"productInformation__row\">\n<h3 class=\"productInformation__title col-12 col-md-3\">Poids (en kg)<\/h3>\n<div class=\"productInformation__content col-12 col-md-9 \">7.3 kg<\/div>\n<\/div>\n<div class=\"productInformation__row\">\n<h3 class=\"productInformation__title col-12 col-md-3\">Fonction<\/h3>\n<div class=\"productInformation__content col-12 col-md-9 \">Entra\u00eenement des roues<\/div>\n<\/div>\n<div class=\"productInformation__row\">\n<h3 class=\"productInformation__title col-12 col-md-3\">Fonctionnement<\/h3>\n<div class=\"productInformation__content col-12 col-md-9 \">Accu\/sans fil<\/div>\n<\/div>\n<div class=\"productInformation__row\">\n<h3 class=\"productInformation__title col-12 col-md-3\">Garantie<\/h3>\n<div class=\"productInformation__content col-12 col-md-9 \">2 ans<\/div>\n<\/div>\n<\/div>\n<div class=\"productBasicInfo__rating\" data-equal-heights-group=\"producttile-rating\">\n<div class=\"rating\" style=\"text-align: center;\"><\/div>\n<\/div>\n","protected":false},"excerpt":{"rendered":"<p>Garantie : <strong>2 ans<\/strong><br \/>\nMarque: <strong>Gardena<\/strong><br \/>\nPour surfaces jusqu&#8217;\u00e0 &#8230; <strong>600 m2<\/strong><br \/>\nType de batterie: <strong>Lithium-ion<\/strong><br \/>\nProduit: <strong>Neuf\u00a0<\/strong><\/p>\n<p><strong>Livr\u00e9 entre 5 \u2013 7 Jours<\/strong><br \/>\n<strong>Livraison a domicile offerte<\/strong><\/p>\n","protected":false},"featured_media":4272,"comment_status":"open","ping_status":"closed","template":"","meta":[],"product_cat":[15],"product_tag":[],"class_list":{"0":"post-4271","1":"product","2":"type-product","3":"status-publish","4":"has-post-thumbnail","6":"product_cat-non-classe","8":"first","9":"instock","10":"sale","11":"shipping-taxable","12":"purchasable","13":"product-type-simple"},"_links":{"self":[{"href":"https:\/\/agro-jardin-brico.com\/index.php?rest_route=\/wp\/v2\/product\/4271","targetHints":{"allow":["GET"]}}],"collection":[{"href":"https:\/\/agro-jardin-brico.com\/index.php?rest_route=\/wp\/v2\/product"}],"about":[{"href":"https:\/\/agro-jardin-brico.com\/index.php?rest_route=\/wp\/v2\/types\/product"}],"replies":[{"embeddable":true,"href":"https:\/\/agro-jardin-brico.com\/index.php?rest_route=%2Fwp%2Fv2%2Fcomments&post=4271"}],"wp:featuredmedia":[{"embeddable":true,"href":"https:\/\/agro-jardin-brico.com\/index.php?rest_route=\/wp\/v2\/media\/4272"}],"wp:attachment":[{"href":"https:\/\/agro-jardin-brico.com\/index.php?rest_route=%2Fwp%2Fv2%2Fmedia&parent=4271"}],"wp:term":[{"taxonomy":"product_cat","embeddable":true,"href":"https:\/\/agro-jardin-brico.com\/index.php?rest_route=%2Fwp%2Fv2%2Fproduct_cat&post=4271"},{"taxonomy":"product_tag","embeddable":true,"href":"https:\/\/agro-jardin-brico.com\/index.php?rest_route=%2Fwp%2Fv2%2Fproduct_tag&post=4271"}],"curies":[{"name":"wp","href":"https:\/\/api.w.org\/{rel}","templated":true}]}}