{"id":276,"date":"2020-10-16T13:25:48","date_gmt":"2020-10-16T13:25:48","guid":{"rendered":"https:\/\/agro-jardin-brico.com\/?post_type=product&#038;p=276"},"modified":"2023-08-21T02:08:05","modified_gmt":"2023-08-21T00:08:05","slug":"simpson-simpson-powershot-portable-2200-watt-inverter-generator-sig2218","status":"publish","type":"product","link":"https:\/\/agro-jardin-brico.com\/?product=simpson-simpson-powershot-portable-2200-watt-inverter-generator-sig2218","title":{"rendered":"Simpson Simpson PowerShot Portable 2200-Watt Inverter Generator (SIG2218)"},"content":{"rendered":"<ul>\n<li><span>Moteur SIMPSON 79cc avec grand recul pour un d\u00e9marrage facile (conforme aux 50 \u00e9tats)<\/span><\/li>\n<li><span>Affichage LED<\/span><\/li>\n<li><span>Le centre de donn\u00e9es facile d&#8217;acc\u00e8s fournit des lectures en temps r\u00e9el sur les niveaux de carburant\/wattage et la dur\u00e9e de fonctionnement<\/span><\/li>\n<li><span>La puissance est d\u00e9livr\u00e9e silencieusement par rapport aux niveaux de bruit standard des g\u00e9n\u00e9rateurs<\/span><\/li>\n<li><span>Maintenant avec protection GFCI<\/span><\/li>\n<li><span>Dimensions de l&#8217;unit\u00e9 : L : 20&#8243; x l : 12&#8243; x H : 18&#8243;<\/span><\/li>\n<li><span>Poids unitaire : 46 lb<\/span><\/li>\n<li><span>Le produit r\u00e9el peut diff\u00e9rer l\u00e9g\u00e8rement des images du produit<\/span><\/li>\n<\/ul>\n<p><span>*G\u00e9n\u00e9rateur selon la norme PGMA (Portable Generator Manufacturers&#8217; Association) ANSI\/PGMA G300-2015, Safety and Performance of Portable Generators.<\/span><br \/>\n<span>**Voir le manuel de l&#8217;op\u00e9rateur pour les d\u00e9tails complets de la garantie<\/span><\/p>\n<p>&nbsp;<\/p>\n<h2><span>SP\u00c9CIFICATIONS DU PRODUIT\u00a0<\/span><\/h2>\n<ul class=\"product-specs\">\n<li><strong><span>Type d&#8217;alimentation :<\/span><\/strong>\u00a0<span>\u00a0Essence<\/span><\/li>\n<li><strong><span>Puissance de fonctionnement :<\/span><\/strong>\u00a0<span>\u00a01800<\/span><\/li>\n<li><strong><span>Watts de d\u00e9marrage :<\/span><\/strong>\u00a0<span>\u00a02200<\/span><\/li>\n<li><strong><span>Capacit\u00e9 du r\u00e9servoir de carburant (gallons) :<\/span><\/strong>\u00a0<span>\u00a01,32<\/span><\/li>\n<li><strong><span>Marque du moteur\u00a0:<\/span><\/strong>\u00a0<span>\u00a0moteur \u00e9lectrique SIMPSON 120\u00a0V<\/span><\/li>\n<li><strong><span>Consommation de charge de carburant\u00a0:<\/span><\/strong>\u00a0<span>\u00a00,15<\/span><\/li>\n<li><strong><span>Nombre de circuits\/prises\u00a0:<\/span><\/strong>\u00a0<span>\u00a02<\/span><\/li>\n<li><strong><span>Type de prise :<\/span><\/strong>\u00a0<span>\u00a0120 V 20 A |\u00a012V CC<\/span><\/li>\n<li><strong><span>Autonomie \u00e0 50\u00a0% de charge (heures\/r\u00e9servoir ou charge)\u00a0:<\/span><\/strong>\u00a0<span>\u00a08<\/span><\/li>\n<\/ul>\n","protected":false},"excerpt":{"rendered":"<ul>\n<li>Fonction soufflerie<\/li>\n<li>Durable<\/li>\n<li>Design compact<\/li>\n<\/ul>\n","protected":false},"featured_media":277,"comment_status":"open","ping_status":"closed","template":"","meta":[],"product_cat":[178,180],"product_tag":[],"class_list":{"0":"post-276","1":"product","2":"type-product","3":"status-publish","4":"has-post-thumbnail","6":"product_cat-bricolage","7":"product_cat-groupe-electrogene-de-chantierinverter-et-station-denergie","9":"first","10":"instock","11":"sale","12":"shipping-taxable","13":"purchasable","14":"product-type-simple"},"_links":{"self":[{"href":"https:\/\/agro-jardin-brico.com\/index.php?rest_route=\/wp\/v2\/product\/276","targetHints":{"allow":["GET"]}}],"collection":[{"href":"https:\/\/agro-jardin-brico.com\/index.php?rest_route=\/wp\/v2\/product"}],"about":[{"href":"https:\/\/agro-jardin-brico.com\/index.php?rest_route=\/wp\/v2\/types\/product"}],"replies":[{"embeddable":true,"href":"https:\/\/agro-jardin-brico.com\/index.php?rest_route=%2Fwp%2Fv2%2Fcomments&post=276"}],"wp:featuredmedia":[{"embeddable":true,"href":"https:\/\/agro-jardin-brico.com\/index.php?rest_route=\/wp\/v2\/media\/277"}],"wp:attachment":[{"href":"https:\/\/agro-jardin-brico.com\/index.php?rest_route=%2Fwp%2Fv2%2Fmedia&parent=276"}],"wp:term":[{"taxonomy":"product_cat","embeddable":true,"href":"https:\/\/agro-jardin-brico.com\/index.php?rest_route=%2Fwp%2Fv2%2Fproduct_cat&post=276"},{"taxonomy":"product_tag","embeddable":true,"href":"https:\/\/agro-jardin-brico.com\/index.php?rest_route=%2Fwp%2Fv2%2Fproduct_tag&post=276"}],"curies":[{"name":"wp","href":"https:\/\/api.w.org\/{rel}","templated":true}]}}