{"id":2938,"date":"2021-04-17T13:14:00","date_gmt":"2021-04-17T13:14:00","guid":{"rendered":"https:\/\/agro-jardin-brico.com\/?page_id=2938"},"modified":"2023-08-30T23:17:03","modified_gmt":"2023-08-30T21:17:03","slug":"faq","status":"publish","type":"page","link":"https:\/\/agro-jardin-brico.com\/?page_id=2938","title":{"rendered":"FAQ"},"content":{"rendered":"<section class=\"wpb-content-wrapper\"><p>[vc_row element_id=&#8221;296214&#8243; css=&#8221;.vc_custom_1618839550177{padding-bottom: 48px !important;}&#8221;][vc_column animation_delay=&#8221;0&#8243; element_id=&#8221;543398&#8243; crp=&#8221;374:i:i,375-767:i:i,768-1023:i:i,1024-1279:i:i,1280-1599:i:i,1600-1919:i:i&#8221;]<div id=\"et-icon-box-706644\" class=\"et-icon-box vci icon-position-left icon-alignment-left animation-none small no-content\" data-effect=\"none\"><div class=\"et-icon-box-inner et-clearfix small\"><div class=\"et-icon small\"><svg xmlns=\"http:\/\/www.w3.org\/2000\/svg\" viewBox=\"0 0 511.796 511.796\"><path d=\"M297.009 248.725h-64.395l12.404 96.773.006.074h51.986v-96.847zM391.297 248.725h-64.289v96.847h51.981c.004-.036.004-.07.008-.106zM437.695 121.641l-12.343 97.084h71.777l13.812-59.811c4.631-17.589-10.193-37.384-29.396-37.114l-43.848-.177-.002.018zM297.009 121.056l-80.802-.325 12.561 97.994h68.241zM421.538 248.725l-12.313 96.847h28.83c17.535 0 32.537-11.933 36.481-29.017l15.664-67.83z\"><\/path><path d=\"M214.781 345.572l-12.414-96.847h-74.145l18.001 66.786c-12.003.436-23.183 5.318-31.661 13.92-8.908 9.04-13.692 21.006-13.471 33.695.442 25.377 21.451 46.023 46.833 46.023h21.872a52.18 52.18 0 00-5.076 22.501c0 28.95 23.552 52.502 52.502 52.502s52.502-23.552 52.502-52.502a52.177 52.177 0 00-5.077-22.501h94.716a52.185 52.185 0 00-5.073 22.493c0 28.95 23.553 52.502 52.502 52.502 28.95 0 52.503-23.553 52.503-52.502a52.174 52.174 0 00-5.464-23.285c5.936-1.999 10.216-7.598 10.216-14.207 0-8.284-6.716-15-15-15H147.923c-22.388-1.148-21.92-32.65.049-33.68zM327.009 121.177v97.548h68.103l12.36-97.223z\"><\/path><g><path d=\"M77.959 62.235l7.505 27.847h31.07l-9.614-35.67c-4.267-15.761-18.65-26.768-34.978-26.768H15c-8.284 0-15 6.716-15 15s6.716 15 15 15h56.942a6.243 6.243 0 016.017 4.591zM185.96 120.717l-.004-.048H93.709c3.474 12.896 22.586 83.796 26.429 98.056h78.385z\"><\/path><\/g><\/svg> <\/div><div class=\"et-icon-content\"><h6 class=\"et-icon-box-title\">Faire des achats avec nous<\/h6><\/div><\/div><\/div><span class=\"et-gap et-clearfix et-gap-310352\"><\/span>[\/vc_column][vc_column animation_delay=&#8221;0&#8243; element_id=&#8221;530189&#8243; crp=&#8221;374:i:i,375-767:i:i,768-1023:i:i,1024-1279:i:i,1280-1599:i:i,1600-1919:i:i&#8221;]<span class=\"et-gap et-clearfix et-gap-185064\"><\/span><div class=\"et-accordion-wrapper\"><div id=\"et-accordion-778566\" class=\"et-accordion et-clearfix collapsible-false\"><div class=\"toggle-title et-clearfix\">Do you have my product in stock?<span class=\"toggle-ind\"><svg xmlns=\"http:\/\/www.w3.org\/2000\/svg\" viewBox=\"0 0 240.823 240.823\"><path d=\"M57.633 129.007L165.93 237.268c4.752 4.74 12.451 4.74 17.215 0 4.752-4.74 4.752-12.439 0-17.179l-99.707-99.671 99.695-99.671c4.752-4.74 4.752-12.439 0-17.191-4.752-4.74-12.463-4.74-17.215 0L57.621 111.816c-4.679 4.691-4.679 12.511.012 17.191z\"\/><\/svg>\n<\/span><\/div> <div id=\"do-you-have-my-product-in-stock-1\" class=\"toggle-content\"><div class=\"toggle-content-inner et-clearfix\">[vc_column_text animation_delay=&#8221;0&#8243;]Sur chaque page de produit individuel, il y a un indicateur de niveau de stock pour montrer ce qui est disponible. Nous n&#8217;affichons pas les articles en rupture de stock. Si vous avez vu quelque chose sur notre site , sachez que cela est disponible et que vous pouvez passer la commande .[\/vc_column_text]<\/div> <\/div><div class=\"toggle-title et-clearfix\">Livrez-vous le lendemain ?<span class=\"toggle-ind\"><svg xmlns=\"http:\/\/www.w3.org\/2000\/svg\" viewBox=\"0 0 240.823 240.823\"><path d=\"M57.633 129.007L165.93 237.268c4.752 4.74 12.451 4.74 17.215 0 4.752-4.74 4.752-12.439 0-17.179l-99.707-99.671 99.695-99.671c4.752-4.74 4.752-12.439 0-17.191-4.752-4.74-12.463-4.74-17.215 0L57.621 111.816c-4.679 4.691-4.679 12.511.012 17.191z\"\/><\/svg>\n<\/span><\/div> <div id=\"livrez-vous-le-lendemain-2\" class=\"toggle-content\"><div class=\"toggle-content-inner et-clearfix\">[vc_column_text animation_delay=&#8221;0&#8243;]Nous faisons! &#8211; Beaucoup de nos produits sont \u00e9ligibles \u00e0 la livraison en<strong><span style=\"color: #ff0000;\"> 5 \u00e0 7 Jours<\/span><\/strong>. De plus, nous utilisons un excellent service de messagerie qui peut vous envoyer une notification de livraison ainsi qu&#8217;un assistant t\u00e9l\u00e9phonique prendra contact avec vous pour la confirmation du jours de votre livraison.\u00a0 \u00abApres votre commande vous pouvez aussi demander une livraison express\u00bb , Contactez le service clientel pour connaitre le frais de livraison expresse.<\/p>\n<p>Consultez la page du produit individuel pour identifier le service de livraison disponible. Pour plus d&#8217;informations sur les options de livraison, cliquez\u00a0<a href=\"#\">ici.<\/a>[\/vc_column_text]<\/div> <\/div><div class=\"toggle-title et-clearfix\">Quelles options de livraison proposez-vous ?<span class=\"toggle-ind\"><svg xmlns=\"http:\/\/www.w3.org\/2000\/svg\" viewBox=\"0 0 240.823 240.823\"><path d=\"M57.633 129.007L165.93 237.268c4.752 4.74 12.451 4.74 17.215 0 4.752-4.74 4.752-12.439 0-17.179l-99.707-99.671 99.695-99.671c4.752-4.74 4.752-12.439 0-17.191-4.752-4.74-12.463-4.74-17.215 0L57.621 111.816c-4.679 4.691-4.679 12.511.012 17.191z\"\/><\/svg>\n<\/span><\/div> <div id=\"quelles-options-de-livraison-proposez-vous-3\" class=\"toggle-content\"><div class=\"toggle-content-inner et-clearfix\">[vc_column_text animation_delay=&#8221;0&#8243;]Sur plusieurs de nos produits. nous proposons principalement la <strong>livraison gratuite<\/strong> entre <strong>5 \u00e0 7 jours<\/strong> pour vous aider \u00e0 recevoir votre colis au bon moment . Nous proposons aussi un<strong>e livraison expresse<\/strong> ou <strong>livraison premium<\/strong> qui est pratiquement livr\u00e9 le Jour suivant &#8220;Livraison le lendemain avant <strong>10h30<\/strong>&#8221; qui est payante .<\/p>\n<p>Les commandes Normales sont livr\u00e9 dons dans 5 \u00e0 7 jours.Vous pouvez faire votre choix de livraison apres votre commande car l&#8217;assistant vous contactera pour avoir une confirmations sur le type de livraison que vous desirez avant de confirmer votre commande . Pour la plupart de nos livraisons, nous exigeons une signature pour garantir qu&#8217;elles arrivent \u00e0 bon port. Veuillez vous assurer que quelqu&#8217;un est disponible \u00e0 votre travail ou \u00e0 votre domicile pour effectuer la livraison.[\/vc_column_text]<\/div> <\/div><div class=\"toggle-title et-clearfix\">Comment savoir quand ma commande a \u00e9t\u00e9 exp\u00e9di\u00e9e ?<span class=\"toggle-ind\"><svg xmlns=\"http:\/\/www.w3.org\/2000\/svg\" viewBox=\"0 0 240.823 240.823\"><path d=\"M57.633 129.007L165.93 237.268c4.752 4.74 12.451 4.74 17.215 0 4.752-4.74 4.752-12.439 0-17.179l-99.707-99.671 99.695-99.671c4.752-4.74 4.752-12.439 0-17.191-4.752-4.74-12.463-4.74-17.215 0L57.621 111.816c-4.679 4.691-4.679 12.511.012 17.191z\"\/><\/svg>\n<\/span><\/div> <div id=\"comment-savoir-quand-ma-commande-a-ete-expediee-4\" class=\"toggle-content\"><div class=\"toggle-content-inner et-clearfix\">[vc_column_text animation_delay=&#8221;0&#8243;]When your goods have been dispatched you will receive a confirmation via email to the email address provided &#8211; it is important to provide us with an email address as this can be the quickest and most efficient way of us contacting you.[\/vc_column_text]<\/div> <\/div><\/div><\/div><div id=\"et-icon-box-408055\" class=\"et-icon-box vci icon-position-left icon-alignment-left animation-none small no-content\" data-effect=\"none\"><div class=\"et-icon-box-inner et-clearfix small\"><div class=\"et-icon small\"><svg xmlns=\"http:\/\/www.w3.org\/2000\/svg\" viewBox=\"0 0 512 512\"><path d=\"M136 210c-24.814 0-45 20.186-45 45v122c0 24.814 20.186 45 45 45s45-20.186 45-45V255c0-24.814-20.186-45-45-45zM61 255c0-4.327.571-8.507 1.278-12.634C44.2 248.209 31 265.001 31 285v62c0 19.999 13.2 36.791 31.278 42.634C61.571 385.507 61 381.327 61 377V255zM376 210c-24.814 0-45 20.186-45 45v122c0 24.814 20.186 45 45 45 4.51 0 8.782-.868 12.892-2.108C383.308 438.401 366.305 452 346 452h-47.763c-6.213-17.422-22.707-30-42.237-30-24.814 0-45 20.186-45 45s20.186 45 45 45c19.53 0 36.024-12.578 42.237-30H346c41.353 0 75-33.647 75-75V255c0-24.814-20.186-45-45-45zM449.722 242.366c.707 4.127 1.278 8.307 1.278 12.634v122c0 4.327-.571 8.507-1.278 12.634C467.8 383.791 481 366.999 481 347v-62c0-19.999-13.2-36.791-31.278-42.634z\"><\/path><path d=\"M256 0C131.928 0 31 100.928 31 225v.383c8.937-6.766 19.277-11.717 30.687-13.934C68.698 110.251 153.054 30 256 30s187.302 80.251 194.313 181.448c11.409 2.217 21.749 7.169 30.687 13.934V225C481 100.928 380.072 0 256 0z\"><\/path><\/svg> <\/div><div class=\"et-icon-content\"><h6 class=\"et-icon-box-title\">Assistance apr\u00e8s-vente<\/h6><\/div><\/div><\/div><span class=\"et-gap et-clearfix et-gap-723432\"><\/span>[\/vc_column][vc_column animation_delay=&#8221;0&#8243; element_id=&#8221;848644&#8243; crp=&#8221;374:i:i,375-767:i:i,768-1023:i:i,1024-1279:i:i,1280-1599:i:i,1600-1919:i:i&#8221;]<div class=\"et-accordion-wrapper\"><div id=\"et-accordion-945476\" class=\"et-accordion et-clearfix collapsible-false\"><div class=\"toggle-title et-clearfix\">My goods arrived damaged, what should I do?<span class=\"toggle-ind\"><svg xmlns=\"http:\/\/www.w3.org\/2000\/svg\" viewBox=\"0 0 240.823 240.823\"><path d=\"M57.633 129.007L165.93 237.268c4.752 4.74 12.451 4.74 17.215 0 4.752-4.74 4.752-12.439 0-17.179l-99.707-99.671 99.695-99.671c4.752-4.74 4.752-12.439 0-17.191-4.752-4.74-12.463-4.74-17.215 0L57.621 111.816c-4.679 4.691-4.679 12.511.012 17.191z\"\/><\/svg>\n<\/span><\/div> <div id=\"my-goods-arrived-damaged-what-should-i-do-5\" class=\"toggle-content\"><div class=\"toggle-content-inner et-clearfix\">[vc_column_text animation_delay=&#8221;0&#8243;]Nous sommes d\u00e9sol\u00e9s d&#8217;apprendre que vos marchandises n&#8217;ont pas \u00e9t\u00e9 re\u00e7ues dans l&#8217;\u00e9tat que vous attendez. Dans le cas peu probable o\u00f9 vous recevriez des marchandises endommag\u00e9es, veuillez nous contacter et nous en informer. Toutes nos marchandises sont v\u00e9rifi\u00e9es et emball\u00e9es soigneusement avant d&#8217;\u00eatre envoy\u00e9es, mais nous savons que des accidents peuvent se produire et qu&#8217;il est possible que quelque chose se produise pendant le transport. Nous pouvons vous demander de prendre des photos, la meilleure chose \u00e0 faire serait donc de nous envoyer un e-mail avec celles-ci et les d\u00e9tails de votre commande, y compris le num\u00e9ro de commande. Une fois que vous avez envoy\u00e9 ce message, vous pouvez nous appeler et nous pourrons organiser la r\u00e9cup\u00e9ration de l&#8217;article et vous envoyer un remplacement le plus rapidement possible.[\/vc_column_text]<\/div> <\/div><div class=\"toggle-title et-clearfix\">Il manque un article dans ma commande.<span class=\"toggle-ind\"><svg xmlns=\"http:\/\/www.w3.org\/2000\/svg\" viewBox=\"0 0 240.823 240.823\"><path d=\"M57.633 129.007L165.93 237.268c4.752 4.74 12.451 4.74 17.215 0 4.752-4.74 4.752-12.439 0-17.179l-99.707-99.671 99.695-99.671c4.752-4.74 4.752-12.439 0-17.191-4.752-4.74-12.463-4.74-17.215 0L57.621 111.816c-4.679 4.691-4.679 12.511.012 17.191z\"\/><\/svg>\n<\/span><\/div> <div id=\"il-manque-un-article-dans-ma-commande-6\" class=\"toggle-content\"><div class=\"toggle-content-inner et-clearfix\">[vc_column_text animation_delay=&#8221;0&#8243;]S&#8217;il vous manque un article que vous attendiez avec le reste de votre commande, n&#8217;h\u00e9sitez pas \u00e0 nous appeler et nous pourrons enqu\u00eater pour vous. Il se peut que les articles aient \u00e9t\u00e9 envoy\u00e9s individuellement, mais nous examinerons ce probl\u00e8me imm\u00e9diatement et vous conseillerons. Si un article manque, il est \u00e9galement possible qu&#8217;il soit en rupture de stock. Dans ce cas pr\u00e9cis, nous aurions tent\u00e9 de vous contacter pour vous en informer. Vous pouvez \u00e9galement consulter vos e-mails au cas o\u00f9 vous auriez manqu\u00e9 notre appel et nous vous avons envoy\u00e9 un e-mail pour vous informer. Nous nous efforcerons de r\u00e9soudre ce probl\u00e8me le plus rapidement possible.[\/vc_column_text]<\/div> <\/div><div class=\"toggle-title et-clearfix\">Comment retourner une commande ?<span class=\"toggle-ind\"><svg xmlns=\"http:\/\/www.w3.org\/2000\/svg\" viewBox=\"0 0 240.823 240.823\"><path d=\"M57.633 129.007L165.93 237.268c4.752 4.74 12.451 4.74 17.215 0 4.752-4.74 4.752-12.439 0-17.179l-99.707-99.671 99.695-99.671c4.752-4.74 4.752-12.439 0-17.191-4.752-4.74-12.463-4.74-17.215 0L57.621 111.816c-4.679 4.691-4.679 12.511.012 17.191z\"\/><\/svg>\n<\/span><\/div> <div id=\"comment-retourner-une-commande-7\" class=\"toggle-content\"><div class=\"toggle-content-inner et-clearfix\">[vc_column_text animation_delay=&#8221;0&#8243;]Vous pouvez nous retourner votre commande \u00e0 l&#8217;adresse de notre entreprise dans un d\u00e9lai de 14 jours ouvrables. Veuillez vous assurer que les articles sont retourn\u00e9s dans le m\u00eame emballage, s&#8217;ils sont livr\u00e9s dans une bo\u00eete de marque ou un sac scell\u00e9, etc. et qu&#8217;ils sont emball\u00e9s en toute s\u00e9curit\u00e9 pour garantir qu&#8217;ils reviennent en toute s\u00e9curit\u00e9 de notre c\u00f4t\u00e9. Une fois que nous aurons re\u00e7u votre article et v\u00e9rifi\u00e9 qu&#8217;il est dans un \u00e9tat vendable, nous vous rembourserons int\u00e9gralement la valeur du produit sur votre compte.[\/vc_column_text]<\/div> <\/div><div class=\"toggle-title et-clearfix\">Ma commande n&#039;est pas arriv\u00e9e, aidez-moi s&#039;il vous pla\u00eet ?<span class=\"toggle-ind\"><svg xmlns=\"http:\/\/www.w3.org\/2000\/svg\" viewBox=\"0 0 240.823 240.823\"><path d=\"M57.633 129.007L165.93 237.268c4.752 4.74 12.451 4.74 17.215 0 4.752-4.74 4.752-12.439 0-17.179l-99.707-99.671 99.695-99.671c4.752-4.74 4.752-12.439 0-17.191-4.752-4.74-12.463-4.74-17.215 0L57.621 111.816c-4.679 4.691-4.679 12.511.012 17.191z\"\/><\/svg>\n<\/span><\/div> <div id=\"ma-commande-nest-pas-arrivee-aidez-moi-sil-vous-plait-8\" class=\"toggle-content\"><div class=\"toggle-content-inner et-clearfix\">[vc_column_text animation_delay=&#8221;0&#8243;]Veuillez v\u00e9rifier votre confirmation de commande pour vous assurer que vous attendez l&#8217;article avant de nous contacter. Il ne faut jamais oublier que si vous passez la commande , entre 1h et 24 heures apres vous pouvez appeler ou ecris un mail et demande si la commande est bien confirm\u00e9. Assurez-vous \u00e9galement de garder votre t\u00e9l\u00e9phone \u00e0 port\u00e9e de main, car il est possible qu&#8217;un conseiller vous contacte pour vous confirmer , veuillez suivre ces instructions plus d\u00e9taill\u00e9es pour votre confirmation de commande afin qu&#8217;il vous le jour eexacte de votre livraison selon le choix de livaison choisir (<strong>Livraison gratuite et Prenium<\/strong>) .<\/p>\n<p>N&#8217;h\u00e9sitez pas \u00e0 nous appeler pour la confirmation de votre commande ou de retard de livraison et nous pourrons enqu\u00eater s&#8217;il y a une raison au retard. Consultez nos coordonn\u00e9es pour conna\u00eetre le num\u00e9ro de t\u00e9l\u00e9phone et les heures d&#8217;ouverture.[\/vc_column_text]<\/div> <\/div><\/div><\/div><span class=\"et-gap et-clearfix et-gap-229244\"><\/span><div id=\"et-icon-box-892113\" class=\"et-icon-box vci icon-position-left icon-alignment-left animation-none small no-content\" data-effect=\"none\"><div class=\"et-icon-box-inner et-clearfix small\"><div class=\"et-icon small\"><svg xmlns=\"http:\/\/www.w3.org\/2000\/svg\" viewBox=\"0 0 396.539 396.539\"><path d=\"M264.114 170.801a3.995 3.995 0 00-1.639-3.283L115.17 59.814a4.002 4.002 0 00-4.635-.062l-66.141 45.693a4.005 4.005 0 00-1.727 3.291c0 1.313.646 2.544 1.727 3.291L195.996 216.76a3.992 3.992 0 004.546 0l61.844-42.725a3.985 3.985 0 001.728-3.234zM361.13 128.798a4.009 4.009 0 00-4.134.251L208.377 231.727a4.003 4.003 0 00-1.727 3.291v157.521c0 1.486.826 2.853 2.143 3.541a3.992 3.992 0 004.13-.25l148.619-102.676a4.001 4.001 0 001.727-3.291V132.34a3.996 3.996 0 00-2.139-3.542zM188.164 231.727L39.543 129.05a4 4 0 00-6.274 3.291v157.522c0 1.313.646 2.544 1.727 3.291L183.615 395.83a4.006 4.006 0 004.132.25 3.997 3.997 0 002.141-3.541V235.018a3.989 3.989 0 00-1.724-3.291zM133.998 50.003l147.307 107.703a3.992 3.992 0 004.633.062l66.207-45.742a3.998 3.998 0 000-6.582L200.543.708a4 4 0 00-4.546 0l-61.912 42.775a4 4 0 00-.087 6.52z\"><\/path><\/svg> <\/div><div class=\"et-icon-content\"><h6 class=\"et-icon-box-title\">Aide produit<\/h6><\/div><\/div><\/div><span class=\"et-gap et-clearfix et-gap-25681\"><\/span><div class=\"et-accordion-wrapper\"><div id=\"et-accordion-345375\" class=\"et-accordion et-clearfix collapsible-false\"><div class=\"toggle-title et-clearfix\">I am new to DIY and not sure which tool I need?<span class=\"toggle-ind\"><svg xmlns=\"http:\/\/www.w3.org\/2000\/svg\" viewBox=\"0 0 240.823 240.823\"><path d=\"M57.633 129.007L165.93 237.268c4.752 4.74 12.451 4.74 17.215 0 4.752-4.74 4.752-12.439 0-17.179l-99.707-99.671 99.695-99.671c4.752-4.74 4.752-12.439 0-17.191-4.752-4.74-12.463-4.74-17.215 0L57.621 111.816c-4.679 4.691-4.679 12.511.012 17.191z\"\/><\/svg>\n<\/span><\/div> <div id=\"i-am-new-to-diy-and-not-sure-which-tool-i-need-9\" class=\"toggle-content\"><div class=\"toggle-content-inner et-clearfix\">[vc_column_text animation_delay=&#8221;0&#8243;]Si vous avez besoin de plus d&#8217;informations sur les outils que vous consultez, nous avons cr\u00e9\u00e9 une page d&#8217;informations sur le produit avec une description de plusieurs de nos outils. Jetez un \u0153il ici. Si vous ne trouvez pas l&#8217;outil dont vous avez besoin, n&#8217;h\u00e9sitez pas \u00e0 nous envoyer un message directement depuis cette page et nous vous r\u00e9pondrons dans les plus brefs d\u00e9lais.[\/vc_column_text]<\/div> <\/div><div class=\"toggle-title et-clearfix\">Comment puis-je savoir si le produit convient au travail ?<span class=\"toggle-ind\"><svg xmlns=\"http:\/\/www.w3.org\/2000\/svg\" viewBox=\"0 0 240.823 240.823\"><path d=\"M57.633 129.007L165.93 237.268c4.752 4.74 12.451 4.74 17.215 0 4.752-4.74 4.752-12.439 0-17.179l-99.707-99.671 99.695-99.671c4.752-4.74 4.752-12.439 0-17.191-4.752-4.74-12.463-4.74-17.215 0L57.621 111.816c-4.679 4.691-4.679 12.511.012 17.191z\"\/><\/svg>\n<\/span><\/div> <div id=\"comment-puis-je-savoir-si-le-produit-convient-au-travail-10\" class=\"toggle-content\"><div class=\"toggle-content-inner et-clearfix\">[vc_column_text animation_delay=&#8221;0&#8243;]Nous avons beaucoup de connaissances dans le secteur et avons utilis\u00e9 nous-m\u00eames de nombreux outils, mais notre gamme est si vaste que nous ne pouvons pas \u00eatre experts sur chaque outil\u00a0! (Autant que nous aimerions le faire !) Nous recueillons des avis sur les produits, et il est probable qu&#8217;un commer\u00e7ant partageant les m\u00eames id\u00e9es et que des clients aient d\u00e9j\u00e0 achet\u00e9 l&#8217;article. Il peut donc vous \u00eatre utile de lire rapidement et de voir ce qu&#8217;ils ont dit ainsi sur la description du produit . Vous pouvez ecrire aussi au Chat pour demander plus d&#8217;informations sur le produit. Nous aimons recevoir des avis, car beaucoup de nos utilisateurs proposent des conseils tr\u00e8s utiles. Quand passez-vous votre commande, assurez-vous \u00e9galement de nous laisser un avis honn\u00eate\u00a0![\/vc_column_text]<\/div> <\/div><div class=\"toggle-title et-clearfix\">Quelle garantie ai-je avec ma commande ?<span class=\"toggle-ind\"><svg xmlns=\"http:\/\/www.w3.org\/2000\/svg\" viewBox=\"0 0 240.823 240.823\"><path d=\"M57.633 129.007L165.93 237.268c4.752 4.74 12.451 4.74 17.215 0 4.752-4.74 4.752-12.439 0-17.179l-99.707-99.671 99.695-99.671c4.752-4.74 4.752-12.439 0-17.191-4.752-4.74-12.463-4.74-17.215 0L57.621 111.816c-4.679 4.691-4.679 12.511.012 17.191z\"\/><\/svg>\n<\/span><\/div> <div id=\"quelle-garantie-ai-je-avec-ma-commande-11\" class=\"toggle-content\"><div class=\"toggle-content-inner et-clearfix\">[vc_column_text animation_delay=&#8221;0&#8243;]Tous nos articles ont une garantie entre 2 ans \u00e0 5ans en savoir plus sur la description du produit correspondante .<\/p>\n<p>Au cour de la garantie si le produit en question \u00e0 un probleme mecanique ou electronique , veuillez nous envoyer un mail afin qu&#8217;on puisse proc\u00e9der \u00e0 la r\u00e9paration ou le changement du produit en questions.<\/p>\n<p>&nbsp;[\/vc_column_text]<\/div> <\/div><div class=\"toggle-title et-clearfix\">Vendez-vous des cartes cadeaux ?<span class=\"toggle-ind\"><svg xmlns=\"http:\/\/www.w3.org\/2000\/svg\" viewBox=\"0 0 240.823 240.823\"><path d=\"M57.633 129.007L165.93 237.268c4.752 4.74 12.451 4.74 17.215 0 4.752-4.74 4.752-12.439 0-17.179l-99.707-99.671 99.695-99.671c4.752-4.74 4.752-12.439 0-17.191-4.752-4.74-12.463-4.74-17.215 0L57.621 111.816c-4.679 4.691-4.679 12.511.012 17.191z\"\/><\/svg>\n<\/span><\/div> <div id=\"vendez-vous-des-cartes-cadeaux-12\" class=\"toggle-content\"><div class=\"toggle-content-inner et-clearfix\">[vc_column_text animation_delay=&#8221;0&#8243;]Nous disposons pas de Gift Cards actuellement, mais nous offrons des codes PROMO , et plusieur de r\u00e9duction sur les commandes.[\/vc_column_text]<\/div> <\/div><\/div><\/div>[\/vc_column][\/vc_row]<\/p>\n<\/section>","protected":false},"excerpt":{"rendered":"<p>[vc_row element_id=&#8221;296214&#8243; css=&#8221;.vc_custom_1618839550177{padding-bottom: 48px !important;}&#8221;][vc_column animation_delay=&#8221;0&#8243; element_id=&#8221;543398&#8243; crp=&#8221;374:i:i,375-767:i:i,768-1023:i:i,1024-1279:i:i,1280-1599:i:i,1600-1919:i:i&#8221;][\/vc_column][vc_column animation_delay=&#8221;0&#8243; element_id=&#8221;530189&#8243; crp=&#8221;374:i:i,375-767:i:i,768-1023:i:i,1024-1279:i:i,1280-1599:i:i,1600-1919:i:i&#8221;][\/vc_column][vc_column animation_delay=&#8221;0&#8243; element_id=&#8221;848644&#8243; crp=&#8221;374:i:i,375-767:i:i,768-1023:i:i,1024-1279:i:i,1280-1599:i:i,1600-1919:i:i&#8221;][\/vc_column][\/vc_row]<\/p>\n","protected":false},"author":1,"featured_media":0,"parent":0,"menu_order":0,"comment_status":"closed","ping_status":"closed","template":"page-vc.php","meta":{"footnotes":""},"class_list":["post-2938","page","type-page","status-publish","hentry"],"_links":{"self":[{"href":"https:\/\/agro-jardin-brico.com\/index.php?rest_route=\/wp\/v2\/pages\/2938","targetHints":{"allow":["GET"]}}],"collection":[{"href":"https:\/\/agro-jardin-brico.com\/index.php?rest_route=\/wp\/v2\/pages"}],"about":[{"href":"https:\/\/agro-jardin-brico.com\/index.php?rest_route=\/wp\/v2\/types\/page"}],"author":[{"embeddable":true,"href":"https:\/\/agro-jardin-brico.com\/index.php?rest_route=\/wp\/v2\/users\/1"}],"replies":[{"embeddable":true,"href":"https:\/\/agro-jardin-brico.com\/index.php?rest_route=%2Fwp%2Fv2%2Fcomments&post=2938"}],"version-history":[{"count":4,"href":"https:\/\/agro-jardin-brico.com\/index.php?rest_route=\/wp\/v2\/pages\/2938\/revisions"}],"predecessor-version":[{"id":4715,"href":"https:\/\/agro-jardin-brico.com\/index.php?rest_route=\/wp\/v2\/pages\/2938\/revisions\/4715"}],"wp:attachment":[{"href":"https:\/\/agro-jardin-brico.com\/index.php?rest_route=%2Fwp%2Fv2%2Fmedia&parent=2938"}],"curies":[{"name":"wp","href":"https:\/\/api.w.org\/{rel}","templated":true}]}}