{"id":2936,"date":"2021-04-17T13:13:37","date_gmt":"2021-04-17T11:13:37","guid":{"rendered":"https:\/\/agro-jardin-brico.com\/?page_id=2936"},"modified":"2023-08-30T12:43:52","modified_gmt":"2023-08-30T10:43:52","slug":"a-propos","status":"publish","type":"page","link":"https:\/\/agro-jardin-brico.com\/?page_id=2936","title":{"rendered":"A propos"},"content":{"rendered":"<section class=\"wpb-content-wrapper\"><p>[vc_row gap=&#8221;40&#8243; equal_height=&#8221;yes&#8221; content_placement=&#8221;middle&#8221; element_id=&#8221;380969&#8243; css=&#8221;.vc_custom_1618756602358{padding-bottom: 48px !important;}&#8221;][vc_column animation_delay=&#8221;0&#8243; element_id=&#8221;975007&#8243; offset=&#8221;vc_col-lg-6 vc_col-md-6 vc_col-xs-12&#8243; crp=&#8221;374:i:i,375-767:i:i,768-1023:i:i,1024-1279:i:i,1280-1599:i:i,1600-1919:i:i&#8221;]<div id=\"et-image-123828\" style=\"width:1200px;max-height:800px;\" class=\"et-image aligncenter border-radius-true animate-true\" data-animation=\"curtain-left\" data-delay=\"0\"><div style=\"max-width:1200px;max-height:800px;\" class=\"lazy-inline-image\"><img loading=\"lazy\" decoding=\"async\" class=\"lazy\" src=\"data:image\/gif;base64,R0lGODlhAQABAIAAAP\/\/\/wAAACH5BAEAAAAALAAAAAABAAEAAAICRAEAOw==\" width=\"1200\" height=\"800\" data-src=\"https:\/\/agro-jardin-brico.com\/wp-content\/uploads\/company-4.jpg\" alt=\"Agro-Jardin-Brico\" \/><svg class=\"media-placeholder\" viewBox=\"0 0 1200 800\"><path d=\"M0,0H1200V800H0V0Z\" \/><\/svg><svg class=\"placeholder\" viewBox=\"0 0 20 4\"><circle cx=\"2\" cy=\"2\" r=\"2\" \/><circle cx=\"10\" cy=\"2\" r=\"2\" \/><circle cx=\"18\" cy=\"2\" r=\"2\" \/><\/svg><\/div><div class=\"curtain\"><\/div><\/div>[\/vc_column][vc_column animation_delay=&#8221;0&#8243; element_id=&#8221;187987&#8243; offset=&#8221;vc_col-lg-6 vc_col-md-6 vc_col-xs-12&#8243; crp=&#8221;374:i:0,375-767:i:0,768-1023:i:0,1024-1279:i:0,1280-1599:i:i,1600-1919:i:i&#8221; css=&#8221;.vc_custom_1620369539527{padding-right: 72px !important;background-image: url(https:\/\/agro-jardin-brico.com\/wp-content\/uploads\/white_map.jpg?id=3501) !important;background-position: 0 0 !important;background-repeat: no-repeat !important;}&#8221;]<span class=\"et-gap et-clearfix et-gap-353896 hide1024\"><\/span><div id=\"et-stagger-box-1\" class=\"et-stagger-box et-stagger-box-1\" data-delay=\"0\" data-interval=\"50\" data-stagger=\"right\"><div class=\"content\"><h3 class=\"et-heading text-align-center highlight-false\" id=\"et-heading-554929\" data-374-f=\"16\" data-374-lh=\"16\" data-375-767-f=\"16\" data-375-767-lh=\"16\"><span class=\"text-wrapper\"><span class=\"text\">AGRO JARDIN BRICO<\/span><span class=\"curtain\"><\/span><\/span><\/h3><h3 class=\"et-heading text-align-left highlight-false\" id=\"et-heading-18251\" data-374-f=\"24\" data-374-lh=\"30\" data-375-767-f=\"28\" data-375-767-lh=\"34\"><span class=\"text-wrapper\"><span class=\"text\">Nous sommes Agro Jardin Brico, une vaste entreprise d&#8217;\u00e9quipement avec une fi\u00e8re histoire.<\/span><span class=\"curtain\"><\/span><\/span><\/h3><span class=\"et-gap et-clearfix et-gap-689271 hide767\"><\/span><p class=\"et-heading text-align-left highlight-false\" id=\"et-heading-557399\" data-374-f=\"17\" data-374-lh=\"26\" data-375-767-f=\"18\" data-375-767-lh=\"26\" data-1024-1279-f=\"18\" data-1024-1279-lh=\"26\"><span class=\"text-wrapper\"><span class=\"text\">R\u00e9volutionner l&#8217;industrie des accessoires d&#8217;outils en mettant l&#8217;accent sur l&#8217;innovation, l&#8217;inspiration et un service in\u00e9gal\u00e9. Agro Jardin Brico offre une exp\u00e9rience immersive et engageante aux passionn\u00e9s. Chez Agro Jardin Brico, vous trouverez tout dans le domaine des machines de jardin et des outils de jardin. Mais nous disposons \u00e9galement des machines agricoles de b\u00e2timent\/industrie etc.<br \/>\n<\/span><span class=\"curtain\"><\/span><\/span><\/p><\/div><\/div>[\/vc_column][\/vc_row][vc_row element_id=&#8221;522183&#8243; css=&#8221;.vc_custom_1620370693251{padding-top: 48px !important;padding-bottom: 48px !important;background: #e0f1fb url(https:\/\/agro-jardin-brico.com\/wp-content\/uploads\/row_back_main.jpg?id=3751) !important;background-position: 0 0 !important;background-repeat: no-repeat !important;}&#8221; el_class=&#8221;background-position-center-center&#8221;][vc_column animation_delay=&#8221;0&#8243; width=&#8221;1\/4&#8243; element_id=&#8221;515064&#8243; offset=&#8221;vc_col-xs-6&#8243; crp=&#8221;374:i:i,375-767:i:i,768-1023:i:i,1024-1279:i:i,1280-1599:i:i,1600-1919:i:i&#8221;]<div id=\"et-counter-176142\" class=\"et-counter center icon\" data-value=\"200\" data-delay=\"\"><div class=\"et-counter-inner\"><div class=\"counter-icon et-icon size-large\"><svg xmlns=\"http:\/\/www.w3.org\/2000\/svg\" viewBox=\"0 0 64 64\"><path d=\"M24.38 8.114C13.25 11.38 5.469 21.399 5.042 33h20.893zM57 56c0 1.654-1.346 3-3 3H38a.997.997 0 01-.707-.293L32 53.414l-5.293 5.293A.997.997 0 0126 59H12c-1.654 0-3-1.346-3-3V43H7v13c0 2.757 2.243 5 5 5h14.586l4.707-4.707a.999.999 0 011.414 0L37.414 61H54c2.757 0 5-2.243 5-5V43h-2zM36.061 33l1.875-30H26.064l1.875 30zM39.62 8.114L38.064 33h20.893C58.531 21.399 50.75 11.38 39.62 8.114z\"><\/path><path d=\"M54 57c.551 0 1-.448 1-1V43h-8.382l-7 14h2.764l4.724-9.447 1.789.895L44.618 57zM14.618 57h2.764l4.724-9.447 1.789.895L19.618 57h5.968l5.707-5.707a.999.999 0 011.414 0l5.019 5.019L44.382 43H21.618zM3 35h58v6H3zM11 56c0 .552.449 1 1 1h.382l7-14H11z\"><\/path><\/svg> <\/div><div class=\"counter-content\"><div class=\"counter-value in\"><span class=\"counter\">0<\/span><span class=\"postfix\">+<\/span><\/div><h4 class=\"counter-title in\">New employees<\/h4><\/div><\/div><\/div><span class=\"et-gap et-clearfix et-gap-431548 hide768\"><\/span>[\/vc_column][vc_column animation_delay=&#8221;0&#8243; width=&#8221;1\/4&#8243; element_id=&#8221;488007&#8243; offset=&#8221;vc_col-xs-6&#8243; crp=&#8221;374:i:i,375-767:i:i,768-1023:i:i,1024-1279:i:i,1280-1599:i:i,1600-1919:i:i&#8221;]<div id=\"et-counter-678525\" class=\"et-counter center icon\" data-value=\"875\" data-delay=\"\"><div class=\"et-counter-inner\"><div class=\"counter-icon et-icon size-large\"><svg xmlns=\"http:\/\/www.w3.org\/2000\/svg\" viewBox=\"0 0 396.539 396.539\"><path d=\"M264.114 170.801a3.995 3.995 0 00-1.639-3.283L115.17 59.814a4.002 4.002 0 00-4.635-.062l-66.141 45.693a4.005 4.005 0 00-1.727 3.291c0 1.313.646 2.544 1.727 3.291L195.996 216.76a3.992 3.992 0 004.546 0l61.844-42.725a3.985 3.985 0 001.728-3.234zM361.13 128.798a4.009 4.009 0 00-4.134.251L208.377 231.727a4.003 4.003 0 00-1.727 3.291v157.521c0 1.486.826 2.853 2.143 3.541a3.992 3.992 0 004.13-.25l148.619-102.676a4.001 4.001 0 001.727-3.291V132.34a3.996 3.996 0 00-2.139-3.542zM188.164 231.727L39.543 129.05a4 4 0 00-6.274 3.291v157.522c0 1.313.646 2.544 1.727 3.291L183.615 395.83a4.006 4.006 0 004.132.25 3.997 3.997 0 002.141-3.541V235.018a3.989 3.989 0 00-1.724-3.291zM133.998 50.003l147.307 107.703a3.992 3.992 0 004.633.062l66.207-45.742a3.998 3.998 0 000-6.582L200.543.708a4 4 0 00-4.546 0l-61.912 42.775a4 4 0 00-.087 6.52z\"><\/path><\/svg> <\/div><div class=\"counter-content\"><div class=\"counter-value in\"><span class=\"counter\">0<\/span><span class=\"postfix\">k<\/span><\/div><h4 class=\"counter-title in\">Items sold<\/h4><\/div><\/div><\/div><span class=\"et-gap et-clearfix et-gap-431548 hide768\"><\/span>[\/vc_column][vc_column animation_delay=&#8221;0&#8243; width=&#8221;1\/4&#8243; element_id=&#8221;91581&#8243; offset=&#8221;vc_col-xs-6&#8243; crp=&#8221;374:i:i,375-767:i:i,768-1023:i:i,1024-1279:i:i,1280-1599:i:i,1600-1919:i:i&#8221;]<div id=\"et-counter-166065\" class=\"et-counter center icon\" data-value=\"18\" data-delay=\"\"><div class=\"et-counter-inner\"><div class=\"counter-icon et-icon size-large\"><svg xmlns=\"http:\/\/www.w3.org\/2000\/svg\" viewBox=\"0 0 512 512\"><path d=\"M426.416 110.28c-36.933-38.204-84.733-62.497-136.609-69.887l14.786-14.786c5.858-5.858 5.858-15.355 0-21.213-5.857-5.857-15.355-5.857-21.213 0L245.393 42.38c-5.858 5.857-5.858 15.355 0 21.213l37.986 37.986c2.929 2.929 6.768 4.394 10.606 4.394s7.678-1.465 10.606-4.394c5.858-5.857 5.858-15.355 0-21.213l-8.495-8.495c41.213 8.065 79.012 28.499 108.749 59.259 37.505 38.796 58.16 89.888 58.16 143.863C463.007 389.137 370.143 482 256 482S48.993 389.137 48.993 274.994c0-43.555 13.367-85.219 38.657-120.487 24.765-34.537 58.905-60.308 98.732-74.526 7.802-2.786 11.868-11.368 9.083-19.171-2.785-7.802-11.369-11.868-19.171-9.083-45.603 16.281-84.686 45.777-113.025 85.298-28.966 40.396-44.276 88.105-44.276 137.97 0 63.307 24.653 122.824 69.418 167.589C133.176 487.346 192.693 512 256 512s122.824-24.653 167.589-69.417c44.765-44.765 69.418-104.282 69.418-167.589 0-61.798-23.65-120.295-66.591-164.714z\"><\/path><path d=\"M101.884 274.994c0 84.979 69.136 154.115 154.116 154.115 84.979 0 154.115-69.136 154.115-154.115S340.979 120.877 256 120.877c-84.981 0-154.116 69.137-154.116 154.117zm163.324 13.351c-21.592-7.633-34.102-13.649-43.178-20.768-11.17-8.761-16.283-23.892-13.345-39.487 3.188-16.918 14.986-30.386 30.791-35.147.219-.066.434-.119.652-.183v-6.04c0-8.284 6.716-15 15-15s15 6.716 15 15v5.085c10.473 2.453 17.783 7.24 20.738 9.449 6.635 4.961 7.993 14.36 3.033 20.996-4.961 6.636-14.358 7.992-20.996 3.033-3.176-2.374-11.942-7.482-24.774-3.616-7.581 2.284-9.542 9.745-9.963 11.978-.831 4.41.124 8.561 2.377 10.327 7.847 6.153 21.925 11.586 34.662 16.088 23.3 8.236 36.256 29.821 32.24 53.71-1.972 11.729-7.872 22.612-16.616 30.646-6.013 5.524-13.02 9.452-20.701 11.668v7.182c0 8.284-6.716 15-15 15s-15-6.716-15-15v-5.707c-9.979-1.173-18.306-4.246-29.505-11.572-6.933-4.535-8.876-13.832-4.341-20.765 4.535-6.934 13.833-8.876 20.765-4.341 10.383 6.793 14.309 7.417 27.981 7.322 13.461-.09 21.271-10.123 22.832-19.407.764-4.534 1.057-15.605-12.652-20.451z\"><\/path><\/svg> <\/div><div class=\"counter-content\"><div class=\"counter-value in\"><span class=\"counter\">0<\/span><span class=\"postfix\">%<\/span><\/div><h4 class=\"counter-title in\">Market increase<\/h4><\/div><\/div><\/div>[\/vc_column][vc_column animation_delay=&#8221;0&#8243; width=&#8221;1\/4&#8243; element_id=&#8221;934262&#8243; offset=&#8221;vc_col-xs-6&#8243; crp=&#8221;374:i:i,375-767:i:i,768-1023:i:i,1024-1279:i:i,1280-1599:i:i,1600-1919:i:i&#8221;]<div id=\"et-counter-302959\" class=\"et-counter center icon\" data-value=\"512\" data-delay=\"\"><div class=\"et-counter-inner\"><div class=\"counter-icon et-icon size-large\"><svg xmlns=\"http:\/\/www.w3.org\/2000\/svg\" viewBox=\"0 0 510 510\"><path d=\"M30 0v70.132c0 59.686 35.926 112.847 90.417 135.419a135.07 135.07 0 0045.568 90.938c14.578 12.793 24.234 29.942 27.642 48.511h122.746c3.407-18.569 13.064-35.718 27.641-48.511a135.072 135.072 0 0045.569-90.938C444.074 182.979 480 129.818 480 70.132V0H30zm30 70.132V30h60v142.08A116.447 116.447 0 0160 70.132zm232.641 100.48l8.887 51.808L255 197.96l-46.527 24.46 8.886-51.808-37.641-36.691 52.018-7.559L255 79.226l23.264 47.136 52.018 7.559zM450 70.132c0 42.97-23.42 81.675-60 101.948V30h60zM150 375h210v45H150zM390 450H120v30H90v30h330v-30h-30z\"><\/path><path d=\"M258.342 153.782L255 147.011l-3.342 6.771-7.472 1.086 5.408 5.27-1.278 7.442 6.684-3.514 6.684 3.514-1.278-7.442 5.408-5.27z\"><\/path><\/svg> <\/div><div class=\"counter-content\"><div class=\"counter-value in\"><span class=\"counter\">0<\/span><\/div><h4 class=\"counter-title in\">Brands<\/h4><\/div><\/div><\/div>[\/vc_column][\/vc_row][vc_row gap=&#8221;40&#8243; equal_height=&#8221;yes&#8221; content_placement=&#8221;middle&#8221; element_id=&#8221;142976&#8243; css=&#8221;.vc_custom_1620370905705{padding-top: 48px !important;padding-bottom: 48px !important;}&#8221;][vc_column animation_delay=&#8221;0&#8243; element_id=&#8221;290266&#8243; offset=&#8221;vc_col-lg-6 vc_col-md-12 vc_col-xs-12&#8243; crp=&#8221;374:i:i,375-767:i:i,768-1023:i:i,1024-1279:i:i,1280-1599:i:i,1600-1919:i:i&#8221;]<h3 class=\"et-heading text-align-left highlight-false\" id=\"et-heading-616959\" data-374-f=\"24\" data-374-lh=\"30\" data-375-767-f=\"28\" data-375-767-lh=\"34\"><span class=\"text-wrapper\"><span class=\"text\">What Makes Us, Us?<\/span><span class=\"curtain\"><\/span><\/span><\/h3><span class=\"et-gap et-clearfix et-gap-689271 hide767\"><\/span>[vc_column_text animation_delay=&#8221;0&#8243;]Dans les coulisses, <strong>Agro Jardin Brico<\/strong> est une famille de buveurs de th\u00e9 et de fanatiques d\u2019outils.<\/p>\n<p>Si une nouvelle machine arrive sur le march\u00e9, nous en sommes inform\u00e9s et nous nous effor\u00e7ons de la proposer ici au prix le plus bas. Non seulement nous recherchons la meilleure solution, mais nous sommes fiers de proposer une gamme aussi \u00e9tendue d\u2019outils et d\u2019accessoires en ligne. Il y a plus de 25 000 produits sur notre site Web \u00e0 ce jour et nous ne cessons de cro\u00eetre\u00a0!<\/p>\n<p>Vous trouverez tout et n&#8217;importe quoi, des Tondeuses,tron\u00e7onneuses, broyeurs,Tracteurs agricoles, Micro-tracteurs, perceuses \u00e9lectriques aux consommables de nettoyage, mais chaque commande est importante pour nous, et quelle que soit sa taille, nous offrons un service sans \u00e9gal.[\/vc_column_text]<span class=\"et-gap et-clearfix et-gap-428290 hide1280\"><\/span>[\/vc_column][vc_column animation_delay=&#8221;0&#8243; css_animation=&#8221;fadeIn&#8221; element_id=&#8221;245753&#8243; crp=&#8221;374:i:i,375-767:i:i,768-1023:i:i,1024-1279:i:i,1280-1599:i:i,1600-1919:i:i&#8221; offset=&#8221;vc_col-lg-6 vc_col-md-12 vc_col-xs-12&#8243;]<div id=\"et-video-1\" class=\"et-video post-video post-media\"><div class=\"image-container\"><img loading=\"lazy\" decoding=\"async\" class=\"lazy\" alt=\"Agro-Jardin-Brico\" src=\"https:\/\/agro-jardin-brico.com\/wp-content\/themes\/equipo\/images\/icons\/image_placeholder.svg\" width=\"930\" height=\"620\" data-src=\"https:\/\/agro-jardin-brico.com\/wp-content\/uploads\/3812216_003-1.jpg\"   \/><svg class=\"placeholder\" viewBox=\"0 0 20 4\"><circle cx=\"2\" cy=\"2\" r=\"2\" \/><circle cx=\"10\" cy=\"2\" r=\"2\" \/><circle cx=\"18\" cy=\"2\" r=\"2\" \/><\/svg><a href=\"#\" class=\"video-btn\"><svg viewBox=\"0 0 512 512\"><path class=\"back\" d=\"M512,256c0,141.38-114.62,256-256,256S0,397.38,0,256,114.62,0,256,0,512,114.62,512,256Z\" \/><path class=\"play\" d=\"M346.89,261.61,205.11,350c-4.76,3-11.11-.24-11.11-5.61V167.62c0-5.37,6.35-8.57,11.11-5.61l141.78,88.38A6.61,6.61,0,0,1,346.89,261.61Z\"\/><\/svg><\/a><\/div><\/div>[\/vc_column][\/vc_row][vc_row gap=&#8221;40&#8243; equal_height=&#8221;yes&#8221; content_placement=&#8221;middle&#8221; element_id=&#8221;465281&#8243; css=&#8221;.vc_custom_1620371066367{padding-top: 48px !important;padding-bottom: 48px !important;background-color: #f5f5f5 !important;}&#8221;][vc_column animation_delay=&#8221;0&#8243; css_animation=&#8221;fadeIn&#8221; element_id=&#8221;345079&#8243; crp=&#8221;374:i:i,375-767:i:i,768-1023:i:i,1024-1279:i:i,1280-1599:i:i,1600-1919:i:i&#8221; offset=&#8221;vc_col-lg-6 vc_col-md-12 vc_col-xs-12&#8243;]<div id=\"et-gallery-1\" class=\"et-gallery grid arrows border-radius-true\" data-columns=\"2\"><div class=\"slides\"><div class=\"et-gallery-item\"><a data-gallery=\"et-gallery-1\" href=\"https:\/\/agro-jardin-brico.com\/wp-content\/uploads\/gallery1-4.jpg\"><div style=\"max-width:600px;max-height:400px;\" class=\"lazy-inline-image\"><img loading=\"lazy\" decoding=\"async\" class=\"lazy\" src=\"data:image\/gif;base64,R0lGODlhAQABAIAAAP\/\/\/wAAACH5BAEAAAAALAAAAAABAAEAAAICRAEAOw==\" width=\"600\" height=\"400\" data-src=\"https:\/\/agro-jardin-brico.com\/wp-content\/uploads\/gallery1-4.jpg\" alt=\"Agro-Jardin-Brico\" \/><svg class=\"media-placeholder\" viewBox=\"0 0 600 400\"><path d=\"M0,0H600V400H0V0Z\" \/><\/svg><svg class=\"placeholder\" viewBox=\"0 0 20 4\"><circle cx=\"2\" cy=\"2\" r=\"2\" \/><circle cx=\"10\" cy=\"2\" r=\"2\" \/><circle cx=\"18\" cy=\"2\" r=\"2\" \/><\/svg><\/div><\/a><\/div><div class=\"et-gallery-item\"><a data-gallery=\"et-gallery-1\" href=\"https:\/\/agro-jardin-brico.com\/wp-content\/uploads\/gallery3-4.jpg\"><div style=\"max-width:600px;max-height:400px;\" class=\"lazy-inline-image\"><img loading=\"lazy\" decoding=\"async\" class=\"lazy\" src=\"data:image\/gif;base64,R0lGODlhAQABAIAAAP\/\/\/wAAACH5BAEAAAAALAAAAAABAAEAAAICRAEAOw==\" width=\"600\" height=\"400\" data-src=\"https:\/\/agro-jardin-brico.com\/wp-content\/uploads\/gallery3-4.jpg\" alt=\"Agro-Jardin-Brico\" \/><svg class=\"media-placeholder\" viewBox=\"0 0 600 400\"><path d=\"M0,0H600V400H0V0Z\" \/><\/svg><svg class=\"placeholder\" viewBox=\"0 0 20 4\"><circle cx=\"2\" cy=\"2\" r=\"2\" \/><circle cx=\"10\" cy=\"2\" r=\"2\" \/><circle cx=\"18\" cy=\"2\" r=\"2\" \/><\/svg><\/div><\/a><\/div><div class=\"et-gallery-item\"><a data-gallery=\"et-gallery-1\" href=\"https:\/\/agro-jardin-brico.com\/wp-content\/uploads\/6952454_053-1.jpg\"><div style=\"max-width:600px;max-height:400px;\" class=\"lazy-inline-image\"><img loading=\"lazy\" decoding=\"async\" class=\"lazy\" src=\"data:image\/gif;base64,R0lGODlhAQABAIAAAP\/\/\/wAAACH5BAEAAAAALAAAAAABAAEAAAICRAEAOw==\" width=\"600\" height=\"400\" data-src=\"https:\/\/agro-jardin-brico.com\/wp-content\/uploads\/6952454_053-1-600x400.jpg\" alt=\"Agro-Jardin-Brico\" \/><svg class=\"media-placeholder\" viewBox=\"0 0 600 400\"><path d=\"M0,0H600V400H0V0Z\" \/><\/svg><svg class=\"placeholder\" viewBox=\"0 0 20 4\"><circle cx=\"2\" cy=\"2\" r=\"2\" \/><circle cx=\"10\" cy=\"2\" r=\"2\" \/><circle cx=\"18\" cy=\"2\" r=\"2\" \/><\/svg><\/div><\/a><\/div><div class=\"et-gallery-item\"><a data-gallery=\"et-gallery-1\" href=\"https:\/\/agro-jardin-brico.com\/wp-content\/uploads\/3812216_003-1.jpg\"><div style=\"max-width:600px;max-height:400px;\" class=\"lazy-inline-image\"><img loading=\"lazy\" decoding=\"async\" class=\"lazy\" src=\"data:image\/gif;base64,R0lGODlhAQABAIAAAP\/\/\/wAAACH5BAEAAAAALAAAAAABAAEAAAICRAEAOw==\" width=\"600\" height=\"400\" data-src=\"https:\/\/agro-jardin-brico.com\/wp-content\/uploads\/3812216_003-1-600x400.jpg\" alt=\"Agro-Jardin-Brico\" \/><svg class=\"media-placeholder\" viewBox=\"0 0 600 400\"><path d=\"M0,0H600V400H0V0Z\" \/><\/svg><svg class=\"placeholder\" viewBox=\"0 0 20 4\"><circle cx=\"2\" cy=\"2\" r=\"2\" \/><circle cx=\"10\" cy=\"2\" r=\"2\" \/><circle cx=\"18\" cy=\"2\" r=\"2\" \/><\/svg><\/div><\/a><\/div><\/div><\/div>[\/vc_column][vc_column animation_delay=&#8221;0&#8243; element_id=&#8221;15112&#8243; crp=&#8221;374:i:i,375-767:i:i,768-1023:i:i,1024-1279:i:i,1280-1599:i:i,1600-1919:i:i&#8221; offset=&#8221;vc_col-lg-6 vc_col-md-12 vc_col-xs-12&#8243;]<span class=\"et-gap et-clearfix et-gap-428290 hide1280\"><\/span><h3 class=\"et-heading text-align-left highlight-false\" id=\"et-heading-845262\" data-374-f=\"24\" data-374-lh=\"30\" data-375-767-f=\"28\" data-375-767-lh=\"34\"><span class=\"text-wrapper\"><span class=\"text\">Une plateforme d&#8217;inspiration pour les amateurs d&#8217;outils<\/span><span class=\"curtain\"><\/span><\/span><\/h3><span class=\"et-gap et-clearfix et-gap-689271 hide767\"><\/span>[vc_column_text animation_delay=&#8221;0&#8243;]Comprendre qui ach\u00e8te nos outils et ce que vous recherchez aupr\u00e8s d&#8217;un fournisseur d&#8217;outils, c&#8217;est ce qui nous tient en haleine\u00a0!<\/p>\n<p>Une grande id\u00e9e : rassembler une vaste gamme d&#8217;outils \u00e9lectriques et manuels, d&#8217;accessoires, de mat\u00e9riel, de s\u00e9curit\u00e9 et bien plus encore, sur une nouvelle plateforme en ligne.<\/p>\n<p>Offrant plus de 30 000 produits \u00e0 un pays sous un m\u00eame toit virtuel, Agro Jardin Brico est d\u00e9sormais le \u00ab guichet unique \u00bb pour de nombreux professionnels du commerce et amateurs de bricolage.<\/p>\n<p>Nous avons construit d&#8217;excellentes relations avec les meilleurs fabricants tels que Al-ko, DeWalt, Makita, Stanley, etc. pour vous proposer les meilleures offres, les plus grandes gammes et toutes les informations dont vous avez besoin pour faire un choix \u00e9clair\u00e9 lorsque vous magasinez chez nous.[\/vc_column_text][\/vc_column][\/vc_row]<\/p>\n<\/section>","protected":false},"excerpt":{"rendered":"<p>[vc_row gap=&#8221;40&#8243; equal_height=&#8221;yes&#8221; content_placement=&#8221;middle&#8221; element_id=&#8221;380969&#8243; css=&#8221;.vc_custom_1618756602358{padding-bottom: 48px !important;}&#8221;][vc_column animation_delay=&#8221;0&#8243; element_id=&#8221;975007&#8243; offset=&#8221;vc_col-lg-6 vc_col-md-6 vc_col-xs-12&#8243; crp=&#8221;374:i:i,375-767:i:i,768-1023:i:i,1024-1279:i:i,1280-1599:i:i,1600-1919:i:i&#8221;][\/vc_column][vc_column animation_delay=&#8221;0&#8243; element_id=&#8221;187987&#8243; offset=&#8221;vc_col-lg-6 vc_col-md-6 vc_col-xs-12&#8243; crp=&#8221;374:i:0,375-767:i:0,768-1023:i:0,1024-1279:i:0,1280-1599:i:i,1600-1919:i:i&#8221; css=&#8221;.vc_custom_1620369539527{padding-right: 72px !important;background-image: url(https:\/\/agro-jardin-brico.com\/wp-content\/uploads\/white_map.jpg?id=3501) !important;background-position: 0 0 !important;background-repeat: no-repeat !important;}&#8221;][\/vc_column][\/vc_row][vc_row element_id=&#8221;522183&#8243; css=&#8221;.vc_custom_1620370693251{padding-top: 48px !important;padding-bottom: 48px !important;background: #e0f1fb url(https:\/\/agro-jardin-brico.com\/wp-content\/uploads\/row_back_main.jpg?id=3751) !important;background-position: 0 0 !important;background-repeat: no-repeat !important;}&#8221; el_class=&#8221;background-position-center-center&#8221;][vc_column animation_delay=&#8221;0&#8243; width=&#8221;1\/4&#8243; element_id=&#8221;515064&#8243; offset=&#8221;vc_col-xs-6&#8243; crp=&#8221;374:i:i,375-767:i:i,768-1023:i:i,1024-1279:i:i,1280-1599:i:i,1600-1919:i:i&#8221;][\/vc_column][vc_column animation_delay=&#8221;0&#8243; width=&#8221;1\/4&#8243; element_id=&#8221;488007&#8243; offset=&#8221;vc_col-xs-6&#8243; crp=&#8221;374:i:i,375-767:i:i,768-1023:i:i,1024-1279:i:i,1280-1599:i:i,1600-1919:i:i&#8221;][\/vc_column][vc_column [&hellip;]<\/p>\n","protected":false},"author":1,"featured_media":0,"parent":0,"menu_order":0,"comment_status":"closed","ping_status":"closed","template":"page-vc.php","meta":{"footnotes":""},"class_list":["post-2936","page","type-page","status-publish","hentry"],"_links":{"self":[{"href":"https:\/\/agro-jardin-brico.com\/index.php?rest_route=\/wp\/v2\/pages\/2936","targetHints":{"allow":["GET"]}}],"collection":[{"href":"https:\/\/agro-jardin-brico.com\/index.php?rest_route=\/wp\/v2\/pages"}],"about":[{"href":"https:\/\/agro-jardin-brico.com\/index.php?rest_route=\/wp\/v2\/types\/page"}],"author":[{"embeddable":true,"href":"https:\/\/agro-jardin-brico.com\/index.php?rest_route=\/wp\/v2\/users\/1"}],"replies":[{"embeddable":true,"href":"https:\/\/agro-jardin-brico.com\/index.php?rest_route=%2Fwp%2Fv2%2Fcomments&post=2936"}],"version-history":[{"count":5,"href":"https:\/\/agro-jardin-brico.com\/index.php?rest_route=\/wp\/v2\/pages\/2936\/revisions"}],"predecessor-version":[{"id":4710,"href":"https:\/\/agro-jardin-brico.com\/index.php?rest_route=\/wp\/v2\/pages\/2936\/revisions\/4710"}],"wp:attachment":[{"href":"https:\/\/agro-jardin-brico.com\/index.php?rest_route=%2Fwp%2Fv2%2Fmedia&parent=2936"}],"curies":[{"name":"wp","href":"https:\/\/api.w.org\/{rel}","templated":true}]}}